{"id":100535,"date":"2021-01-20T20:22:49","date_gmt":"2021-01-20T20:22:49","guid":{"rendered":"https:\/\/pdirect.ca\/?post_type=product&#038;p=100535"},"modified":"2025-04-16T10:09:12","modified_gmt":"2025-04-16T14:09:12","slug":"erable-naturel-4-1-4-5-35pi2","status":"publish","type":"product","link":"https:\/\/pdirect.ca\/en\/product\/erable-naturel-4-1-4-5-35pi2\/","title":{"rendered":"\u00c9RABLE NATUREL 4 1\/4"},"content":{"rendered":"<div class=\"vc_custom_1579636858700\">\n<div id=\"text-block-15\" class=\"mk-text-block\">\n<h2>Grade Naturel<\/h2>\n<\/div>\n<\/div>\n<div class=\"vc_custom_1593176681453\">\n<div id=\"text-block-16\" class=\"mk-text-block\">\n<ul>\n<li>Toutes variations de couleurs accept\u00e9es<\/li>\n<li>Stries min\u00e9rales noires ou brunes accept\u00e9es<\/li>\n<li>Noeuds sains (ferm\u00e9s) accept\u00e9s, aucune p\u00e2te de remplissage accept\u00e9e<\/li>\n<li>Longueur minimale de 12 pouces<\/li>\n<li>Longueur moyenne de 25 \u00e0 29 pouces selon l\u2019essence et la largeur<\/li>\n<li>N\u0153uds \u00ab t\u00eates d\u2019\u00e9pingles \u00bb de 1\/16\u2033, ouverts ou non, accept\u00e9s<\/li>\n<li>CHOIX DE VERNIS A MENTIONNER LORS DE LA COMMANDE<\/li>\n<li>BOITE DE 20 PIED CARR\u00c9<\/li>\n<\/ul>\n<\/div>\n<\/div>","protected":false},"excerpt":{"rendered":"<div class=\"vc_custom_1579636858700\">\n<div id=\"text-block-15\" class=\"mk-text-block\">\n<h2>Grade Naturel<\/h2>\n<\/div>\n<\/div>\n<div class=\"vc_custom_1593176681453\">\n<div id=\"text-block-16\" class=\"mk-text-block\">\n<ul>\n<li>Toutes variations de couleurs accept\u00e9es<\/li>\n<li>Stries min\u00e9rales noires ou brunes accept\u00e9es<\/li>\n<li>Noeuds sains (ferm\u00e9s) accept\u00e9s, aucune p\u00e2te de remplissage accept\u00e9e<\/li>\n<li>Longueur minimale de 12 pouces<\/li>\n<li>Longueur moyenne de 25 \u00e0 29 pouces selon l\u2019essence et la largeur<\/li>\n<li>N\u0153uds \u00ab t\u00eates d\u2019\u00e9pingles \u00bb de 1\/16\u2033, ouverts ou non, accept\u00e9s<\/li>\n<li>CHOIX DE VERNIS A MENTIONNER LORS DE LA COMMANDE<\/li>\n<li>BOITE DE 20 PIED CARR\u00c9<\/li>\n<\/ul>\n<\/div>\n<\/div>","protected":false},"featured_media":100537,"comment_status":"open","ping_status":"closed","template":"","meta":{"rank_math_lock_modified_date":false},"product_cat":[95],"product_tag":[],"class_list":{"0":"post-100535","1":"product","2":"type-product","3":"status-publish","4":"has-post-thumbnail","6":"product_cat-bois-franc","7":"product_shipping_class-palette","9":"first","10":"instock","11":"taxable","12":"shipping-taxable","13":"purchasable","14":"product-type-simple"},"_links":{"self":[{"href":"https:\/\/pdirect.ca\/en\/wp-json\/wp\/v2\/product\/100535"}],"collection":[{"href":"https:\/\/pdirect.ca\/en\/wp-json\/wp\/v2\/product"}],"about":[{"href":"https:\/\/pdirect.ca\/en\/wp-json\/wp\/v2\/types\/product"}],"replies":[{"embeddable":true,"href":"https:\/\/pdirect.ca\/en\/wp-json\/wp\/v2\/comments?post=100535"}],"wp:featuredmedia":[{"embeddable":true,"href":"https:\/\/pdirect.ca\/en\/wp-json\/wp\/v2\/media\/100537"}],"wp:attachment":[{"href":"https:\/\/pdirect.ca\/en\/wp-json\/wp\/v2\/media?parent=100535"}],"wp:term":[{"taxonomy":"product_cat","embeddable":true,"href":"https:\/\/pdirect.ca\/en\/wp-json\/wp\/v2\/product_cat?post=100535"},{"taxonomy":"product_tag","embeddable":true,"href":"https:\/\/pdirect.ca\/en\/wp-json\/wp\/v2\/product_tag?post=100535"}],"curies":[{"name":"wp","href":"https:\/\/api.w.org\/{rel}","templated":true}]}}