{"id":100547,"date":"2021-01-21T16:16:28","date_gmt":"2021-01-21T16:16:28","guid":{"rendered":"https:\/\/pdirect.ca\/?post_type=product&#038;p=100547"},"modified":"2025-10-03T10:55:26","modified_gmt":"2025-10-03T14:55:26","slug":"merisier-3-1-4-montebello-canadien-4-75pi2","status":"publish","type":"product","link":"https:\/\/pdirect.ca\/en\/product\/merisier-3-1-4-montebello-canadien-4-75pi2\/","title":{"rendered":"MERISIER 3 1\/4 MONTEBELLO CANADIEN+"},"content":{"rendered":"<div class=\"vc_custom_1579636965543\">\n<div id=\"text-block-12\" class=\"mk-text-block\">\n<h2><span class=\"blanc\">Canadian Plus<\/span><\/h2>\n<\/div>\n<\/div>\n<div class=\"vc_custom_1593176668582\">\n<div id=\"text-block-13\" class=\"mk-text-block\">\n<ul class=\"blanc\">\n<li class=\"blanc\">50 % de planches de grade S\u00e9lect et Meilleur \u2013 50 % de grade Naturel<\/li>\n<li class=\"blanc\">Stries min\u00e9rales noires ou brunes accept\u00e9es<\/li>\n<li class=\"blanc\">N\u0153uds sains (ferm\u00e9s) accept\u00e9s, aucune p\u00e2te de remplissage accept\u00e9e<\/li>\n<li class=\"blanc\">Longueur minimale de 12 pouces<\/li>\n<li class=\"blanc\">Longueur moyenne de 32 \u00e0 36 pouces selon l\u2019essence et la largeur de la planche<\/li>\n<li class=\"blanc\">N\u0153uds \u00ab t\u00eates d\u2019\u00e9pingles \u00bb de 1\/16\u2033, ouverts ou non, accept\u00e9s<\/li>\n<li>CHOIX DE VERNIS A MENTIONNER A LA COMMANDE<\/li>\n<li>BOITE DE 20 PIED CARR\u00c9<\/li>\n<\/ul>\n<\/div>\n<\/div>","protected":false},"excerpt":{"rendered":"<div class=\"vc_custom_1579636965543\">\n<div id=\"text-block-12\" class=\"mk-text-block\">\n<h2><span class=\"blanc\">Canadian Plus<\/span><\/h2>\n<\/div>\n<\/div>\n<div class=\"vc_custom_1593176668582\">\n<div id=\"text-block-13\" class=\"mk-text-block\">\n<ul class=\"blanc\">\n<li class=\"blanc\">50 % de planches de grade S\u00e9lect et Meilleur \u2013 50 % de grade Naturel<\/li>\n<li class=\"blanc\">Stries min\u00e9rales noires ou brunes accept\u00e9es<\/li>\n<li class=\"blanc\">N\u0153uds sains (ferm\u00e9s) accept\u00e9s, aucune p\u00e2te de remplissage accept\u00e9e<\/li>\n<li class=\"blanc\">Longueur minimale de 12 pouces<\/li>\n<li class=\"blanc\">Longueur moyenne de 32 \u00e0 36 pouces selon l\u2019essence et la largeur de la planche<\/li>\n<li class=\"blanc\">N\u0153uds \u00ab t\u00eates d\u2019\u00e9pingles \u00bb de 1\/16\u2033, ouverts ou non, accept\u00e9s<\/li>\n<li>CHOIX DE VERNIS A MENTIONNER A LA COMMANDE<\/li>\n<li>BOITE DE 20 PIED CARR\u00c9<\/li>\n<\/ul>\n<\/div>\n<\/div>","protected":false},"featured_media":100548,"comment_status":"open","ping_status":"closed","template":"","meta":{"rank_math_lock_modified_date":false},"product_cat":[95],"product_tag":[],"class_list":{"0":"post-100547","1":"product","2":"type-product","3":"status-publish","4":"has-post-thumbnail","6":"product_cat-bois-franc","7":"product_shipping_class-palette","9":"first","10":"instock","11":"taxable","12":"shipping-taxable","13":"purchasable","14":"product-type-simple"},"_links":{"self":[{"href":"https:\/\/pdirect.ca\/en\/wp-json\/wp\/v2\/product\/100547"}],"collection":[{"href":"https:\/\/pdirect.ca\/en\/wp-json\/wp\/v2\/product"}],"about":[{"href":"https:\/\/pdirect.ca\/en\/wp-json\/wp\/v2\/types\/product"}],"replies":[{"embeddable":true,"href":"https:\/\/pdirect.ca\/en\/wp-json\/wp\/v2\/comments?post=100547"}],"wp:featuredmedia":[{"embeddable":true,"href":"https:\/\/pdirect.ca\/en\/wp-json\/wp\/v2\/media\/100548"}],"wp:attachment":[{"href":"https:\/\/pdirect.ca\/en\/wp-json\/wp\/v2\/media?parent=100547"}],"wp:term":[{"taxonomy":"product_cat","embeddable":true,"href":"https:\/\/pdirect.ca\/en\/wp-json\/wp\/v2\/product_cat?post=100547"},{"taxonomy":"product_tag","embeddable":true,"href":"https:\/\/pdirect.ca\/en\/wp-json\/wp\/v2\/product_tag?post=100547"}],"curies":[{"name":"wp","href":"https:\/\/api.w.org\/{rel}","templated":true}]}}