{"id":100739,"date":"2021-01-25T19:23:22","date_gmt":"2021-01-25T19:23:22","guid":{"rendered":"https:\/\/pdirect.ca\/?post_type=product&#038;p=100739"},"modified":"2025-10-03T10:53:40","modified_gmt":"2025-10-03T14:53:40","slug":"9101gf-2-99pi2","status":"publish","type":"product","link":"https:\/\/pdirect.ca\/en\/product\/9101gf-2-99pi2\/","title":{"rendered":"Goodfellow Vinyle Arctik 9101 Alta"},"content":{"rendered":"<p>(SPC) 5mm (0,3mm) x 6\u2019\u2019 X 48\u2019\u2019 incluant membrane EVA 1mm int\u00e9gr\u00e9e (HD Haute-Densit\u00e9)<\/p>\n<ul>\n<li>Installation flottante avec syst\u00e8me I4F \u00ab Drop Lock \u00bb<\/li>\n<li>Plus stable que le vinyle<\/li>\n<li>Tol\u00e8re des conditions de +60\u00b0C \u00e0 -60\u00b0C et jusqu\u2019\u00e0 60 pi. li. sans moulure de transition<\/li>\n<li>Installer \u00e0 tous les niveaux, produit r\u00e9sistant \u00e0 l\u2019eau*<\/li>\n<li>Fini synchro avec rebord peint<\/li>\n<li>Insonorisation\u00a0 STC 69 \/ IIC 70<\/li>\n<li>R\u00e9sistance \u00e9lev\u00e9e aux rayons direct du soleil<\/li>\n<li>Garantie r\u00e9sidentielle de 30 ans<\/li>\n<li>Garantie commerciale de 10 ans<\/li>\n<li>Certifi\u00e9 Floor Score<\/li>\n<li>Aucun formald\u00e9hyde et aucun phtalate<\/li>\n<li>Planchers avec variation de couleurs :\u00a09101, 9102, 9106, 9107, 9108 &amp; 9110<\/li>\n<li>BOITE DE 23.94 PIED CARR\u00c9<\/li>\n<\/ul>","protected":false},"excerpt":{"rendered":"<p>(SPC) 5mm (0,3mm) x 6\u2019\u2019 X 48\u2019\u2019 incluant membrane EVA 1mm int\u00e9gr\u00e9e (HD Haute-Densit\u00e9)<\/p>\n<ul>\n<li>Installation flottante avec syst\u00e8me I4F \u00ab Drop Lock \u00bb<\/li>\n<li>Plus stable que le vinyle<\/li>\n<li>Tol\u00e8re des conditions de +60\u00b0C \u00e0 -60\u00b0C et jusqu\u2019\u00e0 60 pi. li. sans moulure de transition<\/li>\n<li>Installer \u00e0 tous les niveaux, produit r\u00e9sistant \u00e0 l\u2019eau*<\/li>\n<li>Fini synchro avec rebord peint<\/li>\n<li>Insonorisation\u00a0 STC 69 \/ IIC 70<\/li>\n<li>R\u00e9sistance \u00e9lev\u00e9e aux rayons direct du soleil<\/li>\n<li>Garantie r\u00e9sidentielle de 30 ans<\/li>\n<li>Garantie commerciale de 10 ans<\/li>\n<li>Certifi\u00e9 Floor Score<\/li>\n<li>Aucun formald\u00e9hyde et aucun phtalate<\/li>\n<li>Planchers avec variation de couleurs :\u00a09101, 9102, 9106, 9107, 9108 &amp; 9110<\/li>\n<li>BOITE DE 23.94 PIED CARR\u00c9<\/li>\n<\/ul>","protected":false},"featured_media":100740,"comment_status":"open","ping_status":"closed","template":"","meta":{"rank_math_lock_modified_date":false},"product_cat":[141],"product_tag":[],"class_list":{"0":"post-100739","1":"product","2":"type-product","3":"status-publish","4":"has-post-thumbnail","6":"product_cat-vinyle-clic","7":"product_shipping_class-palette","9":"first","10":"instock","11":"taxable","12":"shipping-taxable","13":"purchasable","14":"product-type-simple"},"_links":{"self":[{"href":"https:\/\/pdirect.ca\/en\/wp-json\/wp\/v2\/product\/100739"}],"collection":[{"href":"https:\/\/pdirect.ca\/en\/wp-json\/wp\/v2\/product"}],"about":[{"href":"https:\/\/pdirect.ca\/en\/wp-json\/wp\/v2\/types\/product"}],"replies":[{"embeddable":true,"href":"https:\/\/pdirect.ca\/en\/wp-json\/wp\/v2\/comments?post=100739"}],"wp:featuredmedia":[{"embeddable":true,"href":"https:\/\/pdirect.ca\/en\/wp-json\/wp\/v2\/media\/100740"}],"wp:attachment":[{"href":"https:\/\/pdirect.ca\/en\/wp-json\/wp\/v2\/media?parent=100739"}],"wp:term":[{"taxonomy":"product_cat","embeddable":true,"href":"https:\/\/pdirect.ca\/en\/wp-json\/wp\/v2\/product_cat?post=100739"},{"taxonomy":"product_tag","embeddable":true,"href":"https:\/\/pdirect.ca\/en\/wp-json\/wp\/v2\/product_tag?post=100739"}],"curies":[{"name":"wp","href":"https:\/\/api.w.org\/{rel}","templated":true}]}}