{"id":101024,"date":"2021-01-29T18:05:07","date_gmt":"2021-01-29T23:05:07","guid":{"rendered":"https:\/\/pdirect.ca\/?post_type=product&#038;p=101024"},"modified":"2025-02-02T15:04:49","modified_gmt":"2025-02-02T20:04:49","slug":"bisque-2-49pi2","status":"publish","type":"product","link":"https:\/\/pdirect.ca\/en\/product\/bisque-2-49pi2\/","title":{"rendered":"Taiga Planchette De Vinyle Clic Bisque"},"content":{"rendered":"<table id=\"tablefield-0\" class=\"tablefield\">\n<tbody>\n<tr class=\"odd\">\n<td class=\"row_0 col_0\">Taille<\/td>\n<td class=\"row_0 col_1\">6&Prime; x 48&Prime;<\/td>\n<\/tr>\n<tr class=\"even\">\n<td class=\"row_1 col_0\">\u00c9paisseur<\/td>\n<td class=\"row_1 col_1\">5,2 mm (4.2mm + 1 mm IXPE Pad)<\/td>\n<\/tr>\n<tr class=\"odd\">\n<td class=\"row_2 col_0\"><strong>Couverture par bo\u00eete<\/strong><\/td>\n<td class=\"row_2 col_1\"><strong>19,7 pi2\u00a0<\/strong><\/td>\n<\/tr>\n<tr class=\"even\">\n<td class=\"row_3 col_0\">Couche d\u2019usure<\/td>\n<td class=\"row_3 col_1\">12 mil<\/td>\n<\/tr>\n<tr class=\"odd\">\n<td class=\"row_4 col_0\">Garantie r\u00e9sidentielle<\/td>\n<td class=\"row_4 col_1\">20<\/td>\n<\/tr>\n<tr class=\"even\">\n<td class=\"row_5 col_0\">Garantie commerciale l\u00e9g\u00e8re<\/td>\n<td class=\"row_5 col_1\">3<\/td>\n<\/tr>\n<tr class=\"odd\">\n<td class=\"row_6 col_0\">Bord<\/td>\n<td class=\"row_6 col_1\">Rainure en V \u00e0 4 c\u00f4t\u00e9s<\/td>\n<\/tr>\n<tr class=\"even\">\n<td class=\"row_7 col_0\">Syst\u00e8me de verrouillage<\/td>\n<td class=\"row_7 col_1\">Verrouillage de chute i4F<\/td>\n<\/tr>\n<\/tbody>\n<\/table>","protected":false},"excerpt":{"rendered":"<table id=\"tablefield-0\" class=\"tablefield\">\n<tbody>\n<tr class=\"odd\">\n<td class=\"row_0 col_0\">Taille<\/td>\n<td class=\"row_0 col_1\">6&Prime; x 48&Prime;<\/td>\n<\/tr>\n<tr class=\"even\">\n<td class=\"row_1 col_0\">\u00c9paisseur<\/td>\n<td class=\"row_1 col_1\">5,2 mm (4.2mm + 1 mm IXPE Pad)<\/td>\n<\/tr>\n<tr class=\"odd\">\n<td class=\"row_2 col_0\"><strong>Couverture par bo\u00eete<\/strong><\/td>\n<td class=\"row_2 col_1\"><strong>19,7 pi2\u00a0<\/strong><\/td>\n<\/tr>\n<tr class=\"even\">\n<td class=\"row_3 col_0\">Couche d\u2019usure<\/td>\n<td class=\"row_3 col_1\">12 mil<\/td>\n<\/tr>\n<tr class=\"odd\">\n<td class=\"row_4 col_0\">Garantie r\u00e9sidentielle<\/td>\n<td class=\"row_4 col_1\">20<\/td>\n<\/tr>\n<tr class=\"even\">\n<td class=\"row_5 col_0\">Garantie commerciale l\u00e9g\u00e8re<\/td>\n<td class=\"row_5 col_1\">3<\/td>\n<\/tr>\n<tr class=\"odd\">\n<td class=\"row_6 col_0\">Bord<\/td>\n<td class=\"row_6 col_1\">Rainure en V \u00e0 4 c\u00f4t\u00e9s<\/td>\n<\/tr>\n<tr class=\"even\">\n<td class=\"row_7 col_0\">Syst\u00e8me de verrouillage<\/td>\n<td class=\"row_7 col_1\">Verrouillage de chute i4F<\/td>\n<\/tr>\n<\/tbody>\n<\/table>","protected":false},"featured_media":101025,"comment_status":"open","ping_status":"closed","template":"","meta":{"rank_math_lock_modified_date":false},"product_cat":[141],"product_tag":[],"class_list":{"0":"post-101024","1":"product","2":"type-product","3":"status-publish","4":"has-post-thumbnail","6":"product_cat-vinyle-clic","7":"product_shipping_class-palette","9":"first","10":"instock","11":"taxable","12":"shipping-taxable","13":"purchasable","14":"product-type-simple"},"_links":{"self":[{"href":"https:\/\/pdirect.ca\/en\/wp-json\/wp\/v2\/product\/101024"}],"collection":[{"href":"https:\/\/pdirect.ca\/en\/wp-json\/wp\/v2\/product"}],"about":[{"href":"https:\/\/pdirect.ca\/en\/wp-json\/wp\/v2\/types\/product"}],"replies":[{"embeddable":true,"href":"https:\/\/pdirect.ca\/en\/wp-json\/wp\/v2\/comments?post=101024"}],"wp:featuredmedia":[{"embeddable":true,"href":"https:\/\/pdirect.ca\/en\/wp-json\/wp\/v2\/media\/101025"}],"wp:attachment":[{"href":"https:\/\/pdirect.ca\/en\/wp-json\/wp\/v2\/media?parent=101024"}],"wp:term":[{"taxonomy":"product_cat","embeddable":true,"href":"https:\/\/pdirect.ca\/en\/wp-json\/wp\/v2\/product_cat?post=101024"},{"taxonomy":"product_tag","embeddable":true,"href":"https:\/\/pdirect.ca\/en\/wp-json\/wp\/v2\/product_tag?post=101024"}],"curies":[{"name":"wp","href":"https:\/\/api.w.org\/{rel}","templated":true}]}}