{"id":101426,"date":"2021-02-02T16:38:24","date_gmt":"2021-02-02T21:38:24","guid":{"rendered":"https:\/\/pdirect.ca\/?post_type=product&#038;p=101426"},"modified":"2025-10-03T10:53:40","modified_gmt":"2025-10-03T14:53:40","slug":"dcla748acortw-colle-1-99pi2","status":"publish","type":"product","link":"https:\/\/pdirect.ca\/en\/product\/dcla748acortw-colle-1-99pi2\/","title":{"rendered":"Centura Planchette de Vinyle DCLA748ACORTW Coll\u00e9"},"content":{"rendered":"<div class=\"row\">Manufacturiers : Intersource<\/div>\n<div class=\"row\">Motif\u00a0:\u00a0Bois<\/div>\n<div class=\"row\">Usage\u00a0:\u00a0Commercial l\u00e9ger, R\u00e9sidentiel<\/div>\n<div class=\"row\">Type d&rsquo;installation\u00a0:\u00a0Coll\u00e9<\/div>\n<div class=\"row\">\u00c9paisseur (format 0.0mm)\u00a0:\u00a02.0<\/div>\n<div class=\"row\">Couche d&rsquo;usure (format 0.0mm)\u00a0:\u00a00.30<\/div>\n<div class=\"row warranty\">Garantie\u00a0:R\u00e9sidentiel : Pour la vie<br \/>\nCommercial mod\u00e9r\u00e9: 10 ansBOITE DE 53.17 PIED CARR\u00c9<\/div>","protected":false},"excerpt":{"rendered":"<div class=\"row\">Manufacturiers : Intersource<\/div>\n<div class=\"row\">Motif\u00a0:\u00a0Bois<\/div>\n<div class=\"row\">Usage\u00a0:\u00a0Commercial l\u00e9ger, R\u00e9sidentiel<\/div>\n<div class=\"row\">Type d&rsquo;installation\u00a0:\u00a0Coll\u00e9<\/div>\n<div class=\"row\">\u00c9paisseur (format 0.0mm)\u00a0:\u00a02.0<\/div>\n<div class=\"row\">Couche d&rsquo;usure (format 0.0mm)\u00a0:\u00a00.30<\/div>\n<div class=\"row warranty\">Garantie\u00a0:R\u00e9sidentiel : Pour la vie<br \/>\nCommercial mod\u00e9r\u00e9: 10 ansBOITE DE 53.17 PIED CARR\u00c9<\/div>","protected":false},"featured_media":101428,"comment_status":"open","ping_status":"closed","template":"","meta":{"rank_math_lock_modified_date":false},"product_cat":[96],"product_tag":[],"class_list":{"0":"post-101426","1":"product","2":"type-product","3":"status-publish","4":"has-post-thumbnail","6":"product_cat-vinyle-colle","7":"product_shipping_class-palette","9":"first","10":"instock","11":"taxable","12":"shipping-taxable","13":"purchasable","14":"product-type-simple"},"_links":{"self":[{"href":"https:\/\/pdirect.ca\/en\/wp-json\/wp\/v2\/product\/101426"}],"collection":[{"href":"https:\/\/pdirect.ca\/en\/wp-json\/wp\/v2\/product"}],"about":[{"href":"https:\/\/pdirect.ca\/en\/wp-json\/wp\/v2\/types\/product"}],"replies":[{"embeddable":true,"href":"https:\/\/pdirect.ca\/en\/wp-json\/wp\/v2\/comments?post=101426"}],"wp:featuredmedia":[{"embeddable":true,"href":"https:\/\/pdirect.ca\/en\/wp-json\/wp\/v2\/media\/101428"}],"wp:attachment":[{"href":"https:\/\/pdirect.ca\/en\/wp-json\/wp\/v2\/media?parent=101426"}],"wp:term":[{"taxonomy":"product_cat","embeddable":true,"href":"https:\/\/pdirect.ca\/en\/wp-json\/wp\/v2\/product_cat?post=101426"},{"taxonomy":"product_tag","embeddable":true,"href":"https:\/\/pdirect.ca\/en\/wp-json\/wp\/v2\/product_tag?post=101426"}],"curies":[{"name":"wp","href":"https:\/\/api.w.org\/{rel}","templated":true}]}}