{"id":102079,"date":"2021-02-17T20:20:16","date_gmt":"2021-02-17T20:20:16","guid":{"rendered":"https:\/\/pdirect.ca\/?post_type=product&#038;p=102079"},"modified":"2025-10-03T10:54:57","modified_gmt":"2025-10-03T14:54:57","slug":"mc300merisier-3-1-4-4-79pi2","status":"publish","type":"product","link":"https:\/\/pdirect.ca\/en\/product\/mc300merisier-3-1-4-4-79pi2\/","title":{"rendered":"Monoserra MC-300 Merisier  3 1\/4"},"content":{"rendered":"<h2>SP\u00c9CIFICATIONS<\/h2>\n<table class=\"woocommerce-product-attributes shop_attributes\">\n<tbody>\n<tr class=\"woocommerce-product-attributes-item woocommerce-product-attributes-item--attribute_pa_width\">\n<th class=\"woocommerce-product-attributes-item__label\">Largeur<\/th>\n<td class=\"woocommerce-product-attributes-item__value\">3 1\/4<\/td>\n<\/tr>\n<tr class=\"woocommerce-product-attributes-item woocommerce-product-attributes-item--attribute_pa_length\">\n<th class=\"woocommerce-product-attributes-item__label\">Longueur<\/th>\n<td class=\"woocommerce-product-attributes-item__value\">Divers<\/td>\n<\/tr>\n<tr class=\"woocommerce-product-attributes-item woocommerce-product-attributes-item--attribute_pa_thickness\">\n<th class=\"woocommerce-product-attributes-item__label\">\u00c9paisseur<\/th>\n<td class=\"woocommerce-product-attributes-item__value\">3\/4<\/td>\n<\/tr>\n<tr class=\"woocommerce-product-attributes-item woocommerce-product-attributes-item--attribute_pa_edge-style\">\n<th class=\"woocommerce-product-attributes-item__label\">Style de bordure<\/th>\n<td class=\"woocommerce-product-attributes-item__value\">Micro-Biseaut\u00e9es 4 C\u00f4t\u00e9s<\/td>\n<\/tr>\n<tr class=\"woocommerce-product-attributes-item woocommerce-product-attributes-item--attribute_pa_finish\">\n<th class=\"woocommerce-product-attributes-item__label\">Finition<\/th>\n<td class=\"woocommerce-product-attributes-item__value\">8 Couches (Oxide d&rsquo;aluminium), Mat<\/td>\n<\/tr>\n<tr class=\"woocommerce-product-attributes-item woocommerce-product-attributes-item--attribute_pa_janka-scale\">\n<th class=\"woocommerce-product-attributes-item__label\">\u00c9chelle Janka<\/th>\n<td class=\"woocommerce-product-attributes-item__value\">1260<\/td>\n<\/tr>\n<tr class=\"woocommerce-product-attributes-item woocommerce-product-attributes-item--attribute_pa_installation-method\">\n<th class=\"woocommerce-product-attributes-item__label\">M\u00e9thode d\\&rsquo;installation<\/th>\n<td class=\"woocommerce-product-attributes-item__value\">Clous ou agrafes<\/td>\n<\/tr>\n<tr class=\"woocommerce-product-attributes-item woocommerce-product-attributes-item--attribute_pa_warranty\">\n<th class=\"woocommerce-product-attributes-item__label\">Garantie<\/th>\n<td class=\"woocommerce-product-attributes-item__value\">25<\/td>\n<\/tr>\n<tr class=\"woocommerce-product-attributes-item woocommerce-product-attributes-item--attribute_pa_made-in\">\n<th class=\"woocommerce-product-attributes-item__label\">Lieu de fabrication<\/th>\n<td class=\"woocommerce-product-attributes-item__value\">Canada<\/td>\n<\/tr>\n<tr class=\"woocommerce-product-attributes-item woocommerce-product-attributes-item--attribute_pa_surface-box\">\n<th class=\"woocommerce-product-attributes-item__label\">Surface \/ Bo\u00eete<\/th>\n<td class=\"woocommerce-product-attributes-item__value\"><strong>20<\/strong><\/td>\n<\/tr>\n<\/tbody>\n<\/table>","protected":false},"excerpt":{"rendered":"<h2>SP\u00c9CIFICATIONS<\/h2>\n<table class=\"woocommerce-product-attributes shop_attributes\">\n<tbody>\n<tr class=\"woocommerce-product-attributes-item woocommerce-product-attributes-item--attribute_pa_width\">\n<th class=\"woocommerce-product-attributes-item__label\">Largeur<\/th>\n<td class=\"woocommerce-product-attributes-item__value\">3 1\/4<\/td>\n<\/tr>\n<tr class=\"woocommerce-product-attributes-item woocommerce-product-attributes-item--attribute_pa_length\">\n<th class=\"woocommerce-product-attributes-item__label\">Longueur<\/th>\n<td class=\"woocommerce-product-attributes-item__value\">Divers<\/td>\n<\/tr>\n<tr class=\"woocommerce-product-attributes-item woocommerce-product-attributes-item--attribute_pa_thickness\">\n<th class=\"woocommerce-product-attributes-item__label\">\u00c9paisseur<\/th>\n<td class=\"woocommerce-product-attributes-item__value\">3\/4<\/td>\n<\/tr>\n<tr class=\"woocommerce-product-attributes-item woocommerce-product-attributes-item--attribute_pa_edge-style\">\n<th class=\"woocommerce-product-attributes-item__label\">Style de bordure<\/th>\n<td class=\"woocommerce-product-attributes-item__value\">Micro-Biseaut\u00e9es 4 C\u00f4t\u00e9s<\/td>\n<\/tr>\n<tr class=\"woocommerce-product-attributes-item woocommerce-product-attributes-item--attribute_pa_finish\">\n<th class=\"woocommerce-product-attributes-item__label\">Finition<\/th>\n<td class=\"woocommerce-product-attributes-item__value\">8 Couches (Oxide d&rsquo;aluminium), Mat<\/td>\n<\/tr>\n<tr class=\"woocommerce-product-attributes-item woocommerce-product-attributes-item--attribute_pa_janka-scale\">\n<th class=\"woocommerce-product-attributes-item__label\">\u00c9chelle Janka<\/th>\n<td class=\"woocommerce-product-attributes-item__value\">1260<\/td>\n<\/tr>\n<tr class=\"woocommerce-product-attributes-item woocommerce-product-attributes-item--attribute_pa_installation-method\">\n<th class=\"woocommerce-product-attributes-item__label\">M\u00e9thode d\\&rsquo;installation<\/th>\n<td class=\"woocommerce-product-attributes-item__value\">Clous ou agrafes<\/td>\n<\/tr>\n<tr class=\"woocommerce-product-attributes-item woocommerce-product-attributes-item--attribute_pa_warranty\">\n<th class=\"woocommerce-product-attributes-item__label\">Garantie<\/th>\n<td class=\"woocommerce-product-attributes-item__value\">25<\/td>\n<\/tr>\n<tr class=\"woocommerce-product-attributes-item woocommerce-product-attributes-item--attribute_pa_made-in\">\n<th class=\"woocommerce-product-attributes-item__label\">Lieu de fabrication<\/th>\n<td class=\"woocommerce-product-attributes-item__value\">Canada<\/td>\n<\/tr>\n<tr class=\"woocommerce-product-attributes-item woocommerce-product-attributes-item--attribute_pa_surface-box\">\n<th class=\"woocommerce-product-attributes-item__label\">Surface \/ Bo\u00eete<\/th>\n<td class=\"woocommerce-product-attributes-item__value\"><strong>20<\/strong><\/td>\n<\/tr>\n<\/tbody>\n<\/table>","protected":false},"featured_media":102080,"comment_status":"open","ping_status":"closed","template":"","meta":{"rank_math_lock_modified_date":false},"product_cat":[95],"product_tag":[],"class_list":{"0":"post-102079","1":"product","2":"type-product","3":"status-publish","4":"has-post-thumbnail","6":"product_cat-bois-franc","7":"product_shipping_class-palette","9":"first","10":"instock","11":"taxable","12":"shipping-taxable","13":"purchasable","14":"product-type-simple"},"_links":{"self":[{"href":"https:\/\/pdirect.ca\/en\/wp-json\/wp\/v2\/product\/102079"}],"collection":[{"href":"https:\/\/pdirect.ca\/en\/wp-json\/wp\/v2\/product"}],"about":[{"href":"https:\/\/pdirect.ca\/en\/wp-json\/wp\/v2\/types\/product"}],"replies":[{"embeddable":true,"href":"https:\/\/pdirect.ca\/en\/wp-json\/wp\/v2\/comments?post=102079"}],"wp:featuredmedia":[{"embeddable":true,"href":"https:\/\/pdirect.ca\/en\/wp-json\/wp\/v2\/media\/102080"}],"wp:attachment":[{"href":"https:\/\/pdirect.ca\/en\/wp-json\/wp\/v2\/media?parent=102079"}],"wp:term":[{"taxonomy":"product_cat","embeddable":true,"href":"https:\/\/pdirect.ca\/en\/wp-json\/wp\/v2\/product_cat?post=102079"},{"taxonomy":"product_tag","embeddable":true,"href":"https:\/\/pdirect.ca\/en\/wp-json\/wp\/v2\/product_tag?post=102079"}],"curies":[{"name":"wp","href":"https:\/\/api.w.org\/{rel}","templated":true}]}}