{"id":102834,"date":"2021-05-06T19:31:48","date_gmt":"2021-05-06T19:31:48","guid":{"rendered":"https:\/\/pdirect.ca\/?post_type=product&#038;p=102834"},"modified":"2024-12-11T10:56:26","modified_gmt":"2024-12-11T15:56:26","slug":"erable-cooper-3-1-4-canadien-4-95pi2","status":"publish","type":"product","link":"https:\/\/pdirect.ca\/en\/product\/erable-cooper-3-1-4-canadien-4-95pi2\/","title":{"rendered":"Erable Cooper 3 1\/4 Canadien+"},"content":{"rendered":"<ul class=\"blanc\">\n<li class=\"blanc\">50 % de planches de grade S\u00e9lect et Meilleur \u2013 50 % de grade Naturel<\/li>\n<li class=\"blanc\">Stries min\u00e9rales noires ou brunes accept\u00e9es<\/li>\n<li class=\"blanc\">N\u0153uds sains (ferm\u00e9s) accept\u00e9s, aucune p\u00e2te de remplissage accept\u00e9e<\/li>\n<li class=\"blanc\">Longueur minimale de 12 pouces<\/li>\n<li class=\"blanc\">Longueur moyenne de 32 \u00e0 36 pouces selon l\u2019essence et la largeur de la planche<\/li>\n<li class=\"blanc\">N\u0153uds \u00ab t\u00eates d\u2019\u00e9pingles \u00bb de 1\/16\u2033, ouverts ou non, accept\u00e9s<\/li>\n<li>CHOIX DE VERNIS (MAT-SATIN-SEMI LUSTRE)<\/li>\n<\/ul>\n<p><strong>VENDU EN BOITE DE 20 PIED CARR\u00c9<\/strong><\/p>","protected":false},"excerpt":{"rendered":"<ul class=\"blanc\">\n<li class=\"blanc\">50 % de planches de grade S\u00e9lect et Meilleur \u2013 50 % de grade Naturel<\/li>\n<li class=\"blanc\">Stries min\u00e9rales noires ou brunes accept\u00e9es<\/li>\n<li class=\"blanc\">N\u0153uds sains (ferm\u00e9s) accept\u00e9s, aucune p\u00e2te de remplissage accept\u00e9e<\/li>\n<li class=\"blanc\">Longueur minimale de 12 pouces<\/li>\n<li class=\"blanc\">Longueur moyenne de 32 \u00e0 36 pouces selon l\u2019essence et la largeur de la planche<\/li>\n<li class=\"blanc\">N\u0153uds \u00ab t\u00eates d\u2019\u00e9pingles \u00bb de 1\/16\u2033, ouverts ou non, accept\u00e9s<\/li>\n<li>CHOIX DE VERNIS (MAT-SATIN-SEMI LUSTRE)<\/li>\n<\/ul>\n<p><strong>VENDU EN BOITE DE 20 PIED CARR\u00c9<\/strong><\/p>","protected":false},"featured_media":102833,"comment_status":"closed","ping_status":"closed","template":"","meta":{"rank_math_lock_modified_date":false},"product_cat":[95],"product_tag":[],"class_list":{"0":"post-102834","1":"product","2":"type-product","3":"status-publish","4":"has-post-thumbnail","6":"product_cat-bois-franc","7":"product_shipping_class-palette","9":"first","10":"instock","11":"taxable","12":"shipping-taxable","13":"purchasable","14":"product-type-simple"},"_links":{"self":[{"href":"https:\/\/pdirect.ca\/en\/wp-json\/wp\/v2\/product\/102834"}],"collection":[{"href":"https:\/\/pdirect.ca\/en\/wp-json\/wp\/v2\/product"}],"about":[{"href":"https:\/\/pdirect.ca\/en\/wp-json\/wp\/v2\/types\/product"}],"replies":[{"embeddable":true,"href":"https:\/\/pdirect.ca\/en\/wp-json\/wp\/v2\/comments?post=102834"}],"wp:featuredmedia":[{"embeddable":true,"href":"https:\/\/pdirect.ca\/en\/wp-json\/wp\/v2\/media\/102833"}],"wp:attachment":[{"href":"https:\/\/pdirect.ca\/en\/wp-json\/wp\/v2\/media?parent=102834"}],"wp:term":[{"taxonomy":"product_cat","embeddable":true,"href":"https:\/\/pdirect.ca\/en\/wp-json\/wp\/v2\/product_cat?post=102834"},{"taxonomy":"product_tag","embeddable":true,"href":"https:\/\/pdirect.ca\/en\/wp-json\/wp\/v2\/product_tag?post=102834"}],"curies":[{"name":"wp","href":"https:\/\/api.w.org\/{rel}","templated":true}]}}