{"id":103373,"date":"2021-09-08T20:52:41","date_gmt":"2021-09-08T20:52:41","guid":{"rendered":"https:\/\/pdirect.ca\/?post_type=product&#038;p=103373"},"modified":"2025-03-27T13:49:08","modified_gmt":"2025-03-27T17:49:08","slug":"moulure-de-coin-interieur-pour-murs-pvc-4mm","status":"publish","type":"product","link":"https:\/\/pdirect.ca\/en\/product\/moulure-de-coin-interieur-pour-murs-pvc-4mm\/","title":{"rendered":"Moulure de coin int\u00e9rieur PVC 4mm"},"content":{"rendered":"<p>Moulure en Aluminium de coin int\u00e9rieur pour m\u00fbrs PVC 4mm<\/p>\n<p>Longueur de 98.45&Prime;.<\/p>","protected":false},"excerpt":{"rendered":"<p>Moulure en Aluminium de coin int\u00e9rieur pour m\u00fbrs PVC 4mm<\/p>\n<p>Longueur de 98.45&Prime;.<\/p>","protected":false},"featured_media":103374,"comment_status":"closed","ping_status":"closed","template":"","meta":{"rank_math_lock_modified_date":false},"product_cat":[129],"product_tag":[],"class_list":{"0":"post-103373","1":"product","2":"type-product","3":"status-publish","4":"has-post-thumbnail","6":"product_cat-murdedouche","7":"product_shipping_class-palette","9":"first","10":"instock","11":"taxable","12":"shipping-taxable","13":"purchasable","14":"product-type-simple"},"_links":{"self":[{"href":"https:\/\/pdirect.ca\/en\/wp-json\/wp\/v2\/product\/103373"}],"collection":[{"href":"https:\/\/pdirect.ca\/en\/wp-json\/wp\/v2\/product"}],"about":[{"href":"https:\/\/pdirect.ca\/en\/wp-json\/wp\/v2\/types\/product"}],"replies":[{"embeddable":true,"href":"https:\/\/pdirect.ca\/en\/wp-json\/wp\/v2\/comments?post=103373"}],"wp:featuredmedia":[{"embeddable":true,"href":"https:\/\/pdirect.ca\/en\/wp-json\/wp\/v2\/media\/103374"}],"wp:attachment":[{"href":"https:\/\/pdirect.ca\/en\/wp-json\/wp\/v2\/media?parent=103373"}],"wp:term":[{"taxonomy":"product_cat","embeddable":true,"href":"https:\/\/pdirect.ca\/en\/wp-json\/wp\/v2\/product_cat?post=103373"},{"taxonomy":"product_tag","embeddable":true,"href":"https:\/\/pdirect.ca\/en\/wp-json\/wp\/v2\/product_tag?post=103373"}],"curies":[{"name":"wp","href":"https:\/\/api.w.org\/{rel}","templated":true}]}}