{"id":103375,"date":"2021-09-08T20:56:09","date_gmt":"2021-09-08T20:56:09","guid":{"rendered":"https:\/\/pdirect.ca\/?post_type=product&#038;p=103375"},"modified":"2026-02-02T12:33:26","modified_gmt":"2026-02-02T17:33:26","slug":"pvc-6003-4-mm","status":"publish","type":"product","link":"https:\/\/pdirect.ca\/en\/product\/pvc-6003-4-mm\/","title":{"rendered":"murs de douche blanco 4&#215;8"},"content":{"rendered":"<p>Obtenez le look moderne et chic que vous recherchez \u00e0 un prix abordable. Les panneaux Inter Distribution sont 100% imperm\u00e9able et peuvent servir \u00e0 recouvrir les murs de votre douche comme toute la salle de bain. Ils peuvent \u00eatre install\u00e9s sur une c\u00e9ramique existant pour dans un but de refacing.<\/p>\n<p>&nbsp;<\/p>\n<p>Feuille de PVC de 4&Prime;x8&Prime;, 4 mm d&rsquo;\u00e9paisseur<\/p>\n<p>&nbsp;<\/p>\n<p>24.3 kg \/ feuille.<\/p>\n<p>&nbsp;<\/p>\n<p>Id\u00e9al pour la douche, aucun ciment-colle et coulis est requis.<\/p>\n<p>&nbsp;<\/p>\n<p>Trait\u00e9s aux UV, les panneaux se nettoient facilement.<\/p>\n<p>&nbsp;<\/p>\n<p>Facile d&rsquo;installation avec de la colle \u00e0 construction.<\/p>\n<p>&nbsp;<\/p>\n<p>Peuvent \u00eatre install\u00e9s c\u00f4te \u00e0 c\u00f4te pour les surfaces plus grandes.<\/p>\n<p>&nbsp;<\/p>\n<p>Peuvent \u00eatre coup\u00e9s au besoin facilement.<\/p>\n<p>***\u00c0 noter que pour l&rsquo;exp\u00e9dition de ce produit, il y a un frais de 60$ + taxes qu&rsquo;y s&rsquo;ajoute au tarif de base.<\/p>","protected":false},"excerpt":{"rendered":"<p>&nbsp;<\/p>\n<p>Obtenez le look moderne et chic que vous recherchez \u00e0 un prix abordable. Les panneaux Inter Distribution sont 100% imperm\u00e9able et peuvent servir \u00e0 recouvrir les murs de votre douche comme toute la salle de bain. Ils peuvent \u00eatre install\u00e9s sur une c\u00e9ramique existant pour dans un but de refacing.<\/p>\n<p>&nbsp;<\/p>\n<p>Feuille de PVC de 4&Prime;x8&Prime;, 4 mm d&rsquo;\u00e9paisseur<\/p>\n<p>&nbsp;<\/p>\n<p>24.3 kg \/ feuille.<\/p>\n<p>&nbsp;<\/p>\n<p>Id\u00e9al pour la douche, aucun ciment-colle et coulis est requis.<\/p>\n<p>&nbsp;<\/p>\n<p>Trait\u00e9s aux UV, les panneaux se nettoient facilement.<\/p>\n<p>&nbsp;<\/p>\n<p>Facile d&rsquo;installation avec de la colle \u00e0 construction.<\/p>\n<p>&nbsp;<\/p>\n<p>Peuvent \u00eatre install\u00e9s c\u00f4te \u00e0 c\u00f4te pour les surfaces plus grandes.<\/p>\n<p>&nbsp;<\/p>\n<p>Peuvent \u00eatre coup\u00e9s au besoin facilement.<\/p>","protected":false},"featured_media":110364,"comment_status":"closed","ping_status":"closed","template":"","meta":{"rank_math_lock_modified_date":false},"product_cat":[112,129,136],"product_tag":[],"class_list":{"0":"post-103375","1":"product","2":"type-product","3":"status-publish","4":"has-post-thumbnail","6":"product_cat-liquidation","7":"product_cat-murdedouche","8":"product_cat-surplus-dinventaire-jusqua-50-de-rabais","9":"product_shipping_class-palette","11":"first","12":"outofstock","13":"taxable","14":"shipping-taxable","15":"purchasable","16":"product-type-simple"},"_links":{"self":[{"href":"https:\/\/pdirect.ca\/en\/wp-json\/wp\/v2\/product\/103375"}],"collection":[{"href":"https:\/\/pdirect.ca\/en\/wp-json\/wp\/v2\/product"}],"about":[{"href":"https:\/\/pdirect.ca\/en\/wp-json\/wp\/v2\/types\/product"}],"replies":[{"embeddable":true,"href":"https:\/\/pdirect.ca\/en\/wp-json\/wp\/v2\/comments?post=103375"}],"wp:featuredmedia":[{"embeddable":true,"href":"https:\/\/pdirect.ca\/en\/wp-json\/wp\/v2\/media\/110364"}],"wp:attachment":[{"href":"https:\/\/pdirect.ca\/en\/wp-json\/wp\/v2\/media?parent=103375"}],"wp:term":[{"taxonomy":"product_cat","embeddable":true,"href":"https:\/\/pdirect.ca\/en\/wp-json\/wp\/v2\/product_cat?post=103375"},{"taxonomy":"product_tag","embeddable":true,"href":"https:\/\/pdirect.ca\/en\/wp-json\/wp\/v2\/product_tag?post=103375"}],"curies":[{"name":"wp","href":"https:\/\/api.w.org\/{rel}","templated":true}]}}