{"id":103447,"date":"2021-09-09T19:56:33","date_gmt":"2021-09-09T19:56:33","guid":{"rendered":"https:\/\/pdirect.ca\/?post_type=product&#038;p=103447"},"modified":"2025-11-03T11:14:16","modified_gmt":"2025-11-03T16:14:16","slug":"5780130-vinyle-clic-3-69pi2","status":"publish","type":"product","link":"https:\/\/pdirect.ca\/en\/product\/5780130-vinyle-clic-3-69pi2\/","title":{"rendered":"Plancher 1867 Vinyle Clic Evolution 5780130"},"content":{"rendered":"<p>ollection : \u00c9volution S\u00e9rie Magma<br \/>\nCouleur : Volcano<br \/>\nCode produit : 5780130<\/p>\n<hr \/>\n<p><strong>Dimensions :<\/strong><br \/>\n\u00c9paisseur\u00a0: 4,2 mm\u00a0(1\/8\u2033)<br \/>\nLargeur : 150 mm (5 7\/8\u2033)<br \/>\nLongueur : 1220 mm (48\u2033)<\/p>\n<p>Couvre : 19,70 pi\u00b2 \/ boite<br \/>\nFini : bois antique<br \/>\nAvec membrane attach\u00e9e de 1 mm<br \/>\nBiseaut\u00e9s quatre c\u00f4t\u00e9s<br \/>\nInstallation : syst\u00e8me clic sans colle<br \/>\nMat\u00e9riel vierge<br \/>\nCouche d\u2019usure : 0,3 mm<br \/>\nGarantie\u00a0: r\u00e9sidentielle 25 ans \/ commerciale 5 ans<\/p>","protected":false},"excerpt":{"rendered":"<p>ollection : \u00c9volution S\u00e9rie Magma<br \/>\nCouleur : Volcano<br \/>\nCode produit : 5780130<\/p>\n<hr \/>\n<p><strong>Dimensions :<\/strong><br \/>\n\u00c9paisseur\u00a0: 4,2 mm\u00a0(1\/8\u2033)<br \/>\nLargeur : 150 mm (5 7\/8\u2033)<br \/>\nLongueur : 1220 mm (48\u2033)<\/p>\n<p>Couvre : 19,70 pi\u00b2 \/ boite<br \/>\nFini : bois antique<br \/>\nAvec membrane attach\u00e9e de 1 mm<br \/>\nBiseaut\u00e9s quatre c\u00f4t\u00e9s<br \/>\nInstallation : syst\u00e8me clic sans colle<br \/>\nMat\u00e9riel vierge<br \/>\nCouche d\u2019usure : 0,3 mm<br \/>\nGarantie\u00a0: r\u00e9sidentielle 25 ans \/ commerciale 5 ans<\/p>","protected":false},"featured_media":103448,"comment_status":"closed","ping_status":"closed","template":"","meta":{"rank_math_lock_modified_date":false},"product_cat":[141],"product_tag":[],"class_list":{"0":"post-103447","1":"product","2":"type-product","3":"status-publish","4":"has-post-thumbnail","6":"product_cat-vinyle-clic","7":"product_shipping_class-palette","9":"first","10":"instock","11":"taxable","12":"shipping-taxable","13":"purchasable","14":"product-type-simple"},"_links":{"self":[{"href":"https:\/\/pdirect.ca\/en\/wp-json\/wp\/v2\/product\/103447"}],"collection":[{"href":"https:\/\/pdirect.ca\/en\/wp-json\/wp\/v2\/product"}],"about":[{"href":"https:\/\/pdirect.ca\/en\/wp-json\/wp\/v2\/types\/product"}],"replies":[{"embeddable":true,"href":"https:\/\/pdirect.ca\/en\/wp-json\/wp\/v2\/comments?post=103447"}],"wp:featuredmedia":[{"embeddable":true,"href":"https:\/\/pdirect.ca\/en\/wp-json\/wp\/v2\/media\/103448"}],"wp:attachment":[{"href":"https:\/\/pdirect.ca\/en\/wp-json\/wp\/v2\/media?parent=103447"}],"wp:term":[{"taxonomy":"product_cat","embeddable":true,"href":"https:\/\/pdirect.ca\/en\/wp-json\/wp\/v2\/product_cat?post=103447"},{"taxonomy":"product_tag","embeddable":true,"href":"https:\/\/pdirect.ca\/en\/wp-json\/wp\/v2\/product_tag?post=103447"}],"curies":[{"name":"wp","href":"https:\/\/api.w.org\/{rel}","templated":true}]}}