{"id":103449,"date":"2021-09-09T20:24:22","date_gmt":"2021-09-10T00:24:22","guid":{"rendered":"https:\/\/pdirect.ca\/?post_type=product&#038;p=103449"},"modified":"2024-12-06T11:18:57","modified_gmt":"2024-12-06T16:18:57","slug":"57025700-vinyle-colle-3-30pi2","status":"publish","type":"product","link":"https:\/\/pdirect.ca\/en\/product\/57025700-vinyle-colle-3-30pi2\/","title":{"rendered":"Planchers 1867 Vinyle coll\u00e9 Evolution Serie Origin 57025700"},"content":{"rendered":"<p>Collection : \u00c9volution S\u00e9rie Origin<br \/>\nCouleur : Bl\u00e9<br \/>\nCode produit :57025700<\/p>\n<hr \/>\n<p><strong>Dimensions :<\/strong><br \/>\n\u00c9paisseur\u00a0: 2.0\/0.3mm<br \/>\nLargeur : 157 mm (6\u2033)<br \/>\nLongueur : 1227 mm (48\u2033)<\/p>\n<p>Couvre : 51.84 pi\u00b2 \/ boite<br \/>\nConception r\u00e9aliste du bois<br \/>\nFabriqu\u00e9 \u00e0 partir de mati\u00e8res vierges<br \/>\nSans Phtalates<br \/>\nHydrofuge<br \/>\nGarantie\u00a0: r\u00e9sidentielle 25 ans \/ commerciale 5 ans<\/p>","protected":false},"excerpt":{"rendered":"<p>Collection : \u00c9volution S\u00e9rie Origin<br \/>\nCouleur : Bl\u00e9<br \/>\nCode produit :57025700<\/p>\n<hr \/>\n<p><strong>Dimensions :<\/strong><br \/>\n\u00c9paisseur\u00a0: 2.0\/0.3mm<br \/>\nLargeur : 157 mm (6\u2033)<br \/>\nLongueur : 1227 mm (48\u2033)<\/p>\n<p>Couvre : 51.84 pi\u00b2 \/ boite<br \/>\nConception r\u00e9aliste du bois<br \/>\nFabriqu\u00e9 \u00e0 partir de mati\u00e8res vierges<br \/>\nSans Phtalates<br \/>\nHydrofuge<br \/>\nGarantie\u00a0: r\u00e9sidentielle 25 ans \/ commerciale 5 ans<\/p>","protected":false},"featured_media":103450,"comment_status":"closed","ping_status":"closed","template":"","meta":{"rank_math_lock_modified_date":false},"product_cat":[96],"product_tag":[],"class_list":{"0":"post-103449","1":"product","2":"type-product","3":"status-publish","4":"has-post-thumbnail","6":"product_cat-vinyle-colle","7":"product_shipping_class-palette","9":"first","10":"instock","11":"taxable","12":"shipping-taxable","13":"purchasable","14":"product-type-simple"},"_links":{"self":[{"href":"https:\/\/pdirect.ca\/en\/wp-json\/wp\/v2\/product\/103449"}],"collection":[{"href":"https:\/\/pdirect.ca\/en\/wp-json\/wp\/v2\/product"}],"about":[{"href":"https:\/\/pdirect.ca\/en\/wp-json\/wp\/v2\/types\/product"}],"replies":[{"embeddable":true,"href":"https:\/\/pdirect.ca\/en\/wp-json\/wp\/v2\/comments?post=103449"}],"wp:featuredmedia":[{"embeddable":true,"href":"https:\/\/pdirect.ca\/en\/wp-json\/wp\/v2\/media\/103450"}],"wp:attachment":[{"href":"https:\/\/pdirect.ca\/en\/wp-json\/wp\/v2\/media?parent=103449"}],"wp:term":[{"taxonomy":"product_cat","embeddable":true,"href":"https:\/\/pdirect.ca\/en\/wp-json\/wp\/v2\/product_cat?post=103449"},{"taxonomy":"product_tag","embeddable":true,"href":"https:\/\/pdirect.ca\/en\/wp-json\/wp\/v2\/product_tag?post=103449"}],"curies":[{"name":"wp","href":"https:\/\/api.w.org\/{rel}","templated":true}]}}