{"id":103829,"date":"2021-12-16T16:55:53","date_gmt":"2021-12-16T16:55:53","guid":{"rendered":"https:\/\/pdirect.ca\/?post_type=product&#038;p=103829"},"modified":"2025-05-19T09:41:38","modified_gmt":"2025-05-19T13:41:38","slug":"niche-schluter-12x24","status":"publish","type":"product","link":"https:\/\/pdirect.ca\/en\/product\/niche-schluter-12x24\/","title":{"rendered":"NICHE SCHLUTER 12X12"},"content":{"rendered":"","protected":false},"excerpt":{"rendered":"<p>La niche de douche pr\u00e9fabriqu\u00e9e KERDI-BOARD-SN de 12&Prime; x 12&Prime; est faite de panneaux Schluter-KERDI-BOARD. Elle est en outre l\u00e9g\u00e8re, \u00e9tanche et facile \u00e0 poser dans votre installation de douche.<\/p>\n<p>12X12<\/p>","protected":false},"featured_media":103830,"comment_status":"closed","ping_status":"closed","template":"","meta":{"rank_math_lock_modified_date":false},"product_cat":[132],"product_tag":[],"class_list":{"0":"post-103829","1":"product","2":"type-product","3":"status-publish","4":"has-post-thumbnail","6":"product_cat-nichededouche","7":"product_shipping_class-palette","9":"first","10":"instock","11":"taxable","12":"shipping-taxable","13":"purchasable","14":"product-type-simple"},"_links":{"self":[{"href":"https:\/\/pdirect.ca\/en\/wp-json\/wp\/v2\/product\/103829"}],"collection":[{"href":"https:\/\/pdirect.ca\/en\/wp-json\/wp\/v2\/product"}],"about":[{"href":"https:\/\/pdirect.ca\/en\/wp-json\/wp\/v2\/types\/product"}],"replies":[{"embeddable":true,"href":"https:\/\/pdirect.ca\/en\/wp-json\/wp\/v2\/comments?post=103829"}],"wp:featuredmedia":[{"embeddable":true,"href":"https:\/\/pdirect.ca\/en\/wp-json\/wp\/v2\/media\/103830"}],"wp:attachment":[{"href":"https:\/\/pdirect.ca\/en\/wp-json\/wp\/v2\/media?parent=103829"}],"wp:term":[{"taxonomy":"product_cat","embeddable":true,"href":"https:\/\/pdirect.ca\/en\/wp-json\/wp\/v2\/product_cat?post=103829"},{"taxonomy":"product_tag","embeddable":true,"href":"https:\/\/pdirect.ca\/en\/wp-json\/wp\/v2\/product_tag?post=103829"}],"curies":[{"name":"wp","href":"https:\/\/api.w.org\/{rel}","templated":true}]}}