{"id":103986,"date":"2022-02-16T18:21:03","date_gmt":"2022-02-16T18:21:03","guid":{"rendered":"https:\/\/pdirect.ca\/?post_type=product&#038;p=103986"},"modified":"2026-01-13T16:00:28","modified_gmt":"2026-01-13T21:00:28","slug":"6500-3-49-du-pc","status":"publish","type":"product","link":"https:\/\/pdirect.ca\/en\/product\/6500-3-49-du-pc\/","title":{"rendered":"Power Dekor Vinyl Planks Endura K-Series 6500"},"content":{"rendered":"","protected":false},"excerpt":{"rendered":"<p>SPC Luxury Vinyl Plank \/ Planche vinyle du luxe SPC<br \/>\nTHICKNESS \/ \u00c9PAISSEUR<br \/>\n5.3mm (4.3mm + 1mm IXPE Pad) \/ 5.3mm (4.3mm + 1mm Sous-Couche)<br \/>\nTEXTURE \/ TEXTURE<br \/>\nEmbossed in Register \/ Relief en motif<br \/>\nWEAR LAYER \/ COUCHE D\u2019USURE<br \/>\n20 mil + 2 Coats DiamondGardTM \/ 20 mil + 2 couches DiamondGardTM<br \/>\nEDGE PROFILE \/ PROFIL DE BORD<br \/>\nFour Sided Bevel \/ Biseaut\u00e9 quatre c\u00f4t\u00e9s<br \/>\nINSTALLATION \/ INSTALLATION<br \/>\nFloating, Press-fit Clic \/ Flottant, clic \u201cpress-fit\u201d<br \/>\nINSTALL GRADE \/ NIVEAU D\u2019INSTALLATION<br \/>\nAll Grades \/ Tous niveaux<br \/>\nWARRANTY \/ GARANTIE<br \/>\nLifetime + 30 Year Commercial \/ \u00c0 vie + 30 ans commercial<br \/>\nPACKAGING \/ EMBALLAGE<br \/>\n23.64 SF &#8211; 60 Boxes &#8211; 18 Pallets \/ 23.64 pc &#8211; 60 boites &#8211; 18 palettes<br \/>\nMOLDINGS \/ MOULURES<br \/>\nTransition, Reducer, Stair \/ Transition, R\u00e9duit, Marche<\/p>","protected":false},"featured_media":103987,"comment_status":"closed","ping_status":"closed","template":"","meta":{"rank_math_lock_modified_date":false},"product_cat":[141],"product_tag":[],"class_list":{"0":"post-103986","1":"product","2":"type-product","3":"status-publish","4":"has-post-thumbnail","6":"product_cat-vinyle-clic","7":"product_shipping_class-palette","9":"first","10":"instock","11":"taxable","12":"shipping-taxable","13":"purchasable","14":"product-type-simple"},"_links":{"self":[{"href":"https:\/\/pdirect.ca\/en\/wp-json\/wp\/v2\/product\/103986"}],"collection":[{"href":"https:\/\/pdirect.ca\/en\/wp-json\/wp\/v2\/product"}],"about":[{"href":"https:\/\/pdirect.ca\/en\/wp-json\/wp\/v2\/types\/product"}],"replies":[{"embeddable":true,"href":"https:\/\/pdirect.ca\/en\/wp-json\/wp\/v2\/comments?post=103986"}],"wp:featuredmedia":[{"embeddable":true,"href":"https:\/\/pdirect.ca\/en\/wp-json\/wp\/v2\/media\/103987"}],"wp:attachment":[{"href":"https:\/\/pdirect.ca\/en\/wp-json\/wp\/v2\/media?parent=103986"}],"wp:term":[{"taxonomy":"product_cat","embeddable":true,"href":"https:\/\/pdirect.ca\/en\/wp-json\/wp\/v2\/product_cat?post=103986"},{"taxonomy":"product_tag","embeddable":true,"href":"https:\/\/pdirect.ca\/en\/wp-json\/wp\/v2\/product_tag?post=103986"}],"curies":[{"name":"wp","href":"https:\/\/api.w.org\/{rel}","templated":true}]}}