{"id":104014,"date":"2022-02-23T16:06:23","date_gmt":"2022-02-23T16:06:23","guid":{"rendered":"https:\/\/pdirect.ca\/?post_type=product&#038;p=104014"},"modified":"2024-11-25T11:32:55","modified_gmt":"2024-11-25T16:32:55","slug":"mortier-colle-ltc-gris","status":"publish","type":"product","link":"https:\/\/pdirect.ca\/en\/product\/mortier-colle-ltc-gris\/","title":{"rendered":"Mortier colle lct &#8211; gris"},"content":{"rendered":"","protected":false},"excerpt":{"rendered":"<p>Mortier colle modifi\u00e9 aux polym\u00e8res r\u00e9sistant \u00e0 l&rsquo;affaissement, con\u00e7u pour les installations int\u00e9rieures complexes telles que les pierres naturelles, les pierres d\u00e9coratives et les briquettes. Pour applications int\u00e9rieures seulement.<\/p>\n<p>Ce mortier colle n&rsquo;est pas con\u00e7us pour faire les joints de briquettes. Pour les joints, utilisez les produits\u00a0<a title=\"King 1-1-6 Gris\" href=\"https:\/\/www.impexstones.com\/adhesifs-et-mortiers\/mortier-king-1-1-6-gris-lmortier-gris\">King 1-1-6 Gris<\/a>,\u00a0<a title=\"King 1-1-6 Beige\" href=\"https:\/\/www.impexstones.com\/adhesifs-et-mortiers\/mortier-king-1-1-6-creme-lmortie-creme\">King 1-1-6 Beige<\/a>,\u00a0<a title=\"King 1-1-6 Blanc\" href=\"https:\/\/www.impexstones.com\/adhesifs-et-mortiers\/mortier-king-1-1-6-blanc-lmortier-blanc\">King 1-1-6 Blanc<\/a>\u00a0ou\u00a0<a title=\"King 1-1-6 Noir\" href=\"https:\/\/www.impexstones.com\/adhesifs-et-mortiers\/mortier-king-1-1-6-noir-lmortier-noir\">King 1-1-6 Noir<\/a>.<\/p>\n<p>Pouvoir de couverture en double encollage : truelle 3\/8-3\/8 : 50-60 pi<sup>2<\/sup>; truelle 1\/2-1\/2 : 20-30 pi<sup>2<\/sup><\/p>","protected":false},"featured_media":104015,"comment_status":"closed","ping_status":"closed","template":"","meta":{"rank_math_lock_modified_date":false},"product_cat":[108,109],"product_tag":[],"class_list":{"0":"post-104014","1":"product","2":"type-product","3":"status-publish","4":"has-post-thumbnail","6":"product_cat-briquette","7":"product_cat-pierre-naturel","8":"product_shipping_class-palette","10":"first","11":"instock","12":"taxable","13":"shipping-taxable","14":"purchasable","15":"product-type-simple"},"_links":{"self":[{"href":"https:\/\/pdirect.ca\/en\/wp-json\/wp\/v2\/product\/104014"}],"collection":[{"href":"https:\/\/pdirect.ca\/en\/wp-json\/wp\/v2\/product"}],"about":[{"href":"https:\/\/pdirect.ca\/en\/wp-json\/wp\/v2\/types\/product"}],"replies":[{"embeddable":true,"href":"https:\/\/pdirect.ca\/en\/wp-json\/wp\/v2\/comments?post=104014"}],"wp:featuredmedia":[{"embeddable":true,"href":"https:\/\/pdirect.ca\/en\/wp-json\/wp\/v2\/media\/104015"}],"wp:attachment":[{"href":"https:\/\/pdirect.ca\/en\/wp-json\/wp\/v2\/media?parent=104014"}],"wp:term":[{"taxonomy":"product_cat","embeddable":true,"href":"https:\/\/pdirect.ca\/en\/wp-json\/wp\/v2\/product_cat?post=104014"},{"taxonomy":"product_tag","embeddable":true,"href":"https:\/\/pdirect.ca\/en\/wp-json\/wp\/v2\/product_tag?post=104014"}],"curies":[{"name":"wp","href":"https:\/\/api.w.org\/{rel}","templated":true}]}}