{"id":104019,"date":"2022-02-23T16:08:49","date_gmt":"2022-02-23T16:08:49","guid":{"rendered":"https:\/\/pdirect.ca\/?post_type=product&#038;p=104019"},"modified":"2024-11-25T10:55:12","modified_gmt":"2024-11-25T15:55:12","slug":"mortier-king-1-1-6-noir","status":"publish","type":"product","link":"https:\/\/pdirect.ca\/en\/product\/mortier-king-1-1-6-noir\/","title":{"rendered":"Mortier king 1-1-6 noir"},"content":{"rendered":"","protected":false},"excerpt":{"rendered":"<p>Mortier de type N compos\u00e9 de chaux hydrat\u00e9e de type S, de ciment Portland blanc, de sable de ma\u00e7onnerie.\u00a0Utilis\u00e9 pour les joints de briquettes.<\/p>\n<p>Pouvoir de couverture pour des joints de 3\/8 \u00e0 1\/4 : 50-60 pi<sup>2<\/sup><\/p>","protected":false},"featured_media":104020,"comment_status":"closed","ping_status":"closed","template":"","meta":{"rank_math_lock_modified_date":false},"product_cat":[108],"product_tag":[],"class_list":{"0":"post-104019","1":"product","2":"type-product","3":"status-publish","4":"has-post-thumbnail","6":"product_cat-briquette","7":"product_shipping_class-palette","9":"first","10":"instock","11":"taxable","12":"shipping-taxable","13":"purchasable","14":"product-type-simple"},"_links":{"self":[{"href":"https:\/\/pdirect.ca\/en\/wp-json\/wp\/v2\/product\/104019"}],"collection":[{"href":"https:\/\/pdirect.ca\/en\/wp-json\/wp\/v2\/product"}],"about":[{"href":"https:\/\/pdirect.ca\/en\/wp-json\/wp\/v2\/types\/product"}],"replies":[{"embeddable":true,"href":"https:\/\/pdirect.ca\/en\/wp-json\/wp\/v2\/comments?post=104019"}],"wp:featuredmedia":[{"embeddable":true,"href":"https:\/\/pdirect.ca\/en\/wp-json\/wp\/v2\/media\/104020"}],"wp:attachment":[{"href":"https:\/\/pdirect.ca\/en\/wp-json\/wp\/v2\/media?parent=104019"}],"wp:term":[{"taxonomy":"product_cat","embeddable":true,"href":"https:\/\/pdirect.ca\/en\/wp-json\/wp\/v2\/product_cat?post=104019"},{"taxonomy":"product_tag","embeddable":true,"href":"https:\/\/pdirect.ca\/en\/wp-json\/wp\/v2\/product_tag?post=104019"}],"curies":[{"name":"wp","href":"https:\/\/api.w.org\/{rel}","templated":true}]}}