{"id":104068,"date":"2022-03-06T11:47:50","date_gmt":"2022-03-06T16:47:50","guid":{"rendered":"https:\/\/pdirect.ca\/?post_type=product&#038;p=104068"},"modified":"2025-11-03T11:23:42","modified_gmt":"2025-11-03T16:23:42","slug":"5790120-clic-3-59pi2","status":"publish","type":"product","link":"https:\/\/pdirect.ca\/en\/product\/5790120-clic-3-59pi2\/","title":{"rendered":"Planchers 1867 Plancher De Vinyle Magma xl 5790120 clic"},"content":{"rendered":"<p><strong>Dimensions :<\/strong><br \/>\n\u00c9paisseur\u00a0: 4 mm\u00a0(1\/8\u2033)<br \/>\nLargeur : 180 mm (7\u2033)<br \/>\nLongueur : 1220 mm (48\u2033)<\/p>\n<p>Couvre : 28.36 pi\u00b2 \/ boite<br \/>\nFini : bois antique<br \/>\nAvec membrane attach\u00e9e de 1 mm<br \/>\nBiseaut\u00e9s quatre c\u00f4t\u00e9s<br \/>\nInstallation : syst\u00e8me clic sans colle<br \/>\nMat\u00e9riel vierge<br \/>\nCouche d\u2019usure : 0,3 mm<br \/>\nGarantie\u00a0: r\u00e9sidentielle 25 ans \/ commerciale 5 ans<\/p>","protected":false},"excerpt":{"rendered":"<p><strong>Dimensions :<\/strong><br \/>\n\u00c9paisseur\u00a0: 4 mm\u00a0(1\/8\u2033)<br \/>\nLargeur : 180 mm (7\u2033)<br \/>\nLongueur : 1220 mm (48\u2033)<\/p>\n<p>Couvre : 28.36 pi\u00b2 \/ boite<br \/>\nFini : bois antique<br \/>\nAvec membrane attach\u00e9e de 1 mm<br \/>\nBiseaut\u00e9s quatre c\u00f4t\u00e9s<br \/>\nInstallation : syst\u00e8me clic sans colle<br \/>\nMat\u00e9riel vierge<br \/>\nCouche d\u2019usure : 0,3 mm<br \/>\nGarantie\u00a0: r\u00e9sidentielle 25 ans \/ commerciale 5 ans<\/p>","protected":false},"featured_media":104069,"comment_status":"closed","ping_status":"closed","template":"","meta":{"rank_math_lock_modified_date":false},"product_cat":[141],"product_tag":[],"class_list":{"0":"post-104068","1":"product","2":"type-product","3":"status-publish","4":"has-post-thumbnail","6":"product_cat-vinyle-clic","7":"product_shipping_class-palette","9":"first","10":"instock","11":"taxable","12":"shipping-taxable","13":"purchasable","14":"product-type-simple"},"_links":{"self":[{"href":"https:\/\/pdirect.ca\/en\/wp-json\/wp\/v2\/product\/104068"}],"collection":[{"href":"https:\/\/pdirect.ca\/en\/wp-json\/wp\/v2\/product"}],"about":[{"href":"https:\/\/pdirect.ca\/en\/wp-json\/wp\/v2\/types\/product"}],"replies":[{"embeddable":true,"href":"https:\/\/pdirect.ca\/en\/wp-json\/wp\/v2\/comments?post=104068"}],"wp:featuredmedia":[{"embeddable":true,"href":"https:\/\/pdirect.ca\/en\/wp-json\/wp\/v2\/media\/104069"}],"wp:attachment":[{"href":"https:\/\/pdirect.ca\/en\/wp-json\/wp\/v2\/media?parent=104068"}],"wp:term":[{"taxonomy":"product_cat","embeddable":true,"href":"https:\/\/pdirect.ca\/en\/wp-json\/wp\/v2\/product_cat?post=104068"},{"taxonomy":"product_tag","embeddable":true,"href":"https:\/\/pdirect.ca\/en\/wp-json\/wp\/v2\/product_tag?post=104068"}],"curies":[{"name":"wp","href":"https:\/\/api.w.org\/{rel}","templated":true}]}}