{"id":104568,"date":"2022-06-13T19:06:32","date_gmt":"2022-06-13T19:06:32","guid":{"rendered":"https:\/\/pdirect.ca\/?post_type=product&#038;p=104568"},"modified":"2024-11-25T10:52:48","modified_gmt":"2024-11-25T15:52:48","slug":"sous-plancher-deluxe-stealth","status":"publish","type":"product","link":"https:\/\/pdirect.ca\/en\/product\/sous-plancher-deluxe-stealth\/","title":{"rendered":"Sous plancher Deluxe Stealth"},"content":{"rendered":"<p>Sous-couche de sol furtive et barri\u00e8re contre l&rsquo;humidit\u00e9 pour une absorption acoustique sup\u00e9rieure.<\/p>\n<p>Vendu en Rouleau de 200 pc<\/p>\n<p>CARACT\u00c9RISTIQUES<\/p>\n<p>-Notes sonores premium<br \/>\n-Performance structurelle \u00e0 long terme<br \/>\n-Isole les sols froids<br \/>\n-R\u00e9duit les niveaux de bruit<br \/>\n-Barri\u00e8re de protection contre l&rsquo;humidit\u00e9 et la vapeur attach\u00e9e<br \/>\n-Non toxique, non allerg\u00e8ne, inodore<br \/>\n-Pour tous les sous-planchers, y compris le b\u00e9ton<br \/>\n-Pour les sols stratifi\u00e9s, en bois d&rsquo;ing\u00e9nierie, flottants et en bois<\/p>","protected":false},"excerpt":{"rendered":"<p>Sous-couche de sol furtive et barri\u00e8re contre l&rsquo;humidit\u00e9 pour une absorption acoustique sup\u00e9rieure.<\/p>\n<p>Vendu en Rouleau de 200 pc<\/p>\n<p>CARACT\u00c9RISTIQUES<\/p>\n<p>-Notes sonores premium<br \/>\n-Performance structurelle \u00e0 long terme<br \/>\n-Isole les sols froids<br \/>\n-R\u00e9duit les niveaux de bruit<br \/>\n-Barri\u00e8re de protection contre l&rsquo;humidit\u00e9 et la vapeur attach\u00e9e<br \/>\n-Non toxique, non allerg\u00e8ne, inodore<br \/>\n-Pour tous les sous-planchers, y compris le b\u00e9ton<br \/>\n-Pour les sols stratifi\u00e9s, en bois d&rsquo;ing\u00e9nierie, flottants et en bois<\/p>","protected":false},"featured_media":104574,"comment_status":"closed","ping_status":"closed","template":"","meta":{"rank_math_lock_modified_date":false},"product_cat":[146],"product_tag":[],"class_list":{"0":"post-104568","1":"product","2":"type-product","3":"status-publish","4":"has-post-thumbnail","6":"product_cat-membrane","7":"product_shipping_class-palette","9":"first","10":"instock","11":"taxable","12":"shipping-taxable","13":"purchasable","14":"product-type-simple"},"_links":{"self":[{"href":"https:\/\/pdirect.ca\/en\/wp-json\/wp\/v2\/product\/104568"}],"collection":[{"href":"https:\/\/pdirect.ca\/en\/wp-json\/wp\/v2\/product"}],"about":[{"href":"https:\/\/pdirect.ca\/en\/wp-json\/wp\/v2\/types\/product"}],"replies":[{"embeddable":true,"href":"https:\/\/pdirect.ca\/en\/wp-json\/wp\/v2\/comments?post=104568"}],"wp:featuredmedia":[{"embeddable":true,"href":"https:\/\/pdirect.ca\/en\/wp-json\/wp\/v2\/media\/104574"}],"wp:attachment":[{"href":"https:\/\/pdirect.ca\/en\/wp-json\/wp\/v2\/media?parent=104568"}],"wp:term":[{"taxonomy":"product_cat","embeddable":true,"href":"https:\/\/pdirect.ca\/en\/wp-json\/wp\/v2\/product_cat?post=104568"},{"taxonomy":"product_tag","embeddable":true,"href":"https:\/\/pdirect.ca\/en\/wp-json\/wp\/v2\/product_tag?post=104568"}],"curies":[{"name":"wp","href":"https:\/\/api.w.org\/{rel}","templated":true}]}}