{"id":104569,"date":"2022-06-13T19:11:25","date_gmt":"2022-06-13T19:11:25","guid":{"rendered":"https:\/\/pdirect.ca\/?post_type=product&#038;p=104569"},"modified":"2024-11-25T10:52:48","modified_gmt":"2024-11-25T15:52:48","slug":"sous-plancher-vapershield","status":"publish","type":"product","link":"https:\/\/pdirect.ca\/en\/product\/sous-plancher-vapershield\/","title":{"rendered":"Sous plancher Vapershield"},"content":{"rendered":"<p>POUR PLANCHERS EN BOIS FRANC ET D\u2019ING\u00c9NIERIE<span class=\"Apple-converted-space\">\u00a0<\/span><\/p>\n<p>PROT\u00c9GER VOTRE R\u00c9SIDENCE<br \/>\n\u2022 \u00c9loigne l\u2019exc\u00e8s d\u2019humidit\u00e9 du plancher.<br \/>\n\u2022 R\u00e9duit les dommages d\u2019interstices et de bombements souvent caus\u00e9s par l\u2019humidit\u00e9 saisonni\u00e8re.<br \/>\n\u2022 Ne contient aucun produit chimique nocif, ni mat\u00e9riaux d\u2019asphalte salissant ou tout autre produit \u00e0 base de p\u00e9trole.<\/p>\n<p>QUALIT\u00c9 SUP\u00c9RIEURE<br \/>\n\u2022 Le papier de silicone de 6 mil d\u2019\u00e9paisseur r\u00e9sistant \u00e0 l\u2019eau, emp\u00eache l\u2019humidit\u00e9 de p\u00e9n\u00e9trer.<br \/>\n\u2022 Ne se d\u00e9t\u00e9riorera pas comme de la cire, du papier de types kraft ou Red Rosin.<br \/>\n\u2022 Sa cote de perm\u00e9abilit\u00e9 en fait un produit id\u00e9al pour le bois franc et d\u2019ing\u00e9nierie.<\/p>\n<p>INSTALLATION AM\u00c9LIOR\u00c9E<br \/>\n\u2022 Permet aux planches de bois de glisser plus facilement qu\u2019avec tout autre sous-plancher offert sur le march\u00e9.<br \/>\n\u2022 Les lignes de craies sont bien visibles.<br \/>\n\u2022 L\u2019installation se fait sans difficult\u00e9.<\/p>\n<p>Chaque rouleau couvre : 400 pieds carr\u00e9s<br \/>\n\u00c9paisseur et r\u00e9sistance : papier de silicone cuit de 6 mil d\u2019\u00e9paisseur, r\u00e9sistant \u00e0 l\u2019eau,<br \/>\nemp\u00eachant l\u2019humidit\u00e9 de p\u00e9n\u00e9trer.<\/p>","protected":false},"excerpt":{"rendered":"<p>POUR PLANCHERS EN BOIS FRANC ET D\u2019ING\u00c9NIERIE<\/p>\n<p>PROT\u00c9GER VOTRE R\u00c9SIDENCE<br \/>\n\u2022 \u00c9loigne l\u2019exc\u00e8s d\u2019humidit\u00e9 du plancher.<br \/>\n\u2022 R\u00e9duit les dommages d\u2019interstices et de bombements souvent caus\u00e9s par l\u2019humidit\u00e9 saisonni\u00e8re.<br \/>\n\u2022 Ne contient aucun produit chimique nocif, ni mat\u00e9riaux d\u2019asphalte salissant ou tout autre produit \u00e0 base de p\u00e9trole.<\/p>\n<p>QUALIT\u00c9 SUP\u00c9RIEURE<br \/>\n\u2022 Le papier de silicone de 6 mil d\u2019\u00e9paisseur r\u00e9sistant \u00e0 l\u2019eau, emp\u00eache l\u2019humidit\u00e9 de p\u00e9n\u00e9trer.<br \/>\n\u2022 Ne se d\u00e9t\u00e9riorera pas comme de la cire, du papier de types kraft ou Red Rosin.<br \/>\n\u2022 Sa cote de perm\u00e9abilit\u00e9 en fait un produit id\u00e9al pour le bois franc et d\u2019ing\u00e9nierie.<\/p>\n<p>INSTALLATION AM\u00c9LIOR\u00c9E<br \/>\n\u2022 Permet aux planches de bois de glisser plus facilement qu\u2019avec tout autre sous-plancher offert sur le march\u00e9.<br \/>\n\u2022 Les lignes de craies sont bien visibles.<br \/>\n\u2022 L\u2019installation se fait sans difficult\u00e9.<\/p>\n<p>Chaque rouleau couvre : 400 pieds carr\u00e9s<br \/>\n\u00c9paisseur et r\u00e9sistance : papier de silicone cuit de 6 mil d\u2019\u00e9paisseur, r\u00e9sistant \u00e0 l\u2019eau,<br \/>\nemp\u00eachant l\u2019humidit\u00e9 de p\u00e9n\u00e9trer.<\/p>","protected":false},"featured_media":104570,"comment_status":"closed","ping_status":"closed","template":"","meta":{"rank_math_lock_modified_date":false},"product_cat":[146],"product_tag":[],"class_list":{"0":"post-104569","1":"product","2":"type-product","3":"status-publish","4":"has-post-thumbnail","6":"product_cat-membrane","7":"product_shipping_class-palette","9":"first","10":"instock","11":"taxable","12":"shipping-taxable","13":"purchasable","14":"product-type-simple"},"_links":{"self":[{"href":"https:\/\/pdirect.ca\/en\/wp-json\/wp\/v2\/product\/104569"}],"collection":[{"href":"https:\/\/pdirect.ca\/en\/wp-json\/wp\/v2\/product"}],"about":[{"href":"https:\/\/pdirect.ca\/en\/wp-json\/wp\/v2\/types\/product"}],"replies":[{"embeddable":true,"href":"https:\/\/pdirect.ca\/en\/wp-json\/wp\/v2\/comments?post=104569"}],"wp:featuredmedia":[{"embeddable":true,"href":"https:\/\/pdirect.ca\/en\/wp-json\/wp\/v2\/media\/104570"}],"wp:attachment":[{"href":"https:\/\/pdirect.ca\/en\/wp-json\/wp\/v2\/media?parent=104569"}],"wp:term":[{"taxonomy":"product_cat","embeddable":true,"href":"https:\/\/pdirect.ca\/en\/wp-json\/wp\/v2\/product_cat?post=104569"},{"taxonomy":"product_tag","embeddable":true,"href":"https:\/\/pdirect.ca\/en\/wp-json\/wp\/v2\/product_tag?post=104569"}],"curies":[{"name":"wp","href":"https:\/\/api.w.org\/{rel}","templated":true}]}}