{"id":104725,"date":"2022-08-04T13:50:25","date_gmt":"2022-08-04T17:50:25","guid":{"rendered":"https:\/\/pdirect.ca\/?post_type=product&#038;p=104725"},"modified":"2025-12-01T11:28:04","modified_gmt":"2025-12-01T16:28:04","slug":"pvc-k3015-4mm","status":"publish","type":"product","link":"https:\/\/pdirect.ca\/en\/product\/pvc-k3015-4mm\/","title":{"rendered":"Murs De Douche Olivia 4&#215;8"},"content":{"rendered":"<p>Feuille de PVC de 4*8, 4 mm d&rsquo;\u00e9paisseur<\/p>\n<p>24.8 kg \/ Feuille.<\/p>\n<p>Id\u00e9al pour la douche et mur de la salle de bain.<\/p>\n<p>Aucun ciment-colle et coulis requis.<\/p>\n<p>Trait\u00e9s aux UV, les panneaux se nettoient facilement.<\/p>\n<p>Facile d&rsquo;installation avec de la colle \u00e0 construction.<\/p>\n<p>Peuvent \u00eatre install\u00e9 c\u00f4te \u00e0 c\u00f4te pour les surfaces plus grandes.<\/p>\n<p>Peuvent \u00eatre coup\u00e9s au besoin<\/p>\n<p>***\u00c0 noter que pour l&rsquo;exp\u00e9dition de ce produit, il y a un frais de 60$ + taxes qu&rsquo;y s&rsquo;ajoute au tarif de base.<\/p>","protected":false},"excerpt":{"rendered":"<p>Feuille de PVC de 4*8, 4 mm d&rsquo;\u00e9paisseur<\/p>\n<p>24.8 kg \/ Feuille.<\/p>\n<p>Id\u00e9al pour la douche et mur de la salle de bain.<\/p>\n<p>Aucun ciment-colle et coulis requis.<\/p>\n<p>Trait\u00e9s aux UV, les panneaux se nettoient facilement.<\/p>\n<p>Facile d&rsquo;installation avec de la colle \u00e0 construction.<\/p>\n<p>Peuvent \u00eatre install\u00e9 c\u00f4te \u00e0 c\u00f4te pour les surfaces plus grandes.<\/p>\n<p>Peuvent \u00eatre coup\u00e9s au besoin<\/p>","protected":false},"featured_media":110170,"comment_status":"closed","ping_status":"closed","template":"","meta":{"rank_math_lock_modified_date":false},"product_cat":[112,129,136],"product_tag":[],"class_list":{"0":"post-104725","1":"product","2":"type-product","3":"status-publish","4":"has-post-thumbnail","6":"product_cat-liquidation","7":"product_cat-murdedouche","8":"product_cat-surplus-dinventaire-jusqua-50-de-rabais","9":"product_shipping_class-palette","11":"first","12":"outofstock","13":"taxable","14":"shipping-taxable","15":"purchasable","16":"product-type-simple"},"_links":{"self":[{"href":"https:\/\/pdirect.ca\/en\/wp-json\/wp\/v2\/product\/104725"}],"collection":[{"href":"https:\/\/pdirect.ca\/en\/wp-json\/wp\/v2\/product"}],"about":[{"href":"https:\/\/pdirect.ca\/en\/wp-json\/wp\/v2\/types\/product"}],"replies":[{"embeddable":true,"href":"https:\/\/pdirect.ca\/en\/wp-json\/wp\/v2\/comments?post=104725"}],"wp:featuredmedia":[{"embeddable":true,"href":"https:\/\/pdirect.ca\/en\/wp-json\/wp\/v2\/media\/110170"}],"wp:attachment":[{"href":"https:\/\/pdirect.ca\/en\/wp-json\/wp\/v2\/media?parent=104725"}],"wp:term":[{"taxonomy":"product_cat","embeddable":true,"href":"https:\/\/pdirect.ca\/en\/wp-json\/wp\/v2\/product_cat?post=104725"},{"taxonomy":"product_tag","embeddable":true,"href":"https:\/\/pdirect.ca\/en\/wp-json\/wp\/v2\/product_tag?post=104725"}],"curies":[{"name":"wp","href":"https:\/\/api.w.org\/{rel}","templated":true}]}}