{"id":104741,"date":"2022-08-06T14:45:30","date_gmt":"2022-08-06T14:45:30","guid":{"rendered":"https:\/\/pdirect.ca\/?post_type=product&#038;p=104741"},"modified":"2025-02-13T11:40:30","modified_gmt":"2025-02-13T16:40:30","slug":"membrane-drexmat-80-8-1-pc-feuille","status":"publish","type":"product","link":"https:\/\/pdirect.ca\/en\/product\/membrane-drexmat-80-8-1-pc-feuille\/","title":{"rendered":"Membrane 1867blanche ( 8.6 pc\/Feuille )"},"content":{"rendered":"<p>La DrexMat est une membrane de d\u00e9solidarisation en polypropyl\u00e8ne imperm\u00e9able et \u00e9tanche, qui permet de minimiser les mouvements diff\u00e9rentiels entre les carreaux de c\u00e9ramique et les mat\u00e9riaux de sous-plancher. Les espaces entre les reliefs sont con\u00e7us pour permettre d\u02bcins\u00e9rer un c\u00e2ble chauffant tel que le Drexma 3,7W certifi\u00e9 CSA pour membrane.<\/p>\n<p>HOMOLOGU\u00c9E, la membrane\u00a0DrexMat\u00a0a r\u00e9ussi\u00a0l\u2019essai de qualification\u00a0Robinson C627, qui confirme\u00a0son utilisabilit\u00e9 dans les syst\u00e8mes de chauffage r\u00e9sidentiels et commerciaux.Elle a \u00e9galement r\u00e9pondu aux exigences de la norme anti-fracture sur la base des essais du\u00a0Conseil Nord-Am\u00e9ricain de la C\u00e9ramique (TCNA) (ASTM 118.12).<\/p>","protected":false},"excerpt":{"rendered":"<p>La DrexMat est une membrane de d\u00e9solidarisation en polypropyl\u00e8ne imperm\u00e9able et \u00e9tanche, qui permet de minimiser les mouvements diff\u00e9rentiels entre les carreaux de c\u00e9ramique et les mat\u00e9riaux de sous-plancher. Les espaces entre les reliefs sont con\u00e7us pour permettre d\u02bcins\u00e9rer un c\u00e2ble chauffant tel que le Drexma 3,7W certifi\u00e9 CSA pour membrane.<\/p>\n<p>HOMOLOGU\u00c9E, la membrane\u00a0DrexMat\u00a0a r\u00e9ussi\u00a0l\u2019essai de qualification\u00a0Robinson C627, qui confirme\u00a0son utilisabilit\u00e9 dans les syst\u00e8mes de chauffage r\u00e9sidentiels et commerciaux.Elle a \u00e9galement r\u00e9pondu aux exigences de la norme anti-fracture sur la base des essais du\u00a0Conseil Nord-Am\u00e9ricain de la C\u00e9ramique (TCNA) (ASTM 118.12).<\/p>","protected":false},"featured_media":104742,"comment_status":"closed","ping_status":"closed","template":"","meta":{"rank_math_lock_modified_date":false},"product_cat":[146,147],"product_tag":[],"class_list":{"0":"post-104741","1":"product","2":"type-product","3":"status-publish","4":"has-post-thumbnail","6":"product_cat-membrane","7":"product_cat-plancher-chauffant","8":"product_shipping_class-palette","10":"first","11":"instock","12":"sale","13":"taxable","14":"shipping-taxable","15":"purchasable","16":"product-type-simple"},"_links":{"self":[{"href":"https:\/\/pdirect.ca\/en\/wp-json\/wp\/v2\/product\/104741"}],"collection":[{"href":"https:\/\/pdirect.ca\/en\/wp-json\/wp\/v2\/product"}],"about":[{"href":"https:\/\/pdirect.ca\/en\/wp-json\/wp\/v2\/types\/product"}],"replies":[{"embeddable":true,"href":"https:\/\/pdirect.ca\/en\/wp-json\/wp\/v2\/comments?post=104741"}],"wp:featuredmedia":[{"embeddable":true,"href":"https:\/\/pdirect.ca\/en\/wp-json\/wp\/v2\/media\/104742"}],"wp:attachment":[{"href":"https:\/\/pdirect.ca\/en\/wp-json\/wp\/v2\/media?parent=104741"}],"wp:term":[{"taxonomy":"product_cat","embeddable":true,"href":"https:\/\/pdirect.ca\/en\/wp-json\/wp\/v2\/product_cat?post=104741"},{"taxonomy":"product_tag","embeddable":true,"href":"https:\/\/pdirect.ca\/en\/wp-json\/wp\/v2\/product_tag?post=104741"}],"curies":[{"name":"wp","href":"https:\/\/api.w.org\/{rel}","templated":true}]}}