{"id":104756,"date":"2022-08-06T15:45:47","date_gmt":"2022-08-06T19:45:47","guid":{"rendered":"https:\/\/pdirect.ca\/?post_type=product&#038;p=104756"},"modified":"2025-05-08T15:22:18","modified_gmt":"2025-05-08T19:22:18","slug":"cable-pour-membrane-de-desolidarisation-3-7cwc-240v-58","status":"publish","type":"product","link":"https:\/\/pdirect.ca\/en\/product\/cable-pour-membrane-de-desolidarisation-3-7cwc-240v-58\/","title":{"rendered":"C\u00e2ble pour membrane de d\u00e9solidarisation\u00a0: 3.7CWC-240V-58"},"content":{"rendered":"","protected":false},"excerpt":{"rendered":"<p><strong>Espacement Calculer Avec La Membrane DrexMat Au 3 Crampons<\/strong><\/p>\n<p>&nbsp;<\/p>\n<p>C\u00e2ble pour membrane de d\u00e9solidarisation\u00a0: 3.7CWC-240V-58<\/p>\n<p>&nbsp;<\/p>\n<ul>\n<li>Longueur\u00a0: \u00a0198 pi<\/li>\n<\/ul>\n<p>&nbsp;<\/p>\n<ul>\n<li>Superficie\u00a0: 59.9 pc<\/li>\n<\/ul>\n<p>&nbsp;<\/p>\n<ul>\n<li>Voltage\u00a0: 240v<\/li>\n<\/ul>\n<p>&nbsp;<\/p>\n<ul>\n<li>Puissance totale\u00a0: 720 W<\/li>\n<\/ul>\n<p>&nbsp;<\/p>\n<p>&nbsp;<\/p>\n<p><strong>Combinez les niveaux de confort les plus \u00e9lev\u00e9es avec une efficacit\u00e9 \u00e9nerg\u00e9tique maximale . Il est une technologie \u00e9prouv\u00e9e qui est s\u00fbr , fiable et \u00e9conome en \u00e9nergie .<\/strong><\/p>\n<ul>\n<li>Approuv\u00e9 CSA pour membrane DrexMat, Laticrete, Warmup, Ditra-Heat, Prodeso,Mapei et Nuheat<\/li>\n<li>Inclus une sonde de plancher<\/li>\n<li>C\u00e2ble a deux conducteurs<\/li>\n<li>C\u00e2ble isol\u00e9 au Fluoropolym\u00e8re<\/li>\n<li>C\u00e2ble sans champs magn\u00e9tiques<\/li>\n<li>C\u00e2ble sans retour<\/li>\n<li>Nos c\u00e2bles pour plancher chauffant peuvent \u00e9galement \u00eatre install\u00e9 dans une douche.<\/li>\n<li>Il est possible d\u2019utiliser notre c\u00e2ble chauffant comme unique source de chaleur sous certaines conditions.<\/li>\n<\/ul>","protected":false},"featured_media":104745,"comment_status":"closed","ping_status":"closed","template":"","meta":{"rank_math_lock_modified_date":false},"product_cat":[147],"product_tag":[],"class_list":{"0":"post-104756","1":"product","2":"type-product","3":"status-publish","4":"has-post-thumbnail","6":"product_cat-plancher-chauffant","7":"product_shipping_class-palette","9":"first","10":"instock","11":"sale","12":"taxable","13":"shipping-taxable","14":"purchasable","15":"product-type-simple"},"_links":{"self":[{"href":"https:\/\/pdirect.ca\/en\/wp-json\/wp\/v2\/product\/104756"}],"collection":[{"href":"https:\/\/pdirect.ca\/en\/wp-json\/wp\/v2\/product"}],"about":[{"href":"https:\/\/pdirect.ca\/en\/wp-json\/wp\/v2\/types\/product"}],"replies":[{"embeddable":true,"href":"https:\/\/pdirect.ca\/en\/wp-json\/wp\/v2\/comments?post=104756"}],"wp:featuredmedia":[{"embeddable":true,"href":"https:\/\/pdirect.ca\/en\/wp-json\/wp\/v2\/media\/104745"}],"wp:attachment":[{"href":"https:\/\/pdirect.ca\/en\/wp-json\/wp\/v2\/media?parent=104756"}],"wp:term":[{"taxonomy":"product_cat","embeddable":true,"href":"https:\/\/pdirect.ca\/en\/wp-json\/wp\/v2\/product_cat?post=104756"},{"taxonomy":"product_tag","embeddable":true,"href":"https:\/\/pdirect.ca\/en\/wp-json\/wp\/v2\/product_tag?post=104756"}],"curies":[{"name":"wp","href":"https:\/\/api.w.org\/{rel}","templated":true}]}}