{"id":105136,"date":"2023-03-23T18:48:33","date_gmt":"2023-03-23T18:48:33","guid":{"rendered":"https:\/\/pdirect.ca\/?post_type=product&#038;p=105136"},"modified":"2024-11-25T10:51:10","modified_gmt":"2024-11-25T15:51:10","slug":"h-acs-36-u-f-36x36-avec-3-brides","status":"publish","type":"product","link":"https:\/\/pdirect.ca\/en\/product\/h-acs-36-u-f-36x36-avec-3-brides\/","title":{"rendered":"H-ACS 36-U-F 36&#215;36 AVEC 3 BRIDES"},"content":{"rendered":"<p>Avec la pr\u00e9sence de 9 appuis int\u00e9gr\u00e9s uniform\u00e9ment r\u00e9parties sous la base de douche, vous \u00eates s\u00fbrs d&rsquo;avoir une base de douche ultra-solide, sans mouvement et sans craquement lors de votre utilisation quotidienne. Le drain de douche n&rsquo;est pas inclus mais sur demande, nous vous fournirons un drain en plastique blanc r\u00e9gulier. Pour un\u00a0<a href=\"https:\/\/www.inventionmaison.com\/product\/shower-drain\" rel=\"noopener\">drain chrom\u00e9 ou noir m\u00e2t<\/a>, des frais suppl\u00e9mentaires seront appliqu\u00e9s.<\/p>\n<ul role=\"list\">\n<li>Couleur: Blanc<\/li>\n<li>Drain non-inclus<\/li>\n<li>Compatible avec les drains standard ajust\u00e9s \u00e0 compression 2po<\/li>\n<li>Installation par un professionnel requis<\/li>\n<\/ul>","protected":false},"excerpt":{"rendered":"<p>Avec la pr\u00e9sence de 9 appuis int\u00e9gr\u00e9s uniform\u00e9ment r\u00e9parties sous la base de douche, vous \u00eates s\u00fbrs d&rsquo;avoir une base de douche ultra-solide, sans mouvement et sans craquement lors de votre utilisation quotidienne. Le drain de douche n&rsquo;est pas inclus mais sur demande, nous vous fournirons un drain en plastique blanc r\u00e9gulier. Pour un\u00a0<a href=\"https:\/\/www.inventionmaison.com\/product\/shower-drain\">drain chrom\u00e9 ou noir m\u00e2t<\/a>, des frais suppl\u00e9mentaires seront appliqu\u00e9s.<\/p>\n<ul role=\"list\">\n<li>Couleur: Blanc<\/li>\n<li>Drain non-inclus<\/li>\n<li>Compatible avec les drains standard ajust\u00e9s \u00e0 compression 2po<\/li>\n<li>Installation par un professionnel requis<\/li>\n<\/ul>","protected":false},"featured_media":105137,"comment_status":"closed","ping_status":"closed","template":"","meta":{"rank_math_lock_modified_date":false},"product_cat":[138],"product_tag":[],"class_list":{"0":"post-105136","1":"product","2":"type-product","3":"status-publish","4":"has-post-thumbnail","6":"product_cat-base-de-douche","7":"product_shipping_class-palette","9":"first","10":"instock","11":"taxable","12":"shipping-taxable","13":"purchasable","14":"product-type-simple"},"_links":{"self":[{"href":"https:\/\/pdirect.ca\/en\/wp-json\/wp\/v2\/product\/105136"}],"collection":[{"href":"https:\/\/pdirect.ca\/en\/wp-json\/wp\/v2\/product"}],"about":[{"href":"https:\/\/pdirect.ca\/en\/wp-json\/wp\/v2\/types\/product"}],"replies":[{"embeddable":true,"href":"https:\/\/pdirect.ca\/en\/wp-json\/wp\/v2\/comments?post=105136"}],"wp:featuredmedia":[{"embeddable":true,"href":"https:\/\/pdirect.ca\/en\/wp-json\/wp\/v2\/media\/105137"}],"wp:attachment":[{"href":"https:\/\/pdirect.ca\/en\/wp-json\/wp\/v2\/media?parent=105136"}],"wp:term":[{"taxonomy":"product_cat","embeddable":true,"href":"https:\/\/pdirect.ca\/en\/wp-json\/wp\/v2\/product_cat?post=105136"},{"taxonomy":"product_tag","embeddable":true,"href":"https:\/\/pdirect.ca\/en\/wp-json\/wp\/v2\/product_tag?post=105136"}],"curies":[{"name":"wp","href":"https:\/\/api.w.org\/{rel}","templated":true}]}}