{"id":105146,"date":"2023-03-23T19:23:56","date_gmt":"2023-03-23T19:23:56","guid":{"rendered":"https:\/\/pdirect.ca\/?post_type=product&#038;p=105146"},"modified":"2024-11-25T10:51:10","modified_gmt":"2024-11-25T15:51:10","slug":"abcs4832c-1-48x32-bases-acrylique","status":"publish","type":"product","link":"https:\/\/pdirect.ca\/en\/product\/abcs4832c-1-48x32-bases-acrylique\/","title":{"rendered":"ABCS4832C\/1  48&#215;32 Bases Acrylique"},"content":{"rendered":"<p>Cr\u00e9\u00e9e avec des mat\u00e9riaux de haute qualit\u00e9, cette base de douche moderne est fabriqu\u00e9e \u00e0 partir d&rsquo;acrylique de qualit\u00e9 sup\u00e9rieure et renforc\u00e9e de fibre de verre pour de la durabilit\u00e9.<\/p>\n<p>Option d&rsquo;avoir le drain \u00e0 droite ou \u00e0 gauche ou au centre.<\/p>\n<p>\u200d<\/p>\n<p>Le drain de douche n&rsquo;est pas inclus mais sur demande, nous vous fournirons un drain en plastique blanc r\u00e9gulier. Pour\u00a0<a href=\"https:\/\/www.inventionmaison.com\/product\/shower-drain\" rel=\"noopener\">un drain chrom\u00e9 ou noir m\u00e2t<\/a>, des frais suppl\u00e9mentaires seront appliqu\u00e9s.<\/p>\n<ul role=\"list\">\n<li>Couleur: Blanc<\/li>\n<li>Drain non-inclus<\/li>\n<li>Compatible avec les drains standard ajust\u00e9s \u00e0 compression 2po<\/li>\n<li>Installation par un professionnel requis<\/li>\n<\/ul>","protected":false},"excerpt":{"rendered":"<p>Cr\u00e9\u00e9e avec des mat\u00e9riaux de haute qualit\u00e9, cette base de douche moderne est fabriqu\u00e9e \u00e0 partir d&rsquo;acrylique de qualit\u00e9 sup\u00e9rieure et renforc\u00e9e de fibre de verre pour de la durabilit\u00e9.<\/p>\n<p>Option d&rsquo;avoir le drain \u00e0 droite ou \u00e0 gauche ou au centre.<\/p>\n<p>\u200d<\/p>\n<p>Le drain de douche n&rsquo;est pas inclus mais sur demande, nous vous fournirons un drain en plastique blanc r\u00e9gulier. Pour\u00a0<a href=\"https:\/\/www.inventionmaison.com\/product\/shower-drain\">un drain chrom\u00e9 ou noir m\u00e2t<\/a>, des frais suppl\u00e9mentaires seront appliqu\u00e9s.<\/p>\n<ul role=\"list\">\n<li>Couleur: Blanc<\/li>\n<li>Drain non-inclus<\/li>\n<li>Compatible avec les drains standard ajust\u00e9s \u00e0 compression 2po<\/li>\n<li>Installation par un professionnel requis<\/li>\n<\/ul>","protected":false},"featured_media":105147,"comment_status":"closed","ping_status":"closed","template":"","meta":{"rank_math_lock_modified_date":false},"product_cat":[138],"product_tag":[],"class_list":{"0":"post-105146","1":"product","2":"type-product","3":"status-publish","4":"has-post-thumbnail","6":"product_cat-base-de-douche","7":"product_shipping_class-palette","9":"first","10":"instock","11":"taxable","12":"shipping-taxable","13":"purchasable","14":"product-type-simple"},"_links":{"self":[{"href":"https:\/\/pdirect.ca\/en\/wp-json\/wp\/v2\/product\/105146"}],"collection":[{"href":"https:\/\/pdirect.ca\/en\/wp-json\/wp\/v2\/product"}],"about":[{"href":"https:\/\/pdirect.ca\/en\/wp-json\/wp\/v2\/types\/product"}],"replies":[{"embeddable":true,"href":"https:\/\/pdirect.ca\/en\/wp-json\/wp\/v2\/comments?post=105146"}],"wp:featuredmedia":[{"embeddable":true,"href":"https:\/\/pdirect.ca\/en\/wp-json\/wp\/v2\/media\/105147"}],"wp:attachment":[{"href":"https:\/\/pdirect.ca\/en\/wp-json\/wp\/v2\/media?parent=105146"}],"wp:term":[{"taxonomy":"product_cat","embeddable":true,"href":"https:\/\/pdirect.ca\/en\/wp-json\/wp\/v2\/product_cat?post=105146"},{"taxonomy":"product_tag","embeddable":true,"href":"https:\/\/pdirect.ca\/en\/wp-json\/wp\/v2\/product_tag?post=105146"}],"curies":[{"name":"wp","href":"https:\/\/api.w.org\/{rel}","templated":true}]}}