{"id":105150,"date":"2023-03-23T19:31:58","date_gmt":"2023-03-23T19:31:58","guid":{"rendered":"https:\/\/pdirect.ca\/?post_type=product&#038;p=105150"},"modified":"2024-11-25T10:50:27","modified_gmt":"2024-11-25T15:50:27","slug":"abd4836c-r2-48x36-base-drain-cache-2-brides","status":"publish","type":"product","link":"https:\/\/pdirect.ca\/en\/product\/abd4836c-r2-48x36-base-drain-cache-2-brides\/","title":{"rendered":"ABD4836C\/R2  48&#215;36 Base drain cach\u00e9, 2 brides"},"content":{"rendered":"<p>Avec la pr\u00e9sence de 11 appuis int\u00e9gr\u00e9s uniform\u00e9ment r\u00e9parties sous la base de douche, vous \u00eates s\u00fbrs d&rsquo;avoir une base de douche ultra-solide, sans mouvement et sans craquement lors de votre utilisation quotidienne.<\/p>\n<p>Cette base de douche moderne contient un drain cach\u00e9 et 2 brides int\u00e9gr\u00e9s (option de les avoir \u00e0 la droite ou \u00e0 la gauche). Le couvert aimant\u00e9 sur le drain permet de facilment enlever et le remettre pour le nettoyage. Compatible avec des portes de douche qui ont un verre sur le c\u00f4t\u00e9.<\/p>","protected":false},"excerpt":{"rendered":"<p>Avec la pr\u00e9sence de 11 appuis int\u00e9gr\u00e9s uniform\u00e9ment r\u00e9parties sous la base de douche, vous \u00eates s\u00fbrs d&rsquo;avoir une base de douche ultra-solide, sans mouvement et sans craquement lors de votre utilisation quotidienne.<\/p>\n<p>Cette base de douche moderne contient un drain cach\u00e9 et 2 brides int\u00e9gr\u00e9s (option de les avoir \u00e0 la droite ou \u00e0 la gauche). Le couvert aimant\u00e9 sur le drain permet de facilment enlever et le remettre pour le nettoyage. Compatible avec des portes de douche qui ont un verre sur le c\u00f4t\u00e9.<\/p>","protected":false},"featured_media":105151,"comment_status":"closed","ping_status":"closed","template":"","meta":{"rank_math_lock_modified_date":false},"product_cat":[138],"product_tag":[],"class_list":{"0":"post-105150","1":"product","2":"type-product","3":"status-publish","4":"has-post-thumbnail","6":"product_cat-base-de-douche","7":"product_shipping_class-palette","9":"first","10":"instock","11":"taxable","12":"shipping-taxable","13":"purchasable","14":"product-type-simple"},"_links":{"self":[{"href":"https:\/\/pdirect.ca\/en\/wp-json\/wp\/v2\/product\/105150"}],"collection":[{"href":"https:\/\/pdirect.ca\/en\/wp-json\/wp\/v2\/product"}],"about":[{"href":"https:\/\/pdirect.ca\/en\/wp-json\/wp\/v2\/types\/product"}],"replies":[{"embeddable":true,"href":"https:\/\/pdirect.ca\/en\/wp-json\/wp\/v2\/comments?post=105150"}],"wp:featuredmedia":[{"embeddable":true,"href":"https:\/\/pdirect.ca\/en\/wp-json\/wp\/v2\/media\/105151"}],"wp:attachment":[{"href":"https:\/\/pdirect.ca\/en\/wp-json\/wp\/v2\/media?parent=105150"}],"wp:term":[{"taxonomy":"product_cat","embeddable":true,"href":"https:\/\/pdirect.ca\/en\/wp-json\/wp\/v2\/product_cat?post=105150"},{"taxonomy":"product_tag","embeddable":true,"href":"https:\/\/pdirect.ca\/en\/wp-json\/wp\/v2\/product_tag?post=105150"}],"curies":[{"name":"wp","href":"https:\/\/api.w.org\/{rel}","templated":true}]}}