{"id":105154,"date":"2023-03-23T19:40:09","date_gmt":"2023-03-23T19:40:09","guid":{"rendered":"https:\/\/pdirect.ca\/?post_type=product&#038;p=105154"},"modified":"2024-11-25T10:50:27","modified_gmt":"2024-11-25T15:50:27","slug":"ss6036-36x60pouces","status":"publish","type":"product","link":"https:\/\/pdirect.ca\/en\/product\/ss6036-36x60pouces\/","title":{"rendered":"SS6036 36X60POUCES"},"content":{"rendered":"<div class=\"french\">\n<h4 class=\"product___heading\">Base de douche avec drain en acier inoxydable<\/h4>\n<\/div>\n<div class=\"div-block-12\">\n<div class=\"french\">\n<div class=\"w-dyn-list\">\n<div class=\"w-dyn-items\" role=\"list\">\n<div class=\"breadcrumps__wrap is-bottom-margin-10 w-dyn-item\" role=\"listitem\">Base de douche en acrylique avec drain lin\u00e9aire<\/div>\n<\/div>\n<\/div>\n<\/div>\n<\/div>\n<div class=\"french\">\n<div class=\"product__description w-richtext\">\n<p>Avec une texture antid\u00e9rapante et une pente int\u00e9gr\u00e9e, il permet de garder l\u2019eau \u00e0 l\u2019int\u00e9rieur de la base pendant la douche. Avec la pr\u00e9sence de 11 appuis int\u00e9gr\u00e9s uniform\u00e9ment r\u00e9parties sous la base de douche, vous \u00eates s\u00fbrs d&rsquo;avoir une base de douche ultra-solide, sans mouvement et sans craquement lors de votre utilisation quotidienne.<\/p>\n<p>Cette base comprend 3 brides de carrelage s\u00e9par\u00e9es pour une installation en alc\u00f4ve ou entre deux murs.<\/p>\n<p>Installation facile et ultra-r\u00e9sistante pour un usage quotidien.<\/p>\n<\/div>\n<\/div>","protected":false},"excerpt":{"rendered":"<div class=\"french\">\n<h4 class=\"product___heading\">Base de douche avec drain en acier inoxydable<\/h4>\n<\/div>\n<div class=\"div-block-12\">\n<div class=\"french\">\n<div class=\"w-dyn-list\">\n<div class=\"w-dyn-items\" role=\"list\">\n<div class=\"breadcrumps__wrap is-bottom-margin-10 w-dyn-item\" role=\"listitem\">Base de douche en acrylique avec drain lin\u00e9aire<\/div>\n<\/div>\n<\/div>\n<\/div>\n<\/div>\n<div class=\"french\">\n<div class=\"product__description w-richtext\">\n<p>Avec une texture antid\u00e9rapante et une pente int\u00e9gr\u00e9e, il permet de garder l\u2019eau \u00e0 l\u2019int\u00e9rieur de la base pendant la douche. Avec la pr\u00e9sence de 11 appuis int\u00e9gr\u00e9s uniform\u00e9ment r\u00e9parties sous la base de douche, vous \u00eates s\u00fbrs d&rsquo;avoir une base de douche ultra-solide, sans mouvement et sans craquement lors de votre utilisation quotidienne.<\/p>\n<p>Cette base comprend 3 brides de carrelage s\u00e9par\u00e9es pour une installation en alc\u00f4ve ou entre deux murs.<\/p>\n<p>Installation facile et ultra-r\u00e9sistante pour un usage quotidien.<\/p>\n<\/div>\n<\/div>","protected":false},"featured_media":105153,"comment_status":"closed","ping_status":"closed","template":"","meta":{"rank_math_lock_modified_date":false},"product_cat":[138],"product_tag":[],"class_list":{"0":"post-105154","1":"product","2":"type-product","3":"status-publish","4":"has-post-thumbnail","6":"product_cat-base-de-douche","7":"product_shipping_class-palette","9":"first","10":"instock","11":"taxable","12":"shipping-taxable","13":"purchasable","14":"product-type-simple"},"_links":{"self":[{"href":"https:\/\/pdirect.ca\/en\/wp-json\/wp\/v2\/product\/105154"}],"collection":[{"href":"https:\/\/pdirect.ca\/en\/wp-json\/wp\/v2\/product"}],"about":[{"href":"https:\/\/pdirect.ca\/en\/wp-json\/wp\/v2\/types\/product"}],"replies":[{"embeddable":true,"href":"https:\/\/pdirect.ca\/en\/wp-json\/wp\/v2\/comments?post=105154"}],"wp:featuredmedia":[{"embeddable":true,"href":"https:\/\/pdirect.ca\/en\/wp-json\/wp\/v2\/media\/105153"}],"wp:attachment":[{"href":"https:\/\/pdirect.ca\/en\/wp-json\/wp\/v2\/media?parent=105154"}],"wp:term":[{"taxonomy":"product_cat","embeddable":true,"href":"https:\/\/pdirect.ca\/en\/wp-json\/wp\/v2\/product_cat?post=105154"},{"taxonomy":"product_tag","embeddable":true,"href":"https:\/\/pdirect.ca\/en\/wp-json\/wp\/v2\/product_tag?post=105154"}],"curies":[{"name":"wp","href":"https:\/\/api.w.org\/{rel}","templated":true}]}}