{"id":105158,"date":"2023-03-23T19:47:51","date_gmt":"2023-03-23T19:47:51","guid":{"rendered":"https:\/\/pdirect.ca\/?post_type=product&#038;p=105158"},"modified":"2024-11-25T10:50:26","modified_gmt":"2024-11-25T15:50:26","slug":"abcs6032c-r2-60x32-bases-acrylique","status":"publish","type":"product","link":"https:\/\/pdirect.ca\/en\/product\/abcs6032c-r2-60x32-bases-acrylique\/","title":{"rendered":"ABCS6032C\/R2 60&#215;32 Bases acrylique"},"content":{"rendered":"<p>60&#215;32 Base de douche en acrylique<\/p>\n<p>Avec la pr\u00e9sence de 11 appuis int\u00e9gr\u00e9s uniform\u00e9ment r\u00e9parties sous la base de douche, vous \u00eates s\u00fbrs d&rsquo;avoir une base de douche ultra-solide, sans mouvement et sans craquement lors de votre utilisation quotidienne. De plus, la surface lisse est accompagn\u00e9e de l\u00e9g\u00e8res bulles textur\u00e9es pour une fonction anti-d\u00e9rapante.<\/p>\n<p>Le drain de base de douche n&rsquo;est pas inclus. Pour des frais additionnels, obtenez\u00a0<a href=\"https:\/\/www.inventionmaison.com\/product\/shower-drain\" rel=\"noopener\"><em>un drain chrom\u00e9 ou noir m\u00e2t pour votre base de douche.<\/em><\/a><\/p>","protected":false},"excerpt":{"rendered":"<p>60&#215;32 Base de douche en acrylique<\/p>\n<p>Avec la pr\u00e9sence de 11 appuis int\u00e9gr\u00e9s uniform\u00e9ment r\u00e9parties sous la base de douche, vous \u00eates s\u00fbrs d&rsquo;avoir une base de douche ultra-solide, sans mouvement et sans craquement lors de votre utilisation quotidienne. De plus, la surface lisse est accompagn\u00e9e de l\u00e9g\u00e8res bulles textur\u00e9es pour une fonction anti-d\u00e9rapante.<\/p>\n<p>Le drain de base de douche n&rsquo;est pas inclus. Pour des frais additionnels, obtenez\u00a0<a href=\"https:\/\/www.inventionmaison.com\/product\/shower-drain\"><em>un drain chrom\u00e9 ou noir m\u00e2t pour votre base de douche.<\/em><\/a><\/p>","protected":false},"featured_media":105159,"comment_status":"closed","ping_status":"closed","template":"","meta":{"rank_math_lock_modified_date":false},"product_cat":[138],"product_tag":[],"class_list":{"0":"post-105158","1":"product","2":"type-product","3":"status-publish","4":"has-post-thumbnail","6":"product_cat-base-de-douche","7":"product_shipping_class-palette","9":"first","10":"instock","11":"taxable","12":"shipping-taxable","13":"purchasable","14":"product-type-simple"},"_links":{"self":[{"href":"https:\/\/pdirect.ca\/en\/wp-json\/wp\/v2\/product\/105158"}],"collection":[{"href":"https:\/\/pdirect.ca\/en\/wp-json\/wp\/v2\/product"}],"about":[{"href":"https:\/\/pdirect.ca\/en\/wp-json\/wp\/v2\/types\/product"}],"replies":[{"embeddable":true,"href":"https:\/\/pdirect.ca\/en\/wp-json\/wp\/v2\/comments?post=105158"}],"wp:featuredmedia":[{"embeddable":true,"href":"https:\/\/pdirect.ca\/en\/wp-json\/wp\/v2\/media\/105159"}],"wp:attachment":[{"href":"https:\/\/pdirect.ca\/en\/wp-json\/wp\/v2\/media?parent=105158"}],"wp:term":[{"taxonomy":"product_cat","embeddable":true,"href":"https:\/\/pdirect.ca\/en\/wp-json\/wp\/v2\/product_cat?post=105158"},{"taxonomy":"product_tag","embeddable":true,"href":"https:\/\/pdirect.ca\/en\/wp-json\/wp\/v2\/product_tag?post=105158"}],"curies":[{"name":"wp","href":"https:\/\/api.w.org\/{rel}","templated":true}]}}