{"id":105216,"date":"2023-03-27T17:02:59","date_gmt":"2023-03-27T17:02:59","guid":{"rendered":"https:\/\/pdirect.ca\/?post_type=product&#038;p=105216"},"modified":"2024-11-25T10:50:26","modified_gmt":"2024-11-25T15:50:26","slug":"im-0382mb","status":"publish","type":"product","link":"https:\/\/pdirect.ca\/en\/product\/im-0382mb\/","title":{"rendered":"Im-0382mb"},"content":{"rendered":"<div class=\"french\">\n<h4 class=\"product___heading\">Toilette noire monopi\u00e8ce \u00e0 double-chasse<\/h4>\n<\/div>\n<div class=\"french\">\n<div class=\"product__description w-richtext\">\n<p>Cette nouvelle toilette noire monobloc vous donnera un style moderne dans votre salle de bain. Avec les caract\u00e9ristiques des toilettes monopi\u00e8ces, ceux-ci int\u00e8grent le r\u00e9servoir et la cuvette pour un entretien facile.<\/p>\n<p>VEUILLEZ NOTER que les toilettes noires peuvent pr\u00e9sentent de l\u00e9g\u00e8res textures in\u00e9gales sur celle-ci en raison de sa couleur noire mate. En d&rsquo;autres mots, la couleur fonc\u00e9e peut mettre de l&#8217;emphase sur les textures in\u00e9gales.<\/p>\n<p>\u200d<\/p>\n<p>ENTRETIEN R\u00c9GULIER POUR LA PLOMBERIE NOIRE M\u00c2T<\/p>\n<ul role=\"list\">\n<li>Utiliser simplement un chiffon microfibre doux avec de l&rsquo;eau ti\u00e8de pour nettoyer<\/li>\n<li>\u00c9VITER d&rsquo;utiliser des produits de nettoyage abrasifs incluant des produits naturels acidiques sur le produit tels que le vinaigre, les d\u00e9tergents et les citrons, etc. Cela s&rsquo;applique \u00e9galement sur tous les produits qui ont un fini noir mat tels que les cr\u00e9pines\/ drains, robinetteries et douches!<\/li>\n<\/ul>\n<p>Le fait de ne pas nettoyer correctement vos produits entra\u00eenant un produit endommag\u00e9 n&rsquo;est PAS consid\u00e9r\u00e9 comme un d\u00e9faut de manufacturier au titre de la garantie du produit.<\/p>\n<\/div>\n<\/div>","protected":false},"excerpt":{"rendered":"<div class=\"french\">\n<h4 class=\"product___heading\">Toilette noire monopi\u00e8ce \u00e0 double-chasse<\/h4>\n<\/div>\n<div class=\"french\">\n<div class=\"product__description w-richtext\">\n<p>Cette nouvelle toilette noire monobloc vous donnera un style moderne dans votre salle de bain. Avec les caract\u00e9ristiques des toilettes monopi\u00e8ces, ceux-ci int\u00e8grent le r\u00e9servoir et la cuvette pour un entretien facile.<\/p>\n<p>VEUILLEZ NOTER que les toilettes noires peuvent pr\u00e9sentent de l\u00e9g\u00e8res textures in\u00e9gales sur celle-ci en raison de sa couleur noire mate. En d&rsquo;autres mots, la couleur fonc\u00e9e peut mettre de l&#8217;emphase sur les textures in\u00e9gales.<\/p>\n<p>\u200d<\/p>\n<p>ENTRETIEN R\u00c9GULIER POUR LA PLOMBERIE NOIRE M\u00c2T<\/p>\n<ul role=\"list\">\n<li>Utiliser simplement un chiffon microfibre doux avec de l&rsquo;eau ti\u00e8de pour nettoyer<\/li>\n<li>\u00c9VITER d&rsquo;utiliser des produits de nettoyage abrasifs incluant des produits naturels acidiques sur le produit tels que le vinaigre, les d\u00e9tergents et les citrons, etc. Cela s&rsquo;applique \u00e9galement sur tous les produits qui ont un fini noir mat tels que les cr\u00e9pines\/ drains, robinetteries et douches!<\/li>\n<\/ul>\n<p>Le fait de ne pas nettoyer correctement vos produits entra\u00eenant un produit endommag\u00e9 n&rsquo;est PAS consid\u00e9r\u00e9 comme un d\u00e9faut de manufacturier au titre de la garantie du produit.<\/p>\n<\/div>\n<\/div>","protected":false},"featured_media":105217,"comment_status":"closed","ping_status":"closed","template":"","meta":{"rank_math_lock_modified_date":false},"product_cat":[100],"product_tag":[],"class_list":{"0":"post-105216","1":"product","2":"type-product","3":"status-publish","4":"has-post-thumbnail","6":"product_cat-toilettes","7":"product_shipping_class-palette","9":"first","10":"instock","11":"taxable","12":"shipping-taxable","13":"purchasable","14":"product-type-simple"},"_links":{"self":[{"href":"https:\/\/pdirect.ca\/en\/wp-json\/wp\/v2\/product\/105216"}],"collection":[{"href":"https:\/\/pdirect.ca\/en\/wp-json\/wp\/v2\/product"}],"about":[{"href":"https:\/\/pdirect.ca\/en\/wp-json\/wp\/v2\/types\/product"}],"replies":[{"embeddable":true,"href":"https:\/\/pdirect.ca\/en\/wp-json\/wp\/v2\/comments?post=105216"}],"wp:featuredmedia":[{"embeddable":true,"href":"https:\/\/pdirect.ca\/en\/wp-json\/wp\/v2\/media\/105217"}],"wp:attachment":[{"href":"https:\/\/pdirect.ca\/en\/wp-json\/wp\/v2\/media?parent=105216"}],"wp:term":[{"taxonomy":"product_cat","embeddable":true,"href":"https:\/\/pdirect.ca\/en\/wp-json\/wp\/v2\/product_cat?post=105216"},{"taxonomy":"product_tag","embeddable":true,"href":"https:\/\/pdirect.ca\/en\/wp-json\/wp\/v2\/product_tag?post=105216"}],"curies":[{"name":"wp","href":"https:\/\/api.w.org\/{rel}","templated":true}]}}