{"id":105226,"date":"2023-03-27T17:23:39","date_gmt":"2023-03-27T17:23:39","guid":{"rendered":"https:\/\/pdirect.ca\/?post_type=product&#038;p=105226"},"modified":"2024-11-25T10:50:26","modified_gmt":"2024-11-25T15:50:26","slug":"im-0398","status":"publish","type":"product","link":"https:\/\/pdirect.ca\/en\/product\/im-0398\/","title":{"rendered":"IM-0398"},"content":{"rendered":"<h4 class=\"product___heading\">Toilette monopi\u00e8ce \u00e0 double-chasse<\/h4>\n<p>Cette toilette monopi\u00e8ce int\u00e8gre le r\u00e9servoir et la cuvette pour un entretien facile et un look moderne.<\/p>","protected":false},"excerpt":{"rendered":"<h4 class=\"product___heading\">Toilette monopi\u00e8ce \u00e0 double-chasse<\/h4>\n<p>Cette toilette monopi\u00e8ce int\u00e8gre le r\u00e9servoir et la cuvette pour un entretien facile et un look moderne.<\/p>","protected":false},"featured_media":105227,"comment_status":"closed","ping_status":"closed","template":"","meta":{"rank_math_lock_modified_date":false},"product_cat":[15],"product_tag":[],"class_list":{"0":"post-105226","1":"product","2":"type-product","3":"status-publish","4":"has-post-thumbnail","6":"product_cat-uncategorized","7":"product_shipping_class-palette","9":"first","10":"instock","11":"taxable","12":"shipping-taxable","13":"purchasable","14":"product-type-simple"},"_links":{"self":[{"href":"https:\/\/pdirect.ca\/en\/wp-json\/wp\/v2\/product\/105226"}],"collection":[{"href":"https:\/\/pdirect.ca\/en\/wp-json\/wp\/v2\/product"}],"about":[{"href":"https:\/\/pdirect.ca\/en\/wp-json\/wp\/v2\/types\/product"}],"replies":[{"embeddable":true,"href":"https:\/\/pdirect.ca\/en\/wp-json\/wp\/v2\/comments?post=105226"}],"wp:featuredmedia":[{"embeddable":true,"href":"https:\/\/pdirect.ca\/en\/wp-json\/wp\/v2\/media\/105227"}],"wp:attachment":[{"href":"https:\/\/pdirect.ca\/en\/wp-json\/wp\/v2\/media?parent=105226"}],"wp:term":[{"taxonomy":"product_cat","embeddable":true,"href":"https:\/\/pdirect.ca\/en\/wp-json\/wp\/v2\/product_cat?post=105226"},{"taxonomy":"product_tag","embeddable":true,"href":"https:\/\/pdirect.ca\/en\/wp-json\/wp\/v2\/product_tag?post=105226"}],"curies":[{"name":"wp","href":"https:\/\/api.w.org\/{rel}","templated":true}]}}