{"id":105238,"date":"2023-03-27T17:47:58","date_gmt":"2023-03-27T17:47:58","guid":{"rendered":"https:\/\/pdirect.ca\/?post_type=product&#038;p=105238"},"modified":"2024-11-25T10:49:39","modified_gmt":"2024-11-25T15:49:39","slug":"im-e03-smart-toilette","status":"publish","type":"product","link":"https:\/\/pdirect.ca\/en\/product\/im-e03-smart-toilette\/","title":{"rendered":"IM-E03 Smart Toilette"},"content":{"rendered":"<div class=\"french\">\n<h4 class=\"product___heading\">Toilette intelligente automatique et d\u00e9tecteur de mouvement<\/h4>\n<\/div>\n<div class=\"french\">\n<div class=\"product__description w-richtext\">\n<p>Dott\u00e9e d\u2019une technologie avanc\u00e9e, cette toilette intelligente promet un plus grand confort et une meilleure hygi\u00e8ne dans votre propre maison. Avec un bidet de luxe accompagn\u00e9e d&rsquo;une buse antiseptiqueses et autres caract\u00e9ristiques haut de gamme, la toilette intelligente peut \u00eatre personnalis\u00e9e pour plus d\u2019une personne, un compl\u00e9ment parfait \u00e0 votre salle de bain pour une meilleure hygi\u00e8ne pour tous les membres de la famille.<\/p>\n<\/div>\n<\/div>","protected":false},"excerpt":{"rendered":"<div class=\"french\">\n<h4 class=\"product___heading\">Toilette intelligente automatique et d\u00e9tecteur de mouvement<\/h4>\n<\/div>\n<div class=\"french\">\n<div class=\"product__description w-richtext\">\n<p>Dott\u00e9e d\u2019une technologie avanc\u00e9e, cette toilette intelligente promet un plus grand confort et une meilleure hygi\u00e8ne dans votre propre maison. Avec un bidet de luxe accompagn\u00e9e d&rsquo;une buse antiseptiqueses et autres caract\u00e9ristiques haut de gamme, la toilette intelligente peut \u00eatre personnalis\u00e9e pour plus d\u2019une personne, un compl\u00e9ment parfait \u00e0 votre salle de bain pour une meilleure hygi\u00e8ne pour tous les membres de la famille.<\/p>\n<\/div>\n<\/div>","protected":false},"featured_media":105239,"comment_status":"closed","ping_status":"closed","template":"","meta":{"rank_math_lock_modified_date":false},"product_cat":[100],"product_tag":[],"class_list":{"0":"post-105238","1":"product","2":"type-product","3":"status-publish","4":"has-post-thumbnail","6":"product_cat-toilettes","7":"product_shipping_class-palette","9":"first","10":"instock","11":"taxable","12":"shipping-taxable","13":"purchasable","14":"product-type-simple"},"_links":{"self":[{"href":"https:\/\/pdirect.ca\/en\/wp-json\/wp\/v2\/product\/105238"}],"collection":[{"href":"https:\/\/pdirect.ca\/en\/wp-json\/wp\/v2\/product"}],"about":[{"href":"https:\/\/pdirect.ca\/en\/wp-json\/wp\/v2\/types\/product"}],"replies":[{"embeddable":true,"href":"https:\/\/pdirect.ca\/en\/wp-json\/wp\/v2\/comments?post=105238"}],"wp:featuredmedia":[{"embeddable":true,"href":"https:\/\/pdirect.ca\/en\/wp-json\/wp\/v2\/media\/105239"}],"wp:attachment":[{"href":"https:\/\/pdirect.ca\/en\/wp-json\/wp\/v2\/media?parent=105238"}],"wp:term":[{"taxonomy":"product_cat","embeddable":true,"href":"https:\/\/pdirect.ca\/en\/wp-json\/wp\/v2\/product_cat?post=105238"},{"taxonomy":"product_tag","embeddable":true,"href":"https:\/\/pdirect.ca\/en\/wp-json\/wp\/v2\/product_tag?post=105238"}],"curies":[{"name":"wp","href":"https:\/\/api.w.org\/{rel}","templated":true}]}}