{"id":105240,"date":"2023-03-27T17:53:43","date_gmt":"2023-03-27T17:53:43","guid":{"rendered":"https:\/\/pdirect.ca\/?post_type=product&#038;p=105240"},"modified":"2024-11-25T10:49:39","modified_gmt":"2024-11-25T15:49:39","slug":"im-0708w","status":"publish","type":"product","link":"https:\/\/pdirect.ca\/en\/product\/im-0708w\/","title":{"rendered":"IM-0708W"},"content":{"rendered":"<div class=\"french\">\n<h4 class=\"product___heading\">Toilette murale blanche<\/h4>\n<h4 class=\"product___heading\">Con\u00e7u avec un design moderne \u00e0 l&rsquo;esprit, cette toilette murale s&rsquo;int\u00e9grera parfaitement dans n&rsquo;importe quelle salle de bain. Facile \u00e0 nettoyer et durable, la toilette contient \u00e9galement une chasse d&rsquo;eau sans rebord, qui projette l&rsquo;eau directement vers les bordures et autour de la cuvette pour s&rsquo;assurer qu&rsquo;aucun endroit dans le bol ne soit oubli\u00e9.<\/h4>\n<\/div>\n<p>incluse pas flush et r\u00e9servoir<\/p>","protected":false},"excerpt":{"rendered":"<h4 class=\"product___heading\">Toilette murale blanche<\/h4>\n<h4 class=\"product___heading\">Con\u00e7u avec un design moderne \u00e0 l&rsquo;esprit, cette toilette murale s&rsquo;int\u00e9grera parfaitement dans n&rsquo;importe quelle salle de bain. Facile \u00e0 nettoyer et durable, la toilette contient \u00e9galement une chasse d&rsquo;eau sans rebord, qui projette l&rsquo;eau directement vers les bordures et autour de la cuvette pour s&rsquo;assurer qu&rsquo;aucun endroit dans le bol ne soit oubli\u00e9.<\/h4>\n<p>incluse pas flush et r\u00e9servoir<\/p>","protected":false},"featured_media":105241,"comment_status":"closed","ping_status":"closed","template":"","meta":{"rank_math_lock_modified_date":false},"product_cat":[100],"product_tag":[],"class_list":{"0":"post-105240","1":"product","2":"type-product","3":"status-publish","4":"has-post-thumbnail","6":"product_cat-toilettes","7":"product_shipping_class-palette","9":"first","10":"instock","11":"taxable","12":"shipping-taxable","13":"purchasable","14":"product-type-simple"},"_links":{"self":[{"href":"https:\/\/pdirect.ca\/en\/wp-json\/wp\/v2\/product\/105240"}],"collection":[{"href":"https:\/\/pdirect.ca\/en\/wp-json\/wp\/v2\/product"}],"about":[{"href":"https:\/\/pdirect.ca\/en\/wp-json\/wp\/v2\/types\/product"}],"replies":[{"embeddable":true,"href":"https:\/\/pdirect.ca\/en\/wp-json\/wp\/v2\/comments?post=105240"}],"wp:featuredmedia":[{"embeddable":true,"href":"https:\/\/pdirect.ca\/en\/wp-json\/wp\/v2\/media\/105241"}],"wp:attachment":[{"href":"https:\/\/pdirect.ca\/en\/wp-json\/wp\/v2\/media?parent=105240"}],"wp:term":[{"taxonomy":"product_cat","embeddable":true,"href":"https:\/\/pdirect.ca\/en\/wp-json\/wp\/v2\/product_cat?post=105240"},{"taxonomy":"product_tag","embeddable":true,"href":"https:\/\/pdirect.ca\/en\/wp-json\/wp\/v2\/product_tag?post=105240"}],"curies":[{"name":"wp","href":"https:\/\/api.w.org\/{rel}","templated":true}]}}