{"id":105244,"date":"2023-03-28T16:46:51","date_gmt":"2023-03-28T16:46:51","guid":{"rendered":"https:\/\/pdirect.ca\/?post_type=product&#038;p=105244"},"modified":"2024-11-25T10:49:39","modified_gmt":"2024-11-25T15:49:39","slug":"alicia-24-o","status":"publish","type":"product","link":"https:\/\/pdirect.ca\/en\/product\/alicia-24-o\/","title":{"rendered":"Alicia 24-O"},"content":{"rendered":"<div class=\"french\">\n<h4 class=\"product___heading\">Alicia 24&Prime; lavabo en polym\u00e8re noir m\u00e2t avec meuble en MDF<\/h4>\n<\/div>\n<div class=\"french\">\n<div class=\"product__description w-richtext\">\n<p>Vanit\u00e9 salle de bain avec lavabo noir<\/p>\n<p>Cr\u00e9ez un contraste \u00e9l\u00e9gant et magnifique avec un lavabo en polym\u00e8re noir m\u00e2t et un meuble en MDF. Le lavabo inclut un couvert de trop-plein noir m\u00e2t, mais le drain pop-up se vend s\u00e9par\u00e9ment.<\/p>\n<\/div>\n<\/div>","protected":false},"excerpt":{"rendered":"<div class=\"french\">\n<h4 class=\"product___heading\">Alicia 24&Prime; lavabo en polym\u00e8re noir m\u00e2t avec meuble en MDF<\/h4>\n<\/div>\n<div class=\"french\">\n<div class=\"product__description w-richtext\">\n<p>Vanit\u00e9 salle de bain avec lavabo noir<\/p>\n<p>Cr\u00e9ez un contraste \u00e9l\u00e9gant et magnifique avec un lavabo en polym\u00e8re noir m\u00e2t et un meuble en MDF. Le lavabo inclut un couvert de trop-plein noir m\u00e2t, mais le drain pop-up se vend s\u00e9par\u00e9ment.<\/p>\n<\/div>\n<\/div>","protected":false},"featured_media":105245,"comment_status":"closed","ping_status":"closed","template":"","meta":{"rank_math_lock_modified_date":false},"product_cat":[121],"product_tag":[],"class_list":{"0":"post-105244","1":"product","2":"type-product","3":"status-publish","4":"has-post-thumbnail","6":"product_cat-vanite","7":"product_shipping_class-palette","9":"first","10":"instock","11":"taxable","12":"shipping-taxable","13":"purchasable","14":"product-type-simple"},"_links":{"self":[{"href":"https:\/\/pdirect.ca\/en\/wp-json\/wp\/v2\/product\/105244"}],"collection":[{"href":"https:\/\/pdirect.ca\/en\/wp-json\/wp\/v2\/product"}],"about":[{"href":"https:\/\/pdirect.ca\/en\/wp-json\/wp\/v2\/types\/product"}],"replies":[{"embeddable":true,"href":"https:\/\/pdirect.ca\/en\/wp-json\/wp\/v2\/comments?post=105244"}],"wp:featuredmedia":[{"embeddable":true,"href":"https:\/\/pdirect.ca\/en\/wp-json\/wp\/v2\/media\/105245"}],"wp:attachment":[{"href":"https:\/\/pdirect.ca\/en\/wp-json\/wp\/v2\/media?parent=105244"}],"wp:term":[{"taxonomy":"product_cat","embeddable":true,"href":"https:\/\/pdirect.ca\/en\/wp-json\/wp\/v2\/product_cat?post=105244"},{"taxonomy":"product_tag","embeddable":true,"href":"https:\/\/pdirect.ca\/en\/wp-json\/wp\/v2\/product_tag?post=105244"}],"curies":[{"name":"wp","href":"https:\/\/api.w.org\/{rel}","templated":true}]}}