{"id":105288,"date":"2023-03-29T16:58:13","date_gmt":"2023-03-29T16:58:13","guid":{"rendered":"https:\/\/pdirect.ca\/?post_type=product&#038;p=105288"},"modified":"2024-11-25T10:49:14","modified_gmt":"2024-11-25T15:49:14","slug":"t400-16-fo","status":"publish","type":"product","link":"https:\/\/pdirect.ca\/en\/product\/t400-16-fo\/","title":{"rendered":"T400 16-FO"},"content":{"rendered":"<div class=\"french\">\n<h4 class=\"product___heading\">Meuble-lavabo mural, 16po avec dessus en acrylique<\/h4>\n<\/div>\n<div class=\"div-block-12\">\n<div class=\"french\">\n<div class=\"w-dyn-list\">\n<div class=\"w-dyn-items\" role=\"list\">\n<div class=\"breadcrumps__wrap is-bottom-margin-10 w-dyn-item\" role=\"listitem\"><\/div>\n<\/div>\n<\/div>\n<\/div>\n<\/div>\n<div class=\"french\">\n<div class=\"product__description w-richtext\">\n<p>Avec sa conception particuli\u00e8re pour les petites espaces, cet ensemble de vanit\u00e9 est parfait pour compl\u00e9ter une salle d&rsquo;eau minimaliste. Sa taille \u00e9conomique permet d&rsquo;entreposer toutes les n\u00e9cessit\u00e9s tout en gardant le plein fonctionalit\u00e9 d&rsquo;une vanit\u00e9 de taille r\u00e9guli\u00e8re.<\/p>\n<p>\u200d<\/p>\n<\/div>\n<\/div>","protected":false},"excerpt":{"rendered":"<div class=\"french\">\n<h4 class=\"product___heading\">Meuble-lavabo mural, 16po avec dessus en acrylique<\/h4>\n<\/div>\n<div class=\"div-block-12\">\n<div class=\"french\">\n<div class=\"w-dyn-list\">\n<div class=\"w-dyn-items\" role=\"list\">\n<div class=\"breadcrumps__wrap is-bottom-margin-10 w-dyn-item\" role=\"listitem\"><\/div>\n<\/div>\n<\/div>\n<\/div>\n<\/div>\n<div class=\"french\">\n<div class=\"product__description w-richtext\">\n<p>Avec sa conception particuli\u00e8re pour les petites espaces, cet ensemble de vanit\u00e9 est parfait pour compl\u00e9ter une salle d&rsquo;eau minimaliste. Sa taille \u00e9conomique permet d&rsquo;entreposer toutes les n\u00e9cessit\u00e9s tout en gardant le plein fonctionalit\u00e9 d&rsquo;une vanit\u00e9 de taille r\u00e9guli\u00e8re.<\/p>\n<p>\u200d<\/p>\n<\/div>\n<\/div>","protected":false},"featured_media":105289,"comment_status":"closed","ping_status":"closed","template":"","meta":{"rank_math_lock_modified_date":false},"product_cat":[121],"product_tag":[],"class_list":{"0":"post-105288","1":"product","2":"type-product","3":"status-publish","4":"has-post-thumbnail","6":"product_cat-vanite","7":"product_shipping_class-palette","9":"first","10":"instock","11":"taxable","12":"shipping-taxable","13":"purchasable","14":"product-type-simple"},"_links":{"self":[{"href":"https:\/\/pdirect.ca\/en\/wp-json\/wp\/v2\/product\/105288"}],"collection":[{"href":"https:\/\/pdirect.ca\/en\/wp-json\/wp\/v2\/product"}],"about":[{"href":"https:\/\/pdirect.ca\/en\/wp-json\/wp\/v2\/types\/product"}],"replies":[{"embeddable":true,"href":"https:\/\/pdirect.ca\/en\/wp-json\/wp\/v2\/comments?post=105288"}],"wp:featuredmedia":[{"embeddable":true,"href":"https:\/\/pdirect.ca\/en\/wp-json\/wp\/v2\/media\/105289"}],"wp:attachment":[{"href":"https:\/\/pdirect.ca\/en\/wp-json\/wp\/v2\/media?parent=105288"}],"wp:term":[{"taxonomy":"product_cat","embeddable":true,"href":"https:\/\/pdirect.ca\/en\/wp-json\/wp\/v2\/product_cat?post=105288"},{"taxonomy":"product_tag","embeddable":true,"href":"https:\/\/pdirect.ca\/en\/wp-json\/wp\/v2\/product_tag?post=105288"}],"curies":[{"name":"wp","href":"https:\/\/api.w.org\/{rel}","templated":true}]}}