{"id":105297,"date":"2023-03-29T17:30:45","date_gmt":"2023-03-29T17:30:45","guid":{"rendered":"https:\/\/pdirect.ca\/?post_type=product&#038;p=105297"},"modified":"2024-11-25T10:49:14","modified_gmt":"2024-11-25T15:49:14","slug":"lugano-72-vanity-white","status":"publish","type":"product","link":"https:\/\/pdirect.ca\/en\/product\/lugano-72-vanity-white\/","title":{"rendered":"Lugano 72 Vanity White"},"content":{"rendered":"<div class=\"french\">\n<h4 class=\"product___heading\">Lugano Vanit\u00e9 sur pattes 72po, lavabo double en blanc lustr\u00e9<\/h4>\n<\/div>\n<div class=\"french\">\n<div class=\"product__description w-richtext\">\n<p>72po Vanit\u00e9 salle de bain murale avec lavabo blanc<\/p>\n<p>La s\u00e9rie de vanit\u00e9 Lugano compl\u00e8te la conception minimaliste tout en offrant un espace de rangement suppl\u00e9mentaire dans votre salle de bain. L&rsquo;ensemble est con\u00e7u pour r\u00e9sister \u00e0 l\u2019humidit\u00e9 afin d&rsquo;assurer une durabilit\u00e9 allong\u00e9e.<\/p>\n<\/div>\n<\/div>","protected":false},"excerpt":{"rendered":"<div class=\"french\">\n<h4 class=\"product___heading\">Lugano Vanit\u00e9 sur pattes 72po, lavabo double en blanc lustr\u00e9<\/h4>\n<\/div>\n<div class=\"french\">\n<div class=\"product__description w-richtext\">\n<p>72po Vanit\u00e9 salle de bain murale avec lavabo blanc<\/p>\n<p>La s\u00e9rie de vanit\u00e9 Lugano compl\u00e8te la conception minimaliste tout en offrant un espace de rangement suppl\u00e9mentaire dans votre salle de bain. L&rsquo;ensemble est con\u00e7u pour r\u00e9sister \u00e0 l\u2019humidit\u00e9 afin d&rsquo;assurer une durabilit\u00e9 allong\u00e9e.<\/p>\n<\/div>\n<\/div>","protected":false},"featured_media":105298,"comment_status":"closed","ping_status":"closed","template":"","meta":{"rank_math_lock_modified_date":false},"product_cat":[121],"product_tag":[],"class_list":{"0":"post-105297","1":"product","2":"type-product","3":"status-publish","4":"has-post-thumbnail","6":"product_cat-vanite","7":"product_shipping_class-palette","9":"first","10":"instock","11":"taxable","12":"shipping-taxable","13":"purchasable","14":"product-type-simple"},"_links":{"self":[{"href":"https:\/\/pdirect.ca\/en\/wp-json\/wp\/v2\/product\/105297"}],"collection":[{"href":"https:\/\/pdirect.ca\/en\/wp-json\/wp\/v2\/product"}],"about":[{"href":"https:\/\/pdirect.ca\/en\/wp-json\/wp\/v2\/types\/product"}],"replies":[{"embeddable":true,"href":"https:\/\/pdirect.ca\/en\/wp-json\/wp\/v2\/comments?post=105297"}],"wp:featuredmedia":[{"embeddable":true,"href":"https:\/\/pdirect.ca\/en\/wp-json\/wp\/v2\/media\/105298"}],"wp:attachment":[{"href":"https:\/\/pdirect.ca\/en\/wp-json\/wp\/v2\/media?parent=105297"}],"wp:term":[{"taxonomy":"product_cat","embeddable":true,"href":"https:\/\/pdirect.ca\/en\/wp-json\/wp\/v2\/product_cat?post=105297"},{"taxonomy":"product_tag","embeddable":true,"href":"https:\/\/pdirect.ca\/en\/wp-json\/wp\/v2\/product_tag?post=105297"}],"curies":[{"name":"wp","href":"https:\/\/api.w.org\/{rel}","templated":true}]}}