{"id":105299,"date":"2023-03-29T17:33:17","date_gmt":"2023-03-29T17:33:17","guid":{"rendered":"https:\/\/pdirect.ca\/?post_type=product&#038;p=105299"},"modified":"2024-11-25T10:49:14","modified_gmt":"2024-11-25T15:49:14","slug":"lugano-60-vanity-white","status":"publish","type":"product","link":"https:\/\/pdirect.ca\/en\/product\/lugano-60-vanity-white\/","title":{"rendered":"Lugano 60 Vanity White"},"content":{"rendered":"<div class=\"french\">\n<h4 class=\"product___heading\">Lugano Vanit\u00e9 sur pattes 60po, lavabo double<\/h4>\n<\/div>\n<div class=\"french\">\n<div class=\"product__description w-richtext\">\n<p>Vanit\u00e9 60po sur plancher<\/p>\n<p>La s\u00e9rie de vanit\u00e9 Lugano compl\u00e8te la conception minimaliste tout en offrant un espace de rangement suppl\u00e9mentaire dans votre salle de bain. L&rsquo;ensemble est con\u00e7u pour r\u00e9sister \u00e0 l\u2019humidit\u00e9 afin d&rsquo;assurer une durabilit\u00e9 allong\u00e9e.<\/p>\n<p>*Le miroir, robinet, et drain sont vendus spar\u00e9mment. Veuillez noter que nous ne vendons pas l&rsquo;armoire lat\u00e9rale qui correspond \u00e0 cet ensemble<\/p>\n<\/div>\n<\/div>","protected":false},"excerpt":{"rendered":"<div class=\"french\">\n<h4 class=\"product___heading\">Lugano Vanit\u00e9 sur pattes 60po, lavabo double<\/h4>\n<\/div>\n<div class=\"french\">\n<div class=\"product__description w-richtext\">\n<p>Vanit\u00e9 60po sur plancher<\/p>\n<p>La s\u00e9rie de vanit\u00e9 Lugano compl\u00e8te la conception minimaliste tout en offrant un espace de rangement suppl\u00e9mentaire dans votre salle de bain. L&rsquo;ensemble est con\u00e7u pour r\u00e9sister \u00e0 l\u2019humidit\u00e9 afin d&rsquo;assurer une durabilit\u00e9 allong\u00e9e.<\/p>\n<p>*Le miroir, robinet, et drain sont vendus spar\u00e9mment. Veuillez noter que nous ne vendons pas l&rsquo;armoire lat\u00e9rale qui correspond \u00e0 cet ensemble<\/p>\n<\/div>\n<\/div>","protected":false},"featured_media":105300,"comment_status":"closed","ping_status":"closed","template":"","meta":{"rank_math_lock_modified_date":false},"product_cat":[121],"product_tag":[],"class_list":{"0":"post-105299","1":"product","2":"type-product","3":"status-publish","4":"has-post-thumbnail","6":"product_cat-vanite","7":"product_shipping_class-palette","9":"first","10":"instock","11":"taxable","12":"shipping-taxable","13":"purchasable","14":"product-type-simple"},"_links":{"self":[{"href":"https:\/\/pdirect.ca\/en\/wp-json\/wp\/v2\/product\/105299"}],"collection":[{"href":"https:\/\/pdirect.ca\/en\/wp-json\/wp\/v2\/product"}],"about":[{"href":"https:\/\/pdirect.ca\/en\/wp-json\/wp\/v2\/types\/product"}],"replies":[{"embeddable":true,"href":"https:\/\/pdirect.ca\/en\/wp-json\/wp\/v2\/comments?post=105299"}],"wp:featuredmedia":[{"embeddable":true,"href":"https:\/\/pdirect.ca\/en\/wp-json\/wp\/v2\/media\/105300"}],"wp:attachment":[{"href":"https:\/\/pdirect.ca\/en\/wp-json\/wp\/v2\/media?parent=105299"}],"wp:term":[{"taxonomy":"product_cat","embeddable":true,"href":"https:\/\/pdirect.ca\/en\/wp-json\/wp\/v2\/product_cat?post=105299"},{"taxonomy":"product_tag","embeddable":true,"href":"https:\/\/pdirect.ca\/en\/wp-json\/wp\/v2\/product_tag?post=105299"}],"curies":[{"name":"wp","href":"https:\/\/api.w.org\/{rel}","templated":true}]}}