{"id":105310,"date":"2023-03-29T17:50:05","date_gmt":"2023-03-29T17:50:05","guid":{"rendered":"https:\/\/pdirect.ca\/?post_type=product&#038;p=105310"},"modified":"2024-11-25T10:49:13","modified_gmt":"2024-11-25T15:49:13","slug":"alice-64-b-d","status":"publish","type":"product","link":"https:\/\/pdirect.ca\/en\/product\/alice-64-b-d\/","title":{"rendered":"Alice 64-B-D"},"content":{"rendered":"<div class=\"french\">\n<h4 class=\"product___heading\">Alice Vanit\u00e9 mural 64po, lavabo double avec des tiroirs \u00e0 fermeture douce<\/h4>\n<\/div>\n<div class=\"french\">\n<div class=\"product__description w-richtext\">\n<p>Vanit\u00e9 murale \u00e0 lavabo double pour la salle de bain<\/p>\n<p>Avec sa conception simple et minimaliste, cette vanit\u00e9 englobe parfaitement un style intemporel et un aspect de fonctionnalit\u00e9. Ses couleurs modernes resteront \u00e0 d\u00e9sirer pour toujours et ses tiroirs comportent une fermeture douce qui donnent amplement d&rsquo;espace pour ranger les produits essentiels d&rsquo;une salle de bain!<\/p>\n<p>\u200d<\/p>\n<\/div>\n<\/div>","protected":false},"excerpt":{"rendered":"<div class=\"french\">\n<h4 class=\"product___heading\">Alice Vanit\u00e9 mural 64po, lavabo double avec des tiroirs \u00e0 fermeture douce<\/h4>\n<\/div>\n<div class=\"french\">\n<div class=\"product__description w-richtext\">\n<p>Vanit\u00e9 murale \u00e0 lavabo double pour la salle de bain<\/p>\n<p>Avec sa conception simple et minimaliste, cette vanit\u00e9 englobe parfaitement un style intemporel et un aspect de fonctionnalit\u00e9. Ses couleurs modernes resteront \u00e0 d\u00e9sirer pour toujours et ses tiroirs comportent une fermeture douce qui donnent amplement d&rsquo;espace pour ranger les produits essentiels d&rsquo;une salle de bain!<\/p>\n<p>\u200d<\/p>\n<\/div>\n<\/div>","protected":false},"featured_media":105311,"comment_status":"closed","ping_status":"closed","template":"","meta":{"rank_math_lock_modified_date":false},"product_cat":[121],"product_tag":[],"class_list":{"0":"post-105310","1":"product","2":"type-product","3":"status-publish","4":"has-post-thumbnail","6":"product_cat-vanite","7":"product_shipping_class-palette","9":"first","10":"instock","11":"taxable","12":"shipping-taxable","13":"purchasable","14":"product-type-simple"},"_links":{"self":[{"href":"https:\/\/pdirect.ca\/en\/wp-json\/wp\/v2\/product\/105310"}],"collection":[{"href":"https:\/\/pdirect.ca\/en\/wp-json\/wp\/v2\/product"}],"about":[{"href":"https:\/\/pdirect.ca\/en\/wp-json\/wp\/v2\/types\/product"}],"replies":[{"embeddable":true,"href":"https:\/\/pdirect.ca\/en\/wp-json\/wp\/v2\/comments?post=105310"}],"wp:featuredmedia":[{"embeddable":true,"href":"https:\/\/pdirect.ca\/en\/wp-json\/wp\/v2\/media\/105311"}],"wp:attachment":[{"href":"https:\/\/pdirect.ca\/en\/wp-json\/wp\/v2\/media?parent=105310"}],"wp:term":[{"taxonomy":"product_cat","embeddable":true,"href":"https:\/\/pdirect.ca\/en\/wp-json\/wp\/v2\/product_cat?post=105310"},{"taxonomy":"product_tag","embeddable":true,"href":"https:\/\/pdirect.ca\/en\/wp-json\/wp\/v2\/product_tag?post=105310"}],"curies":[{"name":"wp","href":"https:\/\/api.w.org\/{rel}","templated":true}]}}