{"id":105312,"date":"2023-03-29T17:57:36","date_gmt":"2023-03-29T17:57:36","guid":{"rendered":"https:\/\/pdirect.ca\/?post_type=product&#038;p=105312"},"modified":"2024-11-25T10:49:13","modified_gmt":"2024-11-25T15:49:13","slug":"alice-32-o","status":"publish","type":"product","link":"https:\/\/pdirect.ca\/en\/product\/alice-32-o\/","title":{"rendered":"Alice 32-O"},"content":{"rendered":"<div class=\"french\">\n<h4 class=\"product___heading\">Alice Vanit\u00e9 mural 32po avec des tiroirs \u00e0 fermeture douce<\/h4>\n<\/div>\n<div class=\"div-block-12\">\n<div class=\"french\">\n<div class=\"w-dyn-list\">\n<div class=\"w-dyn-items\" role=\"list\">\n<div class=\"breadcrumps__wrap is-bottom-margin-10 w-dyn-item\" role=\"listitem\"><\/div>\n<\/div>\n<\/div>\n<\/div>\n<\/div>\n<div class=\"french\">\n<div class=\"product__description w-richtext\">\n<p>Vanit\u00e9 murale avec lavabo simple 32po<\/p>\n<p>Avec sa conception simple et minimaliste, cette vanit\u00e9 englobe parfaitement un style intemporel et un aspect de fonctionnalit\u00e9. Ses couleurs modernes resteront \u00e0 d\u00e9sirer pour toujours et ses tiroirs comportent une fermeture douce qui donnent amplement d&rsquo;espace pour ranger les produits essentiels d&rsquo;une salle de bain!<\/p>\n<\/div>\n<\/div>","protected":false},"excerpt":{"rendered":"<div class=\"french\">\n<h4 class=\"product___heading\">Alice Vanit\u00e9 mural 32po avec des tiroirs \u00e0 fermeture douce<\/h4>\n<\/div>\n<div class=\"div-block-12\">\n<div class=\"french\">\n<div class=\"w-dyn-list\">\n<div class=\"w-dyn-items\" role=\"list\">\n<div class=\"breadcrumps__wrap is-bottom-margin-10 w-dyn-item\" role=\"listitem\"><\/div>\n<\/div>\n<\/div>\n<\/div>\n<\/div>\n<div class=\"french\">\n<div class=\"product__description w-richtext\">\n<p>Vanit\u00e9 murale avec lavabo simple 32po<\/p>\n<p>Avec sa conception simple et minimaliste, cette vanit\u00e9 englobe parfaitement un style intemporel et un aspect de fonctionnalit\u00e9. Ses couleurs modernes resteront \u00e0 d\u00e9sirer pour toujours et ses tiroirs comportent une fermeture douce qui donnent amplement d&rsquo;espace pour ranger les produits essentiels d&rsquo;une salle de bain!<\/p>\n<\/div>\n<\/div>","protected":false},"featured_media":105313,"comment_status":"closed","ping_status":"closed","template":"","meta":{"rank_math_lock_modified_date":false},"product_cat":[121],"product_tag":[],"class_list":{"0":"post-105312","1":"product","2":"type-product","3":"status-publish","4":"has-post-thumbnail","6":"product_cat-vanite","7":"product_shipping_class-palette","9":"first","10":"instock","11":"taxable","12":"shipping-taxable","13":"purchasable","14":"product-type-simple"},"_links":{"self":[{"href":"https:\/\/pdirect.ca\/en\/wp-json\/wp\/v2\/product\/105312"}],"collection":[{"href":"https:\/\/pdirect.ca\/en\/wp-json\/wp\/v2\/product"}],"about":[{"href":"https:\/\/pdirect.ca\/en\/wp-json\/wp\/v2\/types\/product"}],"replies":[{"embeddable":true,"href":"https:\/\/pdirect.ca\/en\/wp-json\/wp\/v2\/comments?post=105312"}],"wp:featuredmedia":[{"embeddable":true,"href":"https:\/\/pdirect.ca\/en\/wp-json\/wp\/v2\/media\/105313"}],"wp:attachment":[{"href":"https:\/\/pdirect.ca\/en\/wp-json\/wp\/v2\/media?parent=105312"}],"wp:term":[{"taxonomy":"product_cat","embeddable":true,"href":"https:\/\/pdirect.ca\/en\/wp-json\/wp\/v2\/product_cat?post=105312"},{"taxonomy":"product_tag","embeddable":true,"href":"https:\/\/pdirect.ca\/en\/wp-json\/wp\/v2\/product_tag?post=105312"}],"curies":[{"name":"wp","href":"https:\/\/api.w.org\/{rel}","templated":true}]}}