{"id":105341,"date":"2023-03-30T17:51:16","date_gmt":"2023-03-30T17:51:16","guid":{"rendered":"https:\/\/pdirect.ca\/?post_type=product&#038;p=105341"},"modified":"2024-11-25T10:48:33","modified_gmt":"2024-11-25T15:48:33","slug":"48-simon-walnut","status":"publish","type":"product","link":"https:\/\/pdirect.ca\/en\/product\/48-simon-walnut\/","title":{"rendered":"48&Prime; Simon Walnut"},"content":{"rendered":"<div class=\"french\">\n<h4 class=\"product___heading\">Vanit\u00e9 Noisette avec lavabo noir m\u00e2t en sable de quartz SIMON<\/h4>\n<\/div>\n<div class=\"french\">\n<div class=\"product__description w-richtext\">\n<p>Inspir\u00e9 par la beaut\u00e9 de la g\u00e9om\u00e9trie avec la combinaison de l&rsquo;espace, des contrastes de lumi\u00e8res et des ombres, cette vanit\u00e9 est la v\u00e9ritable d\u00e9finition du minimalisme et de l&rsquo;esth\u00e9tique. Son lavabo lisse permet un nettoyage tr\u00e8s facile et sans effort de la surface.<\/p>\n<\/div>\n<\/div>","protected":false},"excerpt":{"rendered":"<div class=\"french\">\n<h4 class=\"product___heading\">Vanit\u00e9 Noisette avec lavabo noir m\u00e2t en sable de quartz SIMON<\/h4>\n<\/div>\n<div class=\"french\">\n<div class=\"product__description w-richtext\">\n<p>Inspir\u00e9 par la beaut\u00e9 de la g\u00e9om\u00e9trie avec la combinaison de l&rsquo;espace, des contrastes de lumi\u00e8res et des ombres, cette vanit\u00e9 est la v\u00e9ritable d\u00e9finition du minimalisme et de l&rsquo;esth\u00e9tique. Son lavabo lisse permet un nettoyage tr\u00e8s facile et sans effort de la surface.<\/p>\n<\/div>\n<\/div>","protected":false},"featured_media":105342,"comment_status":"closed","ping_status":"closed","template":"","meta":{"rank_math_lock_modified_date":false},"product_cat":[121],"product_tag":[],"class_list":{"0":"post-105341","1":"product","2":"type-product","3":"status-publish","4":"has-post-thumbnail","6":"product_cat-vanite","7":"product_shipping_class-palette","9":"first","10":"instock","11":"taxable","12":"shipping-taxable","13":"purchasable","14":"product-type-simple"},"_links":{"self":[{"href":"https:\/\/pdirect.ca\/en\/wp-json\/wp\/v2\/product\/105341"}],"collection":[{"href":"https:\/\/pdirect.ca\/en\/wp-json\/wp\/v2\/product"}],"about":[{"href":"https:\/\/pdirect.ca\/en\/wp-json\/wp\/v2\/types\/product"}],"replies":[{"embeddable":true,"href":"https:\/\/pdirect.ca\/en\/wp-json\/wp\/v2\/comments?post=105341"}],"wp:featuredmedia":[{"embeddable":true,"href":"https:\/\/pdirect.ca\/en\/wp-json\/wp\/v2\/media\/105342"}],"wp:attachment":[{"href":"https:\/\/pdirect.ca\/en\/wp-json\/wp\/v2\/media?parent=105341"}],"wp:term":[{"taxonomy":"product_cat","embeddable":true,"href":"https:\/\/pdirect.ca\/en\/wp-json\/wp\/v2\/product_cat?post=105341"},{"taxonomy":"product_tag","embeddable":true,"href":"https:\/\/pdirect.ca\/en\/wp-json\/wp\/v2\/product_tag?post=105341"}],"curies":[{"name":"wp","href":"https:\/\/api.w.org\/{rel}","templated":true}]}}