{"id":105371,"date":"2023-03-30T19:43:39","date_gmt":"2023-03-30T19:43:39","guid":{"rendered":"https:\/\/pdirect.ca\/?post_type=product&#038;p=105371"},"modified":"2024-11-25T10:48:15","modified_gmt":"2024-11-25T15:48:15","slug":"alice-48-white-s","status":"publish","type":"product","link":"https:\/\/pdirect.ca\/en\/product\/alice-48-white-s\/","title":{"rendered":"Alice 48-White-S"},"content":{"rendered":"<div class=\"french\">\n<h4 class=\"product___heading\">Alice Vanit\u00e9 mural 48po, lavabo simple avec 2 tiroirs et 2 portes \u00e0 fermeture douce<\/h4>\n<\/div>\n<div class=\"french\">\n<div class=\"product__description w-richtext\">\n<p>Cette magnifique vanit\u00e9 incarne la vision d&rsquo;une salle de bain \u00e0 la fois, minimaliste, \u00e9pur\u00e9e et fonctionnelle. Parfait pour un grand espace, cette vanit\u00e9 poss\u00e8de un seul lavabo vous permettant de mettre tous vos articles essentiels et d\u00e9corations pr\u00e9f\u00e9r\u00e9es sur le comptoir. Ensuite, profitez du grand espace de rangement \u00e0 l&rsquo;int\u00e9rieur de l&rsquo;armoire pour arranger vos autres produits.<\/p>\n<\/div>\n<\/div>","protected":false},"excerpt":{"rendered":"<div class=\"french\">\n<h4 class=\"product___heading\">Alice Vanit\u00e9 mural 48po, lavabo simple avec 2 tiroirs et 2 portes \u00e0 fermeture douce<\/h4>\n<\/div>\n<div class=\"french\">\n<div class=\"product__description w-richtext\">\n<p>Cette magnifique vanit\u00e9 incarne la vision d&rsquo;une salle de bain \u00e0 la fois, minimaliste, \u00e9pur\u00e9e et fonctionnelle. Parfait pour un grand espace, cette vanit\u00e9 poss\u00e8de un seul lavabo vous permettant de mettre tous vos articles essentiels et d\u00e9corations pr\u00e9f\u00e9r\u00e9es sur le comptoir. Ensuite, profitez du grand espace de rangement \u00e0 l&rsquo;int\u00e9rieur de l&rsquo;armoire pour arranger vos autres produits.<\/p>\n<\/div>\n<\/div>","protected":false},"featured_media":105372,"comment_status":"closed","ping_status":"closed","template":"","meta":{"rank_math_lock_modified_date":false},"product_cat":[121],"product_tag":[],"class_list":{"0":"post-105371","1":"product","2":"type-product","3":"status-publish","4":"has-post-thumbnail","6":"product_cat-vanite","7":"product_shipping_class-palette","9":"first","10":"instock","11":"taxable","12":"shipping-taxable","13":"purchasable","14":"product-type-simple"},"_links":{"self":[{"href":"https:\/\/pdirect.ca\/en\/wp-json\/wp\/v2\/product\/105371"}],"collection":[{"href":"https:\/\/pdirect.ca\/en\/wp-json\/wp\/v2\/product"}],"about":[{"href":"https:\/\/pdirect.ca\/en\/wp-json\/wp\/v2\/types\/product"}],"replies":[{"embeddable":true,"href":"https:\/\/pdirect.ca\/en\/wp-json\/wp\/v2\/comments?post=105371"}],"wp:featuredmedia":[{"embeddable":true,"href":"https:\/\/pdirect.ca\/en\/wp-json\/wp\/v2\/media\/105372"}],"wp:attachment":[{"href":"https:\/\/pdirect.ca\/en\/wp-json\/wp\/v2\/media?parent=105371"}],"wp:term":[{"taxonomy":"product_cat","embeddable":true,"href":"https:\/\/pdirect.ca\/en\/wp-json\/wp\/v2\/product_cat?post=105371"},{"taxonomy":"product_tag","embeddable":true,"href":"https:\/\/pdirect.ca\/en\/wp-json\/wp\/v2\/product_tag?post=105371"}],"curies":[{"name":"wp","href":"https:\/\/api.w.org\/{rel}","templated":true}]}}