{"id":105389,"date":"2023-03-30T20:23:07","date_gmt":"2023-03-30T20:23:07","guid":{"rendered":"https:\/\/pdirect.ca\/?post_type=product&#038;p=105389"},"modified":"2024-11-25T10:48:15","modified_gmt":"2024-11-25T15:48:15","slug":"alice-55-do-d","status":"publish","type":"product","link":"https:\/\/pdirect.ca\/en\/product\/alice-55-do-d\/","title":{"rendered":"Alice 55-DO-D"},"content":{"rendered":"<div class=\"french\">\n<h4 class=\"product___heading\">Alice Vanit\u00e9 mural 55po, lavabo double avec des tiroirs \u00e0 fermeture douce<\/h4>\n<\/div>\n<div class=\"div-block-12\">\n<div class=\"french\">\n<div class=\"w-dyn-list\">\n<div class=\"w-dyn-items\" role=\"list\">\n<div class=\"breadcrumps__wrap is-bottom-margin-10 w-dyn-item\" role=\"listitem\"><\/div>\n<\/div>\n<\/div>\n<\/div>\n<\/div>\n<div class=\"french\">\n<div class=\"product__description w-richtext\">\n<p>Avec sa conception simple et minimaliste, cette vanit\u00e9 englobe parfaitement un style intemporel et un aspect de fonctionnalit\u00e9. Ses couleurs modernes resteront \u00e0 d\u00e9sirer pour toujours et ses tiroirs comportent une fermeture douce qui donnent amplement d\u2019espace pour ranger les produits essentiels d\u2019une salle de bain!<\/p>\n<\/div>\n<\/div>","protected":false},"excerpt":{"rendered":"<div class=\"french\">\n<h4 class=\"product___heading\">Alice Vanit\u00e9 mural 55po, lavabo double avec des tiroirs \u00e0 fermeture douce<\/h4>\n<\/div>\n<div class=\"div-block-12\">\n<div class=\"french\">\n<div class=\"w-dyn-list\">\n<div class=\"w-dyn-items\" role=\"list\">\n<div class=\"breadcrumps__wrap is-bottom-margin-10 w-dyn-item\" role=\"listitem\"><\/div>\n<\/div>\n<\/div>\n<\/div>\n<\/div>\n<div class=\"french\">\n<div class=\"product__description w-richtext\">\n<p>Avec sa conception simple et minimaliste, cette vanit\u00e9 englobe parfaitement un style intemporel et un aspect de fonctionnalit\u00e9. Ses couleurs modernes resteront \u00e0 d\u00e9sirer pour toujours et ses tiroirs comportent une fermeture douce qui donnent amplement d\u2019espace pour ranger les produits essentiels d\u2019une salle de bain!<\/p>\n<\/div>\n<\/div>","protected":false},"featured_media":105390,"comment_status":"closed","ping_status":"closed","template":"","meta":{"rank_math_lock_modified_date":false},"product_cat":[121],"product_tag":[],"class_list":{"0":"post-105389","1":"product","2":"type-product","3":"status-publish","4":"has-post-thumbnail","6":"product_cat-vanite","7":"product_shipping_class-palette","9":"first","10":"instock","11":"taxable","12":"shipping-taxable","13":"purchasable","14":"product-type-simple"},"_links":{"self":[{"href":"https:\/\/pdirect.ca\/en\/wp-json\/wp\/v2\/product\/105389"}],"collection":[{"href":"https:\/\/pdirect.ca\/en\/wp-json\/wp\/v2\/product"}],"about":[{"href":"https:\/\/pdirect.ca\/en\/wp-json\/wp\/v2\/types\/product"}],"replies":[{"embeddable":true,"href":"https:\/\/pdirect.ca\/en\/wp-json\/wp\/v2\/comments?post=105389"}],"wp:featuredmedia":[{"embeddable":true,"href":"https:\/\/pdirect.ca\/en\/wp-json\/wp\/v2\/media\/105390"}],"wp:attachment":[{"href":"https:\/\/pdirect.ca\/en\/wp-json\/wp\/v2\/media?parent=105389"}],"wp:term":[{"taxonomy":"product_cat","embeddable":true,"href":"https:\/\/pdirect.ca\/en\/wp-json\/wp\/v2\/product_cat?post=105389"},{"taxonomy":"product_tag","embeddable":true,"href":"https:\/\/pdirect.ca\/en\/wp-json\/wp\/v2\/product_tag?post=105389"}],"curies":[{"name":"wp","href":"https:\/\/api.w.org\/{rel}","templated":true}]}}