{"id":105395,"date":"2023-04-01T00:32:22","date_gmt":"2023-04-01T00:32:22","guid":{"rendered":"https:\/\/pdirect.ca\/?post_type=product&#038;p=105395"},"modified":"2024-11-25T10:48:14","modified_gmt":"2024-11-25T15:48:14","slug":"2318-gm-b","status":"publish","type":"product","link":"https:\/\/pdirect.ca\/en\/product\/2318-gm-b\/","title":{"rendered":"\u00c9vier De Cuisine 2318-GM-B"},"content":{"rendered":"<div class=\"french\">\n<h4 class=\"product___heading\">23po \u00e9vier de cuisine en acier inoxydable noir, 16 gauge avec grille<\/h4>\n<\/div>\n<div class=\"french\">\n<div class=\"product__description w-richtext\">\n<p>Fabriqu\u00e9s \u00e0 l\u2019aide de la nanotechnologie, ces magnifiques \u00e9viers noirs sont recouverts d\u2019une couche sans huile, cr\u00e9ant une nouvelle d\u00e9finition de l\u2019\u00e9l\u00e9gance et d\u2019une durabilit\u00e9 \u00e9lev\u00e9e pour votre cuisine.<\/p>\n<p>\u200d<\/p>\n<p>Charact\u00e9ristiques:<\/p>\n<ul role=\"list\">\n<li>Une couche nano anti-bact\u00e9rienne<\/li>\n<li>Anti-rouille et anti-corrosion<\/li>\n<li>R\u00e9sistant aux t\u00e2ches et aux empreintes<\/li>\n<li>Hydrofuge et ol\u00e9ofuge<\/li>\n<li>Entretien et nettoyage tr\u00e8s facile; essuyez simplement avec un chiffon humide<\/li>\n<li>La grille d&rsquo;\u00e9vier est incluse<\/li>\n<li>Robinet est vendu s\u00e9par\u00e9ment<\/li>\n<\/ul>\n<p>ENTRETIEN R\u00c9GULIER<\/p>\n<ul role=\"list\">\n<li>Utiliser simplement un chiffon microfibre doux avec de l&rsquo;eau ti\u00e8de pour nettoyer<\/li>\n<li>\u00c9VITER d&rsquo;utiliser des produits de nettoyage abrasifs et des d\u00e9tergents sur l&rsquo;\u00e9vier. Cela s&rsquo;applique \u00e9galement aux tous les produits qui ont un fini noir mat tels que les cr\u00e9pines\/ drains, robinetteries et douches!<\/li>\n<\/ul>\n<p>Le fait de ne pas nettoyer correctement vos produits entra\u00eenant un produit endommag\u00e9 n&rsquo;est PAS consid\u00e9r\u00e9 comme un d\u00e9faut de manufacturier au titre de la garantie du produit.<\/p>\n<p>&nbsp;<\/p>\n<\/div>\n<\/div>","protected":false},"excerpt":{"rendered":"<div class=\"french\">\n<h4 class=\"product___heading\">23po \u00e9vier de cuisine en acier inoxydable noir, 16 gauge avec grille<\/h4>\n<\/div>\n<div class=\"french\">\n<div class=\"product__description w-richtext\">\n<p>Fabriqu\u00e9s \u00e0 l\u2019aide de la nanotechnologie, ces magnifiques \u00e9viers noirs sont recouverts d\u2019une couche sans huile, cr\u00e9ant une nouvelle d\u00e9finition de l\u2019\u00e9l\u00e9gance et d\u2019une durabilit\u00e9 \u00e9lev\u00e9e pour votre cuisine.<\/p>\n<p>\u200d<\/p>\n<p>Charact\u00e9ristiques:<\/p>\n<ul role=\"list\">\n<li>Une couche nano anti-bact\u00e9rienne<\/li>\n<li>Anti-rouille et anti-corrosion<\/li>\n<li>R\u00e9sistant aux t\u00e2ches et aux empreintes<\/li>\n<li>Hydrofuge et ol\u00e9ofuge<\/li>\n<li>Entretien et nettoyage tr\u00e8s facile; essuyez simplement avec un chiffon humide<\/li>\n<li>La grille d&rsquo;\u00e9vier est incluse<\/li>\n<li>Robinet est vendu s\u00e9par\u00e9ment<\/li>\n<\/ul>\n<p>ENTRETIEN R\u00c9GULIER<\/p>\n<ul role=\"list\">\n<li>Utiliser simplement un chiffon microfibre doux avec de l&rsquo;eau ti\u00e8de pour nettoyer<\/li>\n<li>\u00c9VITER d&rsquo;utiliser des produits de nettoyage abrasifs et des d\u00e9tergents sur l&rsquo;\u00e9vier. Cela s&rsquo;applique \u00e9galement aux tous les produits qui ont un fini noir mat tels que les cr\u00e9pines\/ drains, robinetteries et douches!<\/li>\n<\/ul>\n<p>Le fait de ne pas nettoyer correctement vos produits entra\u00eenant un produit endommag\u00e9 n&rsquo;est PAS consid\u00e9r\u00e9 comme un d\u00e9faut de manufacturier au titre de la garantie du produit.<\/p>\n<\/div>\n<\/div>","protected":false},"featured_media":105396,"comment_status":"closed","ping_status":"closed","template":"","meta":{"rank_math_lock_modified_date":false},"product_cat":[105],"product_tag":[],"class_list":{"0":"post-105395","1":"product","2":"type-product","3":"status-publish","4":"has-post-thumbnail","6":"product_cat-evier-cuisine","7":"product_shipping_class-palette","9":"first","10":"instock","11":"taxable","12":"shipping-taxable","13":"purchasable","14":"product-type-simple"},"_links":{"self":[{"href":"https:\/\/pdirect.ca\/en\/wp-json\/wp\/v2\/product\/105395"}],"collection":[{"href":"https:\/\/pdirect.ca\/en\/wp-json\/wp\/v2\/product"}],"about":[{"href":"https:\/\/pdirect.ca\/en\/wp-json\/wp\/v2\/types\/product"}],"replies":[{"embeddable":true,"href":"https:\/\/pdirect.ca\/en\/wp-json\/wp\/v2\/comments?post=105395"}],"wp:featuredmedia":[{"embeddable":true,"href":"https:\/\/pdirect.ca\/en\/wp-json\/wp\/v2\/media\/105396"}],"wp:attachment":[{"href":"https:\/\/pdirect.ca\/en\/wp-json\/wp\/v2\/media?parent=105395"}],"wp:term":[{"taxonomy":"product_cat","embeddable":true,"href":"https:\/\/pdirect.ca\/en\/wp-json\/wp\/v2\/product_cat?post=105395"},{"taxonomy":"product_tag","embeddable":true,"href":"https:\/\/pdirect.ca\/en\/wp-json\/wp\/v2\/product_tag?post=105395"}],"curies":[{"name":"wp","href":"https:\/\/api.w.org\/{rel}","templated":true}]}}