{"id":105403,"date":"2023-04-01T00:46:28","date_gmt":"2023-04-01T00:46:28","guid":{"rendered":"https:\/\/pdirect.ca\/?post_type=product&#038;p=105403"},"modified":"2024-11-25T10:47:51","modified_gmt":"2024-11-25T15:47:51","slug":"r1618","status":"publish","type":"product","link":"https:\/\/pdirect.ca\/en\/product\/r1618\/","title":{"rendered":"\u00c9vier De Cuisine R1618"},"content":{"rendered":"<div class=\"french\">\n<h4 class=\"product___heading\">\u00c9vier de cuisine \u00e0 simple cuve en acier inoxydable, 16po<\/h4>\n<\/div>\n<div class=\"french\">\n<div class=\"product__description w-richtext\">\n<p>Cet \u00e9vier de cuisine simple cuve en acier inoxydable de 16po est un incontournable pour r\u00e9aliser une cuisine moderne et haut de gamme. Fabriqu\u00e9 avec de<strong>\u00a0l&rsquo;acier inoxydable 304\u00a0<\/strong>de<strong>\u00a018 calibres<\/strong>, il est sp\u00e9cialement con\u00e7u pour une durabilit\u00e9 \u00e9lev\u00e9e.<\/p>\n<ul role=\"list\">\n<li>Prot\u00e9g\u00e9 par une sous-couche d&rsquo;amortissement de bruits et des vibrations<\/li>\n<li>Des coins arrondis sont con\u00e7us pour un nettoyage facile<\/li>\n<li>9 pouces de profondeur pour ranger toutes types de pots et de casseroles sans vous sentir qu&rsquo;il manque d&rsquo;espaces!<\/li>\n<\/ul>\n<p>Ajoutez un ensemble de grilles (vendues s\u00e9par\u00e9ment) pour maximiser la protection de la surface de l&rsquo;\u00e9vier.<\/p>\n<\/div>\n<\/div>","protected":false},"excerpt":{"rendered":"<div class=\"french\">\n<h4 class=\"product___heading\">\u00c9vier de cuisine \u00e0 simple cuve en acier inoxydable, 16po<\/h4>\n<\/div>\n<div class=\"french\">\n<div class=\"product__description w-richtext\">\n<p>Cet \u00e9vier de cuisine simple cuve en acier inoxydable de 16po est un incontournable pour r\u00e9aliser une cuisine moderne et haut de gamme. Fabriqu\u00e9 avec de<strong>\u00a0l&rsquo;acier inoxydable 304\u00a0<\/strong>de<strong>\u00a018 calibres<\/strong>, il est sp\u00e9cialement con\u00e7u pour une durabilit\u00e9 \u00e9lev\u00e9e.<\/p>\n<ul role=\"list\">\n<li>Prot\u00e9g\u00e9 par une sous-couche d&rsquo;amortissement de bruits et des vibrations<\/li>\n<li>Des coins arrondis sont con\u00e7us pour un nettoyage facile<\/li>\n<li>9 pouces de profondeur pour ranger toutes types de pots et de casseroles sans vous sentir qu&rsquo;il manque d&rsquo;espaces!<\/li>\n<\/ul>\n<p>Ajoutez un ensemble de grilles (vendues s\u00e9par\u00e9ment) pour maximiser la protection de la surface de l&rsquo;\u00e9vier.<\/p>\n<\/div>\n<\/div>","protected":false},"featured_media":105404,"comment_status":"closed","ping_status":"closed","template":"","meta":{"rank_math_lock_modified_date":false},"product_cat":[105],"product_tag":[],"class_list":{"0":"post-105403","1":"product","2":"type-product","3":"status-publish","4":"has-post-thumbnail","6":"product_cat-evier-cuisine","7":"product_shipping_class-palette","9":"first","10":"instock","11":"taxable","12":"shipping-taxable","13":"purchasable","14":"product-type-simple"},"_links":{"self":[{"href":"https:\/\/pdirect.ca\/en\/wp-json\/wp\/v2\/product\/105403"}],"collection":[{"href":"https:\/\/pdirect.ca\/en\/wp-json\/wp\/v2\/product"}],"about":[{"href":"https:\/\/pdirect.ca\/en\/wp-json\/wp\/v2\/types\/product"}],"replies":[{"embeddable":true,"href":"https:\/\/pdirect.ca\/en\/wp-json\/wp\/v2\/comments?post=105403"}],"wp:featuredmedia":[{"embeddable":true,"href":"https:\/\/pdirect.ca\/en\/wp-json\/wp\/v2\/media\/105404"}],"wp:attachment":[{"href":"https:\/\/pdirect.ca\/en\/wp-json\/wp\/v2\/media?parent=105403"}],"wp:term":[{"taxonomy":"product_cat","embeddable":true,"href":"https:\/\/pdirect.ca\/en\/wp-json\/wp\/v2\/product_cat?post=105403"},{"taxonomy":"product_tag","embeddable":true,"href":"https:\/\/pdirect.ca\/en\/wp-json\/wp\/v2\/product_tag?post=105403"}],"curies":[{"name":"wp","href":"https:\/\/api.w.org\/{rel}","templated":true}]}}