{"id":105424,"date":"2023-04-01T01:39:59","date_gmt":"2023-04-01T01:39:59","guid":{"rendered":"https:\/\/pdirect.ca\/?post_type=product&#038;p=105424"},"modified":"2025-01-29T10:22:45","modified_gmt":"2025-01-29T15:22:45","slug":"3218ld-d","status":"publish","type":"product","link":"https:\/\/pdirect.ca\/en\/product\/3218ld-d\/","title":{"rendered":"\u00c9vier De Cuisine 3218LD-D"},"content":{"rendered":"<div class=\"french\">\n<h4 class=\"product___heading\">32po \u00c9vier de cuisine double cuve en acier inoxydable avec bordure relev\u00e9e<\/h4>\n<\/div>\n<div class=\"div-block-12\">\n<div class=\"french\">\n<div class=\"w-dyn-list\">\n<div class=\"w-dyn-items\" role=\"list\">\n<div class=\"breadcrumps__wrap is-bottom-margin-10 w-dyn-item\" role=\"listitem\"><\/div>\n<\/div>\n<\/div>\n<\/div>\n<\/div>\n<div class=\"french\">\n<div class=\"product__description w-richtext\">\n<p>Cet \u00e9vier de cuisine double cuve en acier inoxydable avec bordure relev\u00e9e 32x18po est un incontournable pour r\u00e9aliser une cuisine moderne et haut de gamme. Fabriqu\u00e9 avec de<strong>\u00a0l&rsquo;acier inoxydable 304\u00a0<\/strong>de<strong>\u00a016 calibres<\/strong>, il est sp\u00e9cialement con\u00e7u pour une durabilit\u00e9 \u00e9lev\u00e9e.<\/p>\n<ul role=\"list\">\n<li>Prot\u00e9g\u00e9 par une sous-couche d&rsquo;amortissement de bruits et des vibrations<\/li>\n<li>Des coins arrondis sont con\u00e7us pour un nettoyage facile<\/li>\n<li>9 pouces de profondeur pour ranger toutes types de pots et de casseroles sans vous sentir qu&rsquo;il manque d&rsquo;espaces!<\/li>\n<li>Accessoires inclus: 2x grilles pour maximiser la protection de la surface de l&rsquo;\u00e9vier, 1x \u00e9gouttoir enroullable<\/li>\n<\/ul>\n<\/div>\n<\/div>","protected":false},"excerpt":{"rendered":"<div class=\"french\">\n<h4 class=\"product___heading\">32po \u00c9vier de cuisine double cuve en acier inoxydable avec bordure relev\u00e9e<\/h4>\n<\/div>\n<div class=\"div-block-12\">\n<div class=\"french\">\n<div class=\"w-dyn-list\">\n<div class=\"w-dyn-items\" role=\"list\">\n<div class=\"breadcrumps__wrap is-bottom-margin-10 w-dyn-item\" role=\"listitem\"><\/div>\n<\/div>\n<\/div>\n<\/div>\n<\/div>\n<div class=\"french\">\n<div class=\"product__description w-richtext\">\n<p>Cet \u00e9vier de cuisine double cuve en acier inoxydable avec bordure relev\u00e9e 32x18po est un incontournable pour r\u00e9aliser une cuisine moderne et haut de gamme. Fabriqu\u00e9 avec de<strong>\u00a0l&rsquo;acier inoxydable 304\u00a0<\/strong>de<strong>\u00a016 calibres<\/strong>, il est sp\u00e9cialement con\u00e7u pour une durabilit\u00e9 \u00e9lev\u00e9e.<\/p>\n<ul role=\"list\">\n<li>Prot\u00e9g\u00e9 par une sous-couche d&rsquo;amortissement de bruits et des vibrations<\/li>\n<li>Des coins arrondis sont con\u00e7us pour un nettoyage facile<\/li>\n<li>9 pouces de profondeur pour ranger toutes types de pots et de casseroles sans vous sentir qu&rsquo;il manque d&rsquo;espaces!<\/li>\n<li>Accessoires inclus: 2x grilles pour maximiser la protection de la surface de l&rsquo;\u00e9vier, 1x \u00e9gouttoir enroullable<\/li>\n<\/ul>\n<\/div>\n<\/div>","protected":false},"featured_media":105425,"comment_status":"closed","ping_status":"closed","template":"","meta":{"rank_math_lock_modified_date":false},"product_cat":[105],"product_tag":[],"class_list":{"0":"post-105424","1":"product","2":"type-product","3":"status-publish","4":"has-post-thumbnail","6":"product_cat-evier-cuisine","7":"product_shipping_class-palette","9":"first","10":"instock","11":"taxable","12":"shipping-taxable","13":"purchasable","14":"product-type-simple"},"_links":{"self":[{"href":"https:\/\/pdirect.ca\/en\/wp-json\/wp\/v2\/product\/105424"}],"collection":[{"href":"https:\/\/pdirect.ca\/en\/wp-json\/wp\/v2\/product"}],"about":[{"href":"https:\/\/pdirect.ca\/en\/wp-json\/wp\/v2\/types\/product"}],"replies":[{"embeddable":true,"href":"https:\/\/pdirect.ca\/en\/wp-json\/wp\/v2\/comments?post=105424"}],"wp:featuredmedia":[{"embeddable":true,"href":"https:\/\/pdirect.ca\/en\/wp-json\/wp\/v2\/media\/105425"}],"wp:attachment":[{"href":"https:\/\/pdirect.ca\/en\/wp-json\/wp\/v2\/media?parent=105424"}],"wp:term":[{"taxonomy":"product_cat","embeddable":true,"href":"https:\/\/pdirect.ca\/en\/wp-json\/wp\/v2\/product_cat?post=105424"},{"taxonomy":"product_tag","embeddable":true,"href":"https:\/\/pdirect.ca\/en\/wp-json\/wp\/v2\/product_tag?post=105424"}],"curies":[{"name":"wp","href":"https:\/\/api.w.org\/{rel}","templated":true}]}}