{"id":105431,"date":"2023-04-01T01:50:34","date_gmt":"2023-04-01T01:50:34","guid":{"rendered":"https:\/\/pdirect.ca\/?post_type=product&#038;p=105431"},"modified":"2024-11-25T10:47:50","modified_gmt":"2024-11-25T15:47:50","slug":"dk3218-gb-50-50","status":"publish","type":"product","link":"https:\/\/pdirect.ca\/en\/product\/dk3218-gb-50-50\/","title":{"rendered":"\u00c9vier de Cuisine Noir DK3218-GB-50\/50"},"content":{"rendered":"<div class=\"french\">\n<h4 class=\"product___heading\">32&#215;18 \u00c9vier de cuisine double en granite composite ANTHRACITE noir 50\/50<\/h4>\n<\/div>\n<div class=\"french\">\n<div class=\"product__description w-richtext\">\n<p>Installez ce magnifique \u00e9vier de cuisine 32&#215;18 sous-plan\/ sur-plan pour un look \u00e9l\u00e9gant et moderne. R\u00e9sistant \u00e0 la chaleur et aux \u00e9gratignures, cet \u00e9vier est con\u00e7u pour \u00eatre tr\u00e8s durable et facile \u00e0 nettoyer gr\u00e2ce \u00e0 ses coins arrondis!<\/p>\n<p>Couleur: Noir mat avec des notes de minuscules \u00e9tincelles subtiles<\/p>\n<p>Ajoutez des accessoires compl\u00e9mentaires tels que des cr\u00e9pines noires ST-01-B, des grilles de fond chrom\u00e9es ou noires.<\/p>\n<\/div>\n<\/div>","protected":false},"excerpt":{"rendered":"<div class=\"french\">\n<h4 class=\"product___heading\">32&#215;18 \u00c9vier de cuisine double en granite composite ANTHRACITE noir 50\/50<\/h4>\n<\/div>\n<div class=\"french\">\n<div class=\"product__description w-richtext\">\n<p>Installez ce magnifique \u00e9vier de cuisine 32&#215;18 sous-plan\/ sur-plan pour un look \u00e9l\u00e9gant et moderne. R\u00e9sistant \u00e0 la chaleur et aux \u00e9gratignures, cet \u00e9vier est con\u00e7u pour \u00eatre tr\u00e8s durable et facile \u00e0 nettoyer gr\u00e2ce \u00e0 ses coins arrondis!<\/p>\n<p>Couleur: Noir mat avec des notes de minuscules \u00e9tincelles subtiles<\/p>\n<p>Ajoutez des accessoires compl\u00e9mentaires tels que des cr\u00e9pines noires ST-01-B, des grilles de fond chrom\u00e9es ou noires<\/p>\n<\/div>\n<\/div>","protected":false},"featured_media":105432,"comment_status":"closed","ping_status":"closed","template":"","meta":{"rank_math_lock_modified_date":false},"product_cat":[105],"product_tag":[],"class_list":{"0":"post-105431","1":"product","2":"type-product","3":"status-publish","4":"has-post-thumbnail","6":"product_cat-evier-cuisine","7":"product_shipping_class-palette","9":"first","10":"instock","11":"taxable","12":"shipping-taxable","13":"purchasable","14":"product-type-simple"},"_links":{"self":[{"href":"https:\/\/pdirect.ca\/en\/wp-json\/wp\/v2\/product\/105431"}],"collection":[{"href":"https:\/\/pdirect.ca\/en\/wp-json\/wp\/v2\/product"}],"about":[{"href":"https:\/\/pdirect.ca\/en\/wp-json\/wp\/v2\/types\/product"}],"replies":[{"embeddable":true,"href":"https:\/\/pdirect.ca\/en\/wp-json\/wp\/v2\/comments?post=105431"}],"wp:featuredmedia":[{"embeddable":true,"href":"https:\/\/pdirect.ca\/en\/wp-json\/wp\/v2\/media\/105432"}],"wp:attachment":[{"href":"https:\/\/pdirect.ca\/en\/wp-json\/wp\/v2\/media?parent=105431"}],"wp:term":[{"taxonomy":"product_cat","embeddable":true,"href":"https:\/\/pdirect.ca\/en\/wp-json\/wp\/v2\/product_cat?post=105431"},{"taxonomy":"product_tag","embeddable":true,"href":"https:\/\/pdirect.ca\/en\/wp-json\/wp\/v2\/product_tag?post=105431"}],"curies":[{"name":"wp","href":"https:\/\/api.w.org\/{rel}","templated":true}]}}