{"id":105492,"date":"2023-04-25T17:19:31","date_gmt":"2023-04-25T17:19:31","guid":{"rendered":"https:\/\/pdirect.ca\/?post_type=product&#038;p=105492"},"modified":"2024-11-25T10:47:31","modified_gmt":"2024-11-25T15:47:31","slug":"15598bqt-brg","status":"publish","type":"product","link":"https:\/\/pdirect.ca\/en\/product\/15598bqt-brg\/","title":{"rendered":"15598BQT-B+RG"},"content":{"rendered":"<div class=\"french\">\n<h4 class=\"product___heading\">Robinet de cuisine \u00e0 poign\u00e9e simple avec 2 becs<\/h4>\n<\/div>\n<div class=\"french\">\n<div class=\"product__description w-richtext\">\n<p>ENTRETIEN R\u00c9GULIER<\/p>\n<ul role=\"list\">\n<li>Utiliser simplement un chiffon microfibre doux avec de l&rsquo;eau ti\u00e8de pour nettoyer<\/li>\n<li>\u00c9VITER d&rsquo;utiliser des produits de nettoyage abrasifs et des d\u00e9tergents sur le produit. Cela s&rsquo;applique \u00e9galement aux tous les produits qui ont un fini noir mat tels que les cr\u00e9pines\/ drains, robinetteries et douches!<\/li>\n<li>NOIR ET OR ROSE<\/li>\n<\/ul>\n<\/div>\n<\/div>","protected":false},"excerpt":{"rendered":"<div class=\"french\">\n<h4 class=\"product___heading\">Robinet de cuisine \u00e0 poign\u00e9e simple avec 2 becs<\/h4>\n<\/div>\n<div class=\"french\">\n<div class=\"product__description w-richtext\">\n<p>ENTRETIEN R\u00c9GULIER<\/p>\n<ul role=\"list\">\n<li>Utiliser simplement un chiffon microfibre doux avec de l&rsquo;eau ti\u00e8de pour nettoyer<\/li>\n<li>\u00c9VITER d&rsquo;utiliser des produits de nettoyage abrasifs et des d\u00e9tergents sur le produit. Cela s&rsquo;applique \u00e9galement aux tous les produits qui ont un fini noir mat tels que les cr\u00e9pines\/ drains, robinetteries et douches!<\/li>\n<li>NOIR ET OR ROSE<\/li>\n<\/ul>\n<\/div>\n<\/div>","protected":false},"featured_media":105493,"comment_status":"closed","ping_status":"closed","template":"","meta":{"rank_math_lock_modified_date":false},"product_cat":[106],"product_tag":[],"class_list":{"0":"post-105492","1":"product","2":"type-product","3":"status-publish","4":"has-post-thumbnail","6":"product_cat-robinet-cuisine","7":"product_shipping_class-palette","9":"first","10":"instock","11":"taxable","12":"shipping-taxable","13":"purchasable","14":"product-type-simple"},"_links":{"self":[{"href":"https:\/\/pdirect.ca\/en\/wp-json\/wp\/v2\/product\/105492"}],"collection":[{"href":"https:\/\/pdirect.ca\/en\/wp-json\/wp\/v2\/product"}],"about":[{"href":"https:\/\/pdirect.ca\/en\/wp-json\/wp\/v2\/types\/product"}],"replies":[{"embeddable":true,"href":"https:\/\/pdirect.ca\/en\/wp-json\/wp\/v2\/comments?post=105492"}],"wp:featuredmedia":[{"embeddable":true,"href":"https:\/\/pdirect.ca\/en\/wp-json\/wp\/v2\/media\/105493"}],"wp:attachment":[{"href":"https:\/\/pdirect.ca\/en\/wp-json\/wp\/v2\/media?parent=105492"}],"wp:term":[{"taxonomy":"product_cat","embeddable":true,"href":"https:\/\/pdirect.ca\/en\/wp-json\/wp\/v2\/product_cat?post=105492"},{"taxonomy":"product_tag","embeddable":true,"href":"https:\/\/pdirect.ca\/en\/wp-json\/wp\/v2\/product_tag?post=105492"}],"curies":[{"name":"wp","href":"https:\/\/api.w.org\/{rel}","templated":true}]}}