{"id":105496,"date":"2023-04-25T17:47:33","date_gmt":"2023-04-25T17:47:33","guid":{"rendered":"https:\/\/pdirect.ca\/?post_type=product&#038;p=105496"},"modified":"2025-01-29T10:12:30","modified_gmt":"2025-01-29T15:12:30","slug":"3308q-mb","status":"publish","type":"product","link":"https:\/\/pdirect.ca\/en\/product\/3308q-mb\/","title":{"rendered":"3308Q-MB"},"content":{"rendered":"<div class=\"french\">\n<h4 class=\"product___heading\">Robinet de cuisine noir mat avec bec r\u00e9tractable<\/h4>\n<\/div>\n<div class=\"french\">\n<div class=\"product__description w-richtext\">\n<p>ENTRETIEN R\u00c9GULIER POUR LA PLOMBERIE NOIRE M\u00c2T<\/p>\n<ul role=\"list\">\n<li>Utiliser simplement un chiffon microfibre doux avec de l&rsquo;eau ti\u00e8de pour nettoyer<\/li>\n<li>\u00c9VITER d&rsquo;utiliser des produits de nettoyage abrasifs incluant des produits naturels acidiques sur le produit tels que le vinaigre, les d\u00e9tergents et les citrons, etc. Cela s&rsquo;applique \u00e9galement sur tous les produits qui ont un fini noir mat tels que les cr\u00e9pines\/ drains, robinetteries et douches!<\/li>\n<\/ul>\n<\/div>\n<\/div>","protected":false},"excerpt":{"rendered":"<div class=\"french\">\n<h4 class=\"product___heading\">Robinet de cuisine noir mat avec bec r\u00e9tractable<\/h4>\n<\/div>\n<div class=\"french\">\n<div class=\"product__description w-richtext\">\n<p>ENTRETIEN R\u00c9GULIER POUR LA PLOMBERIE NOIRE M\u00c2T<\/p>\n<ul role=\"list\">\n<li>Utiliser simplement un chiffon microfibre doux avec de l&rsquo;eau ti\u00e8de pour nettoyer<\/li>\n<li>\u00c9VITER d&rsquo;utiliser des produits de nettoyage abrasifs incluant des produits naturels acidiques sur le produit tels que le vinaigre, les d\u00e9tergents et les citrons, etc. Cela s&rsquo;applique \u00e9galement sur tous les produits qui ont un fini noir mat tels que les cr\u00e9pines\/ drains, robinetteries et douches!<\/li>\n<\/ul>\n<\/div>\n<\/div>","protected":false},"featured_media":105497,"comment_status":"closed","ping_status":"closed","template":"","meta":{"rank_math_lock_modified_date":false},"product_cat":[106],"product_tag":[],"class_list":{"0":"post-105496","1":"product","2":"type-product","3":"status-publish","4":"has-post-thumbnail","6":"product_cat-robinet-cuisine","7":"product_shipping_class-palette","9":"first","10":"instock","11":"taxable","12":"shipping-taxable","13":"purchasable","14":"product-type-simple"},"_links":{"self":[{"href":"https:\/\/pdirect.ca\/en\/wp-json\/wp\/v2\/product\/105496"}],"collection":[{"href":"https:\/\/pdirect.ca\/en\/wp-json\/wp\/v2\/product"}],"about":[{"href":"https:\/\/pdirect.ca\/en\/wp-json\/wp\/v2\/types\/product"}],"replies":[{"embeddable":true,"href":"https:\/\/pdirect.ca\/en\/wp-json\/wp\/v2\/comments?post=105496"}],"wp:featuredmedia":[{"embeddable":true,"href":"https:\/\/pdirect.ca\/en\/wp-json\/wp\/v2\/media\/105497"}],"wp:attachment":[{"href":"https:\/\/pdirect.ca\/en\/wp-json\/wp\/v2\/media?parent=105496"}],"wp:term":[{"taxonomy":"product_cat","embeddable":true,"href":"https:\/\/pdirect.ca\/en\/wp-json\/wp\/v2\/product_cat?post=105496"},{"taxonomy":"product_tag","embeddable":true,"href":"https:\/\/pdirect.ca\/en\/wp-json\/wp\/v2\/product_tag?post=105496"}],"curies":[{"name":"wp","href":"https:\/\/api.w.org\/{rel}","templated":true}]}}