{"id":105510,"date":"2023-04-25T18:04:51","date_gmt":"2023-04-25T18:04:51","guid":{"rendered":"https:\/\/pdirect.ca\/?post_type=product&#038;p=105510"},"modified":"2025-01-29T10:15:25","modified_gmt":"2025-01-29T15:15:25","slug":"6802-02","status":"publish","type":"product","link":"https:\/\/pdirect.ca\/en\/product\/6802-02\/","title":{"rendered":"Robinet de Cuisine 6802-02"},"content":{"rendered":"<h4 class=\"product___heading\">Robinet de cuisine \u00e0 poign\u00e9 simple avec bec \u00e0 ressort<\/h4>","protected":false},"excerpt":{"rendered":"<h4 class=\"product___heading\">Robinet de cuisine \u00e0 poign\u00e9 simple avec bec \u00e0 ressort<\/h4>","protected":false},"featured_media":105511,"comment_status":"closed","ping_status":"closed","template":"","meta":{"rank_math_lock_modified_date":false},"product_cat":[106],"product_tag":[],"class_list":{"0":"post-105510","1":"product","2":"type-product","3":"status-publish","4":"has-post-thumbnail","6":"product_cat-robinet-cuisine","7":"product_shipping_class-palette","9":"first","10":"instock","11":"taxable","12":"shipping-taxable","13":"purchasable","14":"product-type-simple"},"_links":{"self":[{"href":"https:\/\/pdirect.ca\/en\/wp-json\/wp\/v2\/product\/105510"}],"collection":[{"href":"https:\/\/pdirect.ca\/en\/wp-json\/wp\/v2\/product"}],"about":[{"href":"https:\/\/pdirect.ca\/en\/wp-json\/wp\/v2\/types\/product"}],"replies":[{"embeddable":true,"href":"https:\/\/pdirect.ca\/en\/wp-json\/wp\/v2\/comments?post=105510"}],"wp:featuredmedia":[{"embeddable":true,"href":"https:\/\/pdirect.ca\/en\/wp-json\/wp\/v2\/media\/105511"}],"wp:attachment":[{"href":"https:\/\/pdirect.ca\/en\/wp-json\/wp\/v2\/media?parent=105510"}],"wp:term":[{"taxonomy":"product_cat","embeddable":true,"href":"https:\/\/pdirect.ca\/en\/wp-json\/wp\/v2\/product_cat?post=105510"},{"taxonomy":"product_tag","embeddable":true,"href":"https:\/\/pdirect.ca\/en\/wp-json\/wp\/v2\/product_tag?post=105510"}],"curies":[{"name":"wp","href":"https:\/\/api.w.org\/{rel}","templated":true}]}}