{"id":105654,"date":"2023-05-17T18:47:32","date_gmt":"2023-05-17T18:47:32","guid":{"rendered":"https:\/\/pdirect.ca\/?post_type=product&#038;p=105654"},"modified":"2024-11-25T10:47:31","modified_gmt":"2024-11-25T15:47:31","slug":"studio-12-5435290-2-44pi","status":"publish","type":"product","link":"https:\/\/pdirect.ca\/en\/product\/studio-12-5435290-2-44pi\/","title":{"rendered":"Studio 12 5435290 (2.44pi2)"},"content":{"rendered":"<p><strong>Dimensions :<\/strong><br \/>\n\u00c9paisseur : 12 mm (1\/2\u2033)<br \/>\nLargeur : 123 mm (5\u2033)<br \/>\nLongueur : 1285 mm (50 9\/16\u2033)<\/p>\n<p>Couvre : 13,61 pi\u00b2 \/ boite<br \/>\nV-joint 4 c\u00f4t\u00e9s<br \/>\nGrade : r\u00e9sidentiel \u00e9lev\u00e9 &amp; commercial moyen AC3<br \/>\nInstallation\u00a0:\u00a01clic 2go pure<br \/>\nGarantie : r\u00e9sidentielle 25 ans \/ commerciale 3 ans<\/p>","protected":false},"excerpt":{"rendered":"<p><strong>Dimensions :<\/strong><br \/>\n\u00c9paisseur : 12 mm (1\/2\u2033)<br \/>\nLargeur : 123 mm (5\u2033)<br \/>\nLongueur : 1285 mm (50 9\/16\u2033)<\/p>\n<p>Couvre : 13,61 pi\u00b2 \/ boite<br \/>\nV-joint 4 c\u00f4t\u00e9s<br \/>\nGrade : r\u00e9sidentiel \u00e9lev\u00e9 &amp; commercial moyen AC3<br \/>\nInstallation\u00a0:\u00a01clic 2go pure<br \/>\nGarantie : r\u00e9sidentielle 25 ans \/ commerciale 3 ans<\/p>","protected":false},"featured_media":105657,"comment_status":"closed","ping_status":"closed","template":"","meta":{"rank_math_lock_modified_date":false},"product_cat":[15],"product_tag":[],"class_list":{"0":"post-105654","1":"product","2":"type-product","3":"status-publish","4":"has-post-thumbnail","6":"product_cat-uncategorized","7":"product_shipping_class-palette","9":"first","10":"instock","11":"taxable","12":"shipping-taxable","13":"purchasable","14":"product-type-simple"},"_links":{"self":[{"href":"https:\/\/pdirect.ca\/en\/wp-json\/wp\/v2\/product\/105654"}],"collection":[{"href":"https:\/\/pdirect.ca\/en\/wp-json\/wp\/v2\/product"}],"about":[{"href":"https:\/\/pdirect.ca\/en\/wp-json\/wp\/v2\/types\/product"}],"replies":[{"embeddable":true,"href":"https:\/\/pdirect.ca\/en\/wp-json\/wp\/v2\/comments?post=105654"}],"wp:featuredmedia":[{"embeddable":true,"href":"https:\/\/pdirect.ca\/en\/wp-json\/wp\/v2\/media\/105657"}],"wp:attachment":[{"href":"https:\/\/pdirect.ca\/en\/wp-json\/wp\/v2\/media?parent=105654"}],"wp:term":[{"taxonomy":"product_cat","embeddable":true,"href":"https:\/\/pdirect.ca\/en\/wp-json\/wp\/v2\/product_cat?post=105654"},{"taxonomy":"product_tag","embeddable":true,"href":"https:\/\/pdirect.ca\/en\/wp-json\/wp\/v2\/product_tag?post=105654"}],"curies":[{"name":"wp","href":"https:\/\/api.w.org\/{rel}","templated":true}]}}