{"id":106034,"date":"2023-06-08T11:49:00","date_gmt":"2023-06-08T15:49:00","guid":{"rendered":"https:\/\/pdirect.ca\/?post_type=product&#038;p=106034"},"modified":"2025-03-07T08:52:16","modified_gmt":"2025-03-07T13:52:16","slug":"authentic-ocean-australe-54310821-2-79pi2","status":"publish","type":"product","link":"https:\/\/pdirect.ca\/en\/product\/authentic-ocean-australe-54310821-2-79pi2\/","title":{"rendered":"Authentic  ocean  australe 54310821"},"content":{"rendered":"<p><strong>Dimensions :<\/strong><br \/>\n\u00c9paisseur : 10 mm (3\/8\u2033)<br \/>\nLargeur : 191 mm (7 1\/2\u2033)<br \/>\nLongueur : 1380 mm (54 5\/16\u2033)<\/p>\n<p>Couvre : 17,02 pi\u00b2 \/ boite<br \/>\nIncluant membrane de 2 mm<br \/>\nGrade : r\u00e9sidentiel \u00e9lev\u00e9 &amp; commercial moyen AC5<br \/>\nInstallation\u00a0:\u00a0Unilin<br \/>\nGarantie : r\u00e9sidentielle 35 ans \/ commerciale 7 ans<\/p>","protected":false},"excerpt":{"rendered":"<p><strong>Dimensions :<\/strong><br \/>\n\u00c9paisseur : 10 mm (3\/8\u2033)<br \/>\nLargeur : 191 mm (7 1\/2\u2033)<br \/>\nLongueur : 1380 mm (54 5\/16\u2033)<\/p>\n<p>Couvre : 17,02 pi\u00b2 \/ boite<br \/>\nIncluant membrane de 2 mm<br \/>\nGrade : r\u00e9sidentiel \u00e9lev\u00e9 &amp; commercial moyen AC5<br \/>\nInstallation\u00a0:\u00a0Unilin<br \/>\nGarantie : r\u00e9sidentielle 35 ans \/ commerciale 7 ans<\/p>","protected":false},"featured_media":106035,"comment_status":"closed","ping_status":"closed","template":"","meta":{"rank_math_lock_modified_date":false},"product_cat":[143],"product_tag":[],"class_list":{"0":"post-106034","1":"product","2":"type-product","3":"status-publish","4":"has-post-thumbnail","6":"product_cat-plancher-flottant-10-mm","7":"product_shipping_class-palette","9":"first","10":"instock","11":"taxable","12":"shipping-taxable","13":"purchasable","14":"product-type-simple"},"_links":{"self":[{"href":"https:\/\/pdirect.ca\/en\/wp-json\/wp\/v2\/product\/106034"}],"collection":[{"href":"https:\/\/pdirect.ca\/en\/wp-json\/wp\/v2\/product"}],"about":[{"href":"https:\/\/pdirect.ca\/en\/wp-json\/wp\/v2\/types\/product"}],"replies":[{"embeddable":true,"href":"https:\/\/pdirect.ca\/en\/wp-json\/wp\/v2\/comments?post=106034"}],"wp:featuredmedia":[{"embeddable":true,"href":"https:\/\/pdirect.ca\/en\/wp-json\/wp\/v2\/media\/106035"}],"wp:attachment":[{"href":"https:\/\/pdirect.ca\/en\/wp-json\/wp\/v2\/media?parent=106034"}],"wp:term":[{"taxonomy":"product_cat","embeddable":true,"href":"https:\/\/pdirect.ca\/en\/wp-json\/wp\/v2\/product_cat?post=106034"},{"taxonomy":"product_tag","embeddable":true,"href":"https:\/\/pdirect.ca\/en\/wp-json\/wp\/v2\/product_tag?post=106034"}],"curies":[{"name":"wp","href":"https:\/\/api.w.org\/{rel}","templated":true}]}}