{"id":107187,"date":"2023-09-14T14:14:31","date_gmt":"2023-09-14T14:14:31","guid":{"rendered":"https:\/\/pdirect.ca\/?post_type=product&#038;p=107187"},"modified":"2024-11-28T10:31:36","modified_gmt":"2024-11-28T15:31:36","slug":"bois-franc-dingenierie-zenith-chene-5700rs-5-65pi2","status":"publish","type":"product","link":"https:\/\/pdirect.ca\/en\/product\/bois-franc-dingenierie-zenith-chene-5700rs-5-65pi2\/","title":{"rendered":"PowerDekor KRS Bois franc d\u2019ing\u00e9nierie Z\u00e9nith Ch\u00eane 5700"},"content":{"rendered":"<table class=\"avia-table avia-data-table avia_pricing_default\">\n<tbody>\n<tr class=\"\">\n<td class=\"\"><strong>Code produit :<\/strong>\u00a05700RS<\/td>\n<td class=\"\"><strong>Nom du produit:<\/strong>\u00a0Z\u00e9nith<\/td>\n<\/tr>\n<tr class=\"\">\n<td class=\"\"><strong>Essence<\/strong>: Ch\u00eane<\/td>\n<td class=\"\"><strong>Collection:<\/strong>\u00a0Endura\u2122 s\u00e9rie KRS<\/td>\n<\/tr>\n<tr class=\"\">\n<td class=\"\"><strong>Construction:<\/strong>\u00a0Bois franc d\u2019ing\u00e9nierie<\/td>\n<td class=\"\"><strong>Placage :<\/strong>\u00a0Bois franc de qualit\u00e9 sup\u00e9rieure v\u00e9ritable de 1,2 mm<\/td>\n<\/tr>\n<tr class=\"\">\n<td class=\"\"><strong>\u00c9tat de surface :<\/strong>\u00a0Bross\u00e9<\/td>\n<td class=\"\"><strong>Couche d\u2019usure:<\/strong>\u00a02 x rev\u00eatement anti-rayures DiamondGard\u2122<\/td>\n<\/tr>\n<tr class=\"\">\n<td class=\"\"><strong>Noyau :<\/strong>\u00a04,8 mm SPC (Stone Poly Composite)<\/td>\n<td class=\"\"><strong>Profil:<\/strong>\u00a0Flottant (clic)<\/td>\n<\/tr>\n<tr class=\"\">\n<td class=\"\"><strong>Grade:<\/strong>\u00a0ABC<\/td>\n<td class=\"\"><strong>Biseau:<\/strong>\u00a0Biseau \u00e0 quatre c\u00f4t\u00e9s<\/td>\n<\/tr>\n<tr class=\"\">\n<td class=\"\"><strong>Sous-couche:<\/strong>\u00a0Tampon antimicrobien IXPE de 1 mm<\/td>\n<td class=\"\"><strong>Garantie:<\/strong>\u00a0R\u00e9sidentiel \u00e0 vie + 5 ans Commercial l\u00e9ger<\/td>\n<\/tr>\n<\/tbody>\n<\/table>\n<p>boite de 21.80 pc<\/p>","protected":false},"excerpt":{"rendered":"<table class=\"avia-table avia-data-table avia_pricing_default\">\n<tbody>\n<tr class=\"\">\n<td class=\"\"><strong>Code produit :<\/strong>\u00a05700RS<\/td>\n<td class=\"\"><strong>Nom du produit:<\/strong>\u00a0Z\u00e9nith<\/td>\n<\/tr>\n<tr class=\"\">\n<td class=\"\"><strong>Essence<\/strong>: Ch\u00eane<\/td>\n<td class=\"\"><strong>Collection:<\/strong>\u00a0Endura\u2122 s\u00e9rie KRS<\/td>\n<\/tr>\n<tr class=\"\">\n<td class=\"\"><strong>Construction:<\/strong>\u00a0Bois franc d\u2019ing\u00e9nierie<\/td>\n<td class=\"\"><strong>Placage :<\/strong>\u00a0Bois franc de qualit\u00e9 sup\u00e9rieure v\u00e9ritable de 1,2 mm<\/td>\n<\/tr>\n<tr class=\"\">\n<td class=\"\"><strong>\u00c9tat de surface :<\/strong>\u00a0Bross\u00e9<\/td>\n<td class=\"\"><strong>Couche d\u2019usure:<\/strong>\u00a02 x rev\u00eatement anti-rayures DiamondGard\u2122<\/td>\n<\/tr>\n<tr class=\"\">\n<td class=\"\"><strong>Noyau :<\/strong>\u00a04,8 mm SPC (Stone Poly Composite)<\/td>\n<td class=\"\"><strong>Profil:<\/strong>\u00a0Flottant (clic)<\/td>\n<\/tr>\n<tr class=\"\">\n<td class=\"\"><strong>Grade:<\/strong>\u00a0ABC<\/td>\n<td class=\"\"><strong>Biseau:<\/strong>\u00a0Biseau \u00e0 quatre c\u00f4t\u00e9s<\/td>\n<\/tr>\n<tr class=\"\">\n<td class=\"\"><strong>Sous-couche:<\/strong>\u00a0Tampon antimicrobien IXPE de 1 mm<\/td>\n<td class=\"\"><strong>Garantie:<\/strong>\u00a0R\u00e9sidentiel \u00e0 vie + 5 ans Commercial l\u00e9ger<\/td>\n<\/tr>\n<\/tbody>\n<\/table>\n<p>boite de 21.80 pc<\/p>","protected":false},"featured_media":107188,"comment_status":"closed","ping_status":"closed","template":"","meta":{"rank_math_lock_modified_date":false},"product_cat":[122],"product_tag":[],"class_list":{"0":"post-107187","1":"product","2":"type-product","3":"status-publish","4":"has-post-thumbnail","6":"product_cat-boisdingenierie","7":"product_shipping_class-palette","9":"first","10":"instock","11":"taxable","12":"shipping-taxable","13":"purchasable","14":"product-type-simple"},"_links":{"self":[{"href":"https:\/\/pdirect.ca\/en\/wp-json\/wp\/v2\/product\/107187"}],"collection":[{"href":"https:\/\/pdirect.ca\/en\/wp-json\/wp\/v2\/product"}],"about":[{"href":"https:\/\/pdirect.ca\/en\/wp-json\/wp\/v2\/types\/product"}],"replies":[{"embeddable":true,"href":"https:\/\/pdirect.ca\/en\/wp-json\/wp\/v2\/comments?post=107187"}],"wp:featuredmedia":[{"embeddable":true,"href":"https:\/\/pdirect.ca\/en\/wp-json\/wp\/v2\/media\/107188"}],"wp:attachment":[{"href":"https:\/\/pdirect.ca\/en\/wp-json\/wp\/v2\/media?parent=107187"}],"wp:term":[{"taxonomy":"product_cat","embeddable":true,"href":"https:\/\/pdirect.ca\/en\/wp-json\/wp\/v2\/product_cat?post=107187"},{"taxonomy":"product_tag","embeddable":true,"href":"https:\/\/pdirect.ca\/en\/wp-json\/wp\/v2\/product_tag?post=107187"}],"curies":[{"name":"wp","href":"https:\/\/api.w.org\/{rel}","templated":true}]}}