{"id":107220,"date":"2023-09-14T17:09:38","date_gmt":"2023-09-14T17:09:38","guid":{"rendered":"https:\/\/pdirect.ca\/?post_type=product&#038;p=107220"},"modified":"2024-11-28T10:25:46","modified_gmt":"2024-11-28T15:25:46","slug":"bois-franc-dingenierie-studio-7056-5-99pi2","status":"publish","type":"product","link":"https:\/\/pdirect.ca\/en\/product\/bois-franc-dingenierie-studio-7056-5-99pi2\/","title":{"rendered":"PowerDekor Bois franc d\u2019ing\u00e9nierie Studio 7056"},"content":{"rendered":"<h5>D\u00e9tails du rev\u00eatement de sol<\/h5>\n<div class=\"avia-data-table-wrap av-av_table-2688e9a2447492468ddec62d22c68b84 avia_responsive_table avia-table-3\">\n<table class=\"avia-table avia-data-table avia_pricing_default\">\n<tbody>\n<tr class=\"\">\n<td class=\"\"><strong>Code produit :<\/strong>\u00a07056<\/td>\n<td class=\"\"><strong>Esp\u00e8ce:<\/strong>\u00a0Bouleau<\/td>\n<\/tr>\n<tr class=\"\">\n<td class=\"\"><strong>Collection:<\/strong>\u00a0Studio<\/td>\n<td class=\"\"><strong>Qualit\u00e9 du bois:<\/strong>\u00a0Naturel<\/td>\n<\/tr>\n<tr class=\"\">\n<td class=\"\"><strong>Type de rev\u00eatement de sol:<\/strong>\u00a0Bois franc d\u2019ing\u00e9nierie<\/td>\n<td class=\"\"><strong>Finir:<\/strong>\u00a0UV ultra r\u00e9sistant<\/td>\n<\/tr>\n<\/tbody>\n<\/table>\n<p>BOITE DE 17.05 PIED CARR\u00c9<\/p>\n<\/div>","protected":false},"excerpt":{"rendered":"<h5>D\u00e9tails du rev\u00eatement de sol<\/h5>\n<div class=\"avia-data-table-wrap av-av_table-2688e9a2447492468ddec62d22c68b84 avia_responsive_table avia-table-3\">\n<table class=\"avia-table avia-data-table avia_pricing_default\">\n<tbody>\n<tr class=\"\">\n<td class=\"\"><strong>Code produit :<\/strong>\u00a07056<\/td>\n<td class=\"\"><strong>Esp\u00e8ce:<\/strong>\u00a0Bouleau<\/td>\n<\/tr>\n<tr class=\"\">\n<td class=\"\"><strong>Collection:<\/strong>\u00a0Studio<\/td>\n<td class=\"\"><strong>Qualit\u00e9 du bois:<\/strong>\u00a0Naturel<\/td>\n<\/tr>\n<tr class=\"\">\n<td class=\"\"><strong>Type de rev\u00eatement de sol:<\/strong>\u00a0Bois franc d\u2019ing\u00e9nierie<\/td>\n<td class=\"\"><strong>Finir:<\/strong>\u00a0UV ultra r\u00e9sistant<\/td>\n<\/tr>\n<\/tbody>\n<\/table>\n<p>BOITE DE 17.05 PIED CARR\u00c9<\/p>\n<\/div>","protected":false},"featured_media":107221,"comment_status":"closed","ping_status":"closed","template":"","meta":{"rank_math_lock_modified_date":false},"product_cat":[122],"product_tag":[],"class_list":{"0":"post-107220","1":"product","2":"type-product","3":"status-publish","4":"has-post-thumbnail","6":"product_cat-boisdingenierie","7":"product_shipping_class-palette","9":"first","10":"instock","11":"taxable","12":"shipping-taxable","13":"purchasable","14":"product-type-simple"},"_links":{"self":[{"href":"https:\/\/pdirect.ca\/en\/wp-json\/wp\/v2\/product\/107220"}],"collection":[{"href":"https:\/\/pdirect.ca\/en\/wp-json\/wp\/v2\/product"}],"about":[{"href":"https:\/\/pdirect.ca\/en\/wp-json\/wp\/v2\/types\/product"}],"replies":[{"embeddable":true,"href":"https:\/\/pdirect.ca\/en\/wp-json\/wp\/v2\/comments?post=107220"}],"wp:featuredmedia":[{"embeddable":true,"href":"https:\/\/pdirect.ca\/en\/wp-json\/wp\/v2\/media\/107221"}],"wp:attachment":[{"href":"https:\/\/pdirect.ca\/en\/wp-json\/wp\/v2\/media?parent=107220"}],"wp:term":[{"taxonomy":"product_cat","embeddable":true,"href":"https:\/\/pdirect.ca\/en\/wp-json\/wp\/v2\/product_cat?post=107220"},{"taxonomy":"product_tag","embeddable":true,"href":"https:\/\/pdirect.ca\/en\/wp-json\/wp\/v2\/product_tag?post=107220"}],"curies":[{"name":"wp","href":"https:\/\/api.w.org\/{rel}","templated":true}]}}